{"id":14464,"date":"2024-11-21T10:25:04","date_gmt":"2024-11-21T10:25:04","guid":{"rendered":"https:\/\/www.biopap.com\/produktlinien\/biopap-genius-meal-tray\/"},"modified":"2025-01-10T16:54:02","modified_gmt":"2025-01-10T16:54:02","slug":"biopap-genius-meal-tray","status":"publish","type":"page","link":"https:\/\/www.biopap.com\/de\/produktlinien\/biopap-genius-meal-tray\/","title":{"rendered":"BIOPAP GENIUS Meal Tray\u00ae"},"content":{"rendered":"<p><strong>BIOPAP Genius Meal Tray\u00ae, das revolution\u00e4re, hocheffiziente, kompostierbare und vollst\u00e4ndig kreisf\u00f6rmige Mahlzeitentablett-System.<\/strong><\/p>\n<p>Unsere neueste Innovation, BIOPAP Genius Meal Tray\u00ae, ist ein revolution\u00e4res, hocheffizientes, kompostierbares und vollst\u00e4ndig Tablett-System.<\/p>\n<p>Wir haben das BIOPAP Genius Meal Tray\u00ae entwickelt und patentiert, um das Verpflegungssystem in Pflegeheimen und Krankenh\u00e4usern einfacher und bequemer zu gestalten. Die Anwendungen k\u00f6nnen von sp\u00e4ten\/fr\u00fchen Mahlzeiten in Hotels bis hin zu Co-Working Spaces, sowie Reisecatering und Eventcatering reichen.<\/p>\n<p>Das erste Ziel bestand darin, die traditionelle, schwere, Tablett zu ersetzen, das starre Tablett, das nach dem Service wieder aufgehoben und gewaschen werden muss. Wir haben eine selbsttragende Struktur entwickelt, bei der die Essensbeh\u00e4lter mit einem einzigen oberen Tr\u00e4ger zusammenarbeiten, der sowohl als Deckel als auch als Verbindungselement dient. Diese beiden Elemente, Lebensmittelbeh\u00e4lter und oberer Tr\u00e4ger, werden durch Hei\u00dfsiegelung miteinander verbunden, wodurch eine leichte, aber starre Struktur entsteht, die das klassische Tablett \u00fcberfl\u00fcssig macht.<\/p>\n<p>Das zweite Ziel bestand darin, mehrere technische Funktionen in die selbsttragende Struktur einzubauen: Sie sollte aus nachwachsenden Rohstoffen bestehen, gleichzeitig gegen hohe und sowie niedrige Temperaturen best\u00e4ndig sein, biologisch abbaubar und kompostierbar, damit sie nach dem Service gesammelt und zusammen mit den Lebensmittelabf\u00e4llen ohne Trennung entsorgt werden kann.<\/p>\n<p>Das dritte Ziel bestand darin, dass jedes einzelne Tablett vom Patienten\/Benutzer leicht zu \u00f6ffnen ist und er die M\u00f6glichkeit hat, die bevorzugte Reihenfolge der Speisen auszuw\u00e4hlen, w\u00e4hrend die \u00fcbrigen Speisen l\u00e4nger warm bzw. kalt gehalten werden k\u00f6nnen.<\/p>\n<p>BIOPAP\u00ae Genius Meal Tray\u00ae verf\u00fcgt \u00fcber einen Bereich f\u00fcr warme und einen f\u00fcr kalte Mahlzeitenkomponenten und Zubeh\u00f6r, die alle einzeln versiegelt und gesch\u00fctzt sind, um eine einfache und sichere Handhabung in allen Phasen.<\/p>\n<p><a href=\"https:\/\/www.biopap.com\/wp-content\/uploads\/2024\/11\/BIOPAP-Genius-Meal-Tray\u00aeV1.jpeg\" data-rel=\"lightbox-image-0\" data-rl_title=\"\" data-rl_caption=\"\" title=\"\"><img decoding=\"async\" loading=\"lazy\" class=\"alignnone size-medium wp-image-13541\" src=\"https:\/\/www.biopap.com\/wp-content\/uploads\/2024\/11\/BIOPAP-Genius-Meal-Tray\u00aeV1-300x169.jpeg\" alt=\"\" width=\"300\" height=\"169\" srcset=\"https:\/\/www.biopap.com\/wp-content\/uploads\/2024\/11\/BIOPAP-Genius-Meal-Tray\u00aeV1-300x169.jpeg 300w, https:\/\/www.biopap.com\/wp-content\/uploads\/2024\/11\/BIOPAP-Genius-Meal-Tray\u00aeV1-1024x576.jpeg 1024w, https:\/\/www.biopap.com\/wp-content\/uploads\/2024\/11\/BIOPAP-Genius-Meal-Tray\u00aeV1-768x432.jpeg 768w, https:\/\/www.biopap.com\/wp-content\/uploads\/2024\/11\/BIOPAP-Genius-Meal-Tray\u00aeV1-1170x660.jpeg 1170w, https:\/\/www.biopap.com\/wp-content\/uploads\/2024\/11\/BIOPAP-Genius-Meal-Tray\u00aeV1-270x152.jpeg 270w, https:\/\/www.biopap.com\/wp-content\/uploads\/2024\/11\/BIOPAP-Genius-Meal-Tray\u00aeV1.jpeg 1280w\" sizes=\"(max-width: 300px) 100vw, 300px\" \/><\/a><\/p>\n<p>Der Hauptantrieb f\u00fcr die Entwicklung war die Verbesserung des Ressourcenmanagements in der Verpflegung und der Patientenversorgung. Die abnehmende Verf\u00fcgbarkeit von Fachkr\u00e4ften und die Notwendigkeit f\u00fcr Pflegeeinrichtungen, immer mehr Ressourcen auf die pers\u00f6nliche Pflege zu konzentrieren, dr\u00e4ngen zu einer Umstrukturierung des Verpflegungsdienstes.<\/p>\n<p>BIOPAP Genius Meal Tray\u00ae vereinfacht die Arbeitsabl\u00e4ufe bei der Speisenzubereitung mit einer kompostierbaren, leichten und starren Speiseschale, die direkt in der Zentralk\u00fcche nach dem Cook &amp; Chill\/Cold Meal Tray oder Cook &amp; Freeze\/Frozen Meal Tray Verfahren zubereitet und versiegelt werden kann.<\/p>\n<p>Die Vorbereitungsphase in der Satellitenk\u00fcche oder auf dem Tablett entf\u00e4llt und wird direkt in die Zentralk\u00fcche integriert.<\/p>\n<p>BIOPAP Genius Meal\u00ae kann direkt gek\u00fchlt, gelagert und dann bei Bedarf t\u00e4glich entnommen werden, um Mahlzeitentransportwagen zu f\u00fcllen.<\/p>\n<p>Da es sowohl hitze- als auch k\u00e4ltebest\u00e4ndig ist, kann BIOPAP Genius Meal Tray\u00ae direkt in die Dual-Flow-W\u00e4rmewagen f\u00fcr den gek\u00fchlten Transport zum Bestimmungsort gelegt werden.<\/p>\n<p>Nach dem Transport zum Pflegeheim oder Krankenhaus kann der mit GENIUS Meal Tray\u00ae gef\u00fcllte Dual-Flow-Wagen auf der warmen Seite der Mahlzeit entsprechend dem gew\u00e4hlten Programm erw\u00e4rmt werden, w\u00e4hrend die kalte Seite der Mahlzeit gek\u00fchlt bleibt, alles innerhalb des Wagens\/Shuttles und ohne Handhabung.<\/p>\n<p>Der Wagen kann dann einfach vom Pflegepersonal zur vorher festgelegten Zeit abgeholt werden. Die Mahlzeit im BIOPAP Genius Meal Tray\u00ae wird dem Patienten direkt serviert, wobei ein Teil warm und ein Teil kalt ist. Die Patienten k\u00f6nnen jeden Gang der Mahlzeit selbstst\u00e4ndig \u00f6ffnen und zugreifen, w\u00e4hrend der Rest der Speisen warm oder kalt bleibt.<\/p>\n<p>Nach dem Servieren wird das BIOPAP Genius Meal Tray\u00ae zusammen mit den Essensresten gesammelt und bequem gestapelt, um Unordnung zu vermeiden. Es muss nicht getrennt werden und wird ohne weitere Ma\u00dfnahmen \u00fcber den Biom\u00fcll entsorgt und kompostiert. So wird aus einem Abfall eine wertvolle Ressource, die in der Landwirtschaft wiederverwendet werden kann.<\/p>\n<p>BIOPAP Genius Meal Tray\u00ae wird zum Motor eines effizienten, kreislauforientierten Systems, das die lokale Landwirtschaft f\u00f6rdert und Landwirte und lokale Gemeinschaften bei der Bek\u00e4mpfung des sowie Klimawandels unterst\u00fctzt, indem es die B\u00f6den mit einem h\u00f6heren Gehalt an organischem Kohlenstoff, Mikroorganismen und einer verbesserten Wasserr\u00fcckhaltung anreichert.<\/p>\n<p>&nbsp;<\/p>\n<p><a href=\"https:\/\/www.biopap.com\/wp-content\/uploads\/2024\/12\/Screenshot-2024-12-10-alle-17.40.36.png\" data-rel=\"lightbox-image-1\" data-rl_title=\"\" data-rl_caption=\"\" title=\"\"><img decoding=\"async\" loading=\"lazy\" class=\"alignnone wp-image-14269 size-full\" src=\"https:\/\/www.biopap.com\/wp-content\/uploads\/2024\/12\/Screenshot-2024-12-10-alle-17.40.36.png\" alt=\"\" width=\"1326\" height=\"1352\" srcset=\"https:\/\/www.biopap.com\/wp-content\/uploads\/2024\/12\/Screenshot-2024-12-10-alle-17.40.36.png 1326w, https:\/\/www.biopap.com\/wp-content\/uploads\/2024\/12\/Screenshot-2024-12-10-alle-17.40.36-294x300.png 294w, https:\/\/www.biopap.com\/wp-content\/uploads\/2024\/12\/Screenshot-2024-12-10-alle-17.40.36-1004x1024.png 1004w, https:\/\/www.biopap.com\/wp-content\/uploads\/2024\/12\/Screenshot-2024-12-10-alle-17.40.36-768x783.png 768w, https:\/\/www.biopap.com\/wp-content\/uploads\/2024\/12\/Screenshot-2024-12-10-alle-17.40.36-40x40.png 40w\" sizes=\"(max-width: 1326px) 100vw, 1326px\" \/><\/a><\/p>\n<p>BIOPAP Genius Meal Tray\u00ae ist effizient, spart Zeit und ist umweltfreundlich konzipiert.<\/p>\n<ul>\n<li><strong>direkte Zubereitung in der Zentralk\u00fcche<\/strong><\/li>\n<li><strong> Ideal f\u00fcr das Cook&amp;Chill-Verfahren, das eine bessere Planung erm\u00f6glicht und Lebensmittelabf\u00e4lle reduziert<\/strong><\/li>\n<li><strong>Keine Notwendigkeit mehr f\u00fcr eine Satellitenk\u00fcche im Krankenhaus oder auf dem Krankenhausgel\u00e4nde<\/strong><\/li>\n<li><strong>kein Waschen der Tabletts mehr und somit weniger Wasser- und Reinigungsmittelverbrauch<\/strong><\/li>\n<li><strong>keine Trennung erforderlich -&gt; nach dem Servieren kann das Genius Meal Tray\u00ae direkt mit den restlichen Lebensmitteln kompostiert werden<\/strong><\/li>\n<li><strong>Spart Zeit und Personalressourcen<\/strong><\/li>\n<li><strong>Extra stabil<\/strong><\/li>\n<li><strong>Geringes Gewicht -&gt; geringeres Wagengewicht und geringere Transportgewichte<\/strong><\/li>\n<li><strong>Einfache und sichere Handhabung f\u00fcr alle beteiligten Mitarbeiter<\/strong><\/li>\n<li><strong>H\u00e4lt Speisen separat warm und kalt<\/strong><\/li>\n<li><strong>Leichtes \u00d6ffnen<\/strong><\/li>\n<li><strong>Jeder Gang kann separat in der gew\u00fcnschten Reihenfolge ge\u00f6ffnet werden<\/strong><\/li>\n<li><strong>ausschlie\u00dflich aus nachwachsenden Rohstoffen hergestellt Geringes Gewicht, dadurch deutlich weniger Transportgewicht und weniger CO2-Emissionen<\/strong><\/li>\n<li><strong>biologisch abbaubar und kompostierbar mit Lebensmittelabf\u00e4llen<\/strong><\/li>\n<li><strong>Wandelt Abfall in eine wertvolle Ressource um<\/strong><\/li>\n<\/ul>\n<p>Ein effizientes, zirkul\u00e4res System, das die lokale Landwirtschaft f\u00f6rdert und ein Instrument zur Bek\u00e4mpfung des Klimawandels ist, indem es die B\u00f6den mit organischem Kohlenstoff und Mikroorganismen d\u00fcngt und die Wasserr\u00fcckhaltung und die Filterkapazit\u00e4t des Bodens verbessert.<\/p>\n<p>&nbsp;<\/p>\n<p><iframe loading=\"lazy\" title=\"BIOPAP\u00ae Genius Meal Tray\u00ae - Quick Introduction\" width=\"810\" height=\"456\" src=\"https:\/\/www.youtube.com\/embed\/rjJUYhxB2VA?feature=oembed\" frameborder=\"0\" allow=\"accelerometer; autoplay; clipboard-write; encrypted-media; gyroscope; picture-in-picture; web-share\" referrerpolicy=\"strict-origin-when-cross-origin\" allowfullscreen><\/iframe><\/p>\n<p>&nbsp;<\/p>\n<p>Das BIOPAP Genius Meal Tray\u00ae System ist die Ll\u00f6sung und besteht aus:<\/p>\n<ul>\n<li><strong>BIOPAP Genius Meal Tray\u00ae Komponenten<\/strong><\/li>\n<li><strong>BIOPAP\u00ae Genius Meal Tray\u00ae Versiegelungsmaschine mit zugeh\u00f6rigen Automatisierungswerkzeugen und Zubeh\u00f6r<\/strong><\/li>\n<li><strong>Dual-Flow-Mahlzeitenwagen-System<\/strong><\/li>\n<\/ul>\n<p>F\u00fchren Sie die Revolution an und setzen Sie das BIOPAP\u00ae Genius Meal Tray\u00ae System ein, um die Verpflegung effizienter, umweltfreundlicher zu gestalten.<\/p>\n","protected":false},"excerpt":{"rendered":"<p>BIOPAP Genius Meal Tray\u00ae, das revolution\u00e4re, hocheffiziente, kompostierbare und vollst\u00e4ndig kreisf\u00f6rmige Mahlzeitentablett-System. Unsere neueste Innovation, BIOPAP Genius Meal Tray\u00ae, ist&#8230;<\/p>\n","protected":false},"author":4,"featured_media":0,"parent":1474,"menu_order":0,"comment_status":"closed","ping_status":"closed","template":"","meta":[],"_links":{"self":[{"href":"https:\/\/www.biopap.com\/de\/wp-json\/wp\/v2\/pages\/14464"}],"collection":[{"href":"https:\/\/www.biopap.com\/de\/wp-json\/wp\/v2\/pages"}],"about":[{"href":"https:\/\/www.biopap.com\/de\/wp-json\/wp\/v2\/types\/page"}],"author":[{"embeddable":true,"href":"https:\/\/www.biopap.com\/de\/wp-json\/wp\/v2\/users\/4"}],"replies":[{"embeddable":true,"href":"https:\/\/www.biopap.com\/de\/wp-json\/wp\/v2\/comments?post=14464"}],"version-history":[{"count":3,"href":"https:\/\/www.biopap.com\/de\/wp-json\/wp\/v2\/pages\/14464\/revisions"}],"predecessor-version":[{"id":14467,"href":"https:\/\/www.biopap.com\/de\/wp-json\/wp\/v2\/pages\/14464\/revisions\/14467"}],"up":[{"embeddable":true,"href":"https:\/\/www.biopap.com\/de\/wp-json\/wp\/v2\/pages\/1474"}],"wp:attachment":[{"href":"https:\/\/www.biopap.com\/de\/wp-json\/wp\/v2\/media?parent=14464"}],"curies":[{"name":"wp","href":"https:\/\/api.w.org\/{rel}","templated":true}]}}