{"id":15082,"date":"2025-02-07T15:48:37","date_gmt":"2025-02-07T15:48:37","guid":{"rendered":"https:\/\/www.biopap.com\/produktlinien\/biopap-easy-genius-meal-tray\/"},"modified":"2026-01-14T11:38:09","modified_gmt":"2026-01-14T11:38:09","slug":"biopap-easy-genius-meal-tray","status":"publish","type":"page","link":"https:\/\/www.biopap.com\/de\/produktlinien\/biopap-easy-genius-meal-tray\/","title":{"rendered":"BIOPAP\u00ae EASY GENIUS Meal Tray und ECOSYSTEM"},"content":{"rendered":"<p>Die schnelle, skalierbare Verpackungsrevolution im nachhaltigen professionellen Catering.<\/p>\n<p>BIOPAP\u00ae EASY GENIUS Meal Tray ist ergonomisch gestaltet, leicht, minimiert den Verpackungsbedarf und ist elegant. Es steigert den Wert von Lebensmitteln im Catering-Bereich.<\/p>\n<p>Die BIOPAP\u00ae EASY GENIUS Mela Tray wurde in der Gr\u00f6\u00dfe GN 1\/2 entwickelt, um die revolution\u00e4re Innovation des patentierten BIOPAP Genius-Men\u00fcschalenkonzepts in Gastronorm-Ger\u00e4ten voll auszunutzen. Die Gr\u00f6\u00dfe GN \u00bd macht BIOPAP\u00ae EASY GENIUS schnell und einfach f\u00fcr alle Catering-Gr\u00f6\u00dfen einsetzbar.<\/p>\n<p>&nbsp;<\/p>\n<p><a href=\"https:\/\/www.biopap.com\/wp-content\/uploads\/2025\/02\/Chilling-Crate-Printed-scaled.jpg\" data-rel=\"lightbox-image-0\" data-rl_title=\"\" data-rl_caption=\"\" title=\"\"><img decoding=\"async\" loading=\"lazy\" class=\"aligncenter wp-image-15012\" src=\"https:\/\/www.biopap.com\/wp-content\/uploads\/2025\/02\/Chilling-Crate-Printed-1024x768.jpg\" alt=\"\" width=\"423\" height=\"317\" srcset=\"https:\/\/www.biopap.com\/wp-content\/uploads\/2025\/02\/Chilling-Crate-Printed-1024x768.jpg 1024w, https:\/\/www.biopap.com\/wp-content\/uploads\/2025\/02\/Chilling-Crate-Printed-300x225.jpg 300w, https:\/\/www.biopap.com\/wp-content\/uploads\/2025\/02\/Chilling-Crate-Printed-768x576.jpg 768w, https:\/\/www.biopap.com\/wp-content\/uploads\/2025\/02\/Chilling-Crate-Printed-1536x1152.jpg 1536w, https:\/\/www.biopap.com\/wp-content\/uploads\/2025\/02\/Chilling-Crate-Printed-2048x1536.jpg 2048w\" sizes=\"(max-width: 423px) 100vw, 423px\" \/><\/a><\/p>\n<p>&nbsp;<\/p>\n<p>BIOPAP\u00ae EASY GENIUS macht das traditionelle und starre Tablett \u00fcberfl\u00fcssig, auf dem alle Mahlzeitenkomponenten liegen und das nach dem Servieren abgewaschen werden muss. Wir haben eine selbsttragende Struktur entwickelt, bei der Lebensmittelbeh\u00e4lter mit einer einzigen Deckfolie zusammenarbeiten, die sowohl als Deckel als auch als Verbindungselement fungiert. Die beiden Elemente, Lebensmittelbeh\u00e4lter und Deckfolie, werden durch Hei\u00dfsiegeln miteinander verbunden, wodurch eine leichte, aber starre Struktur entsteht.<\/p>\n<p>&nbsp;<\/p>\n<p><img decoding=\"async\" loading=\"lazy\" class=\"wp-image-14960 aligncenter\" src=\"https:\/\/www.biopap.com\/wp-content\/uploads\/2025\/02\/BIOPAP\u00ae-Easy-Genius-Printed-2-1024x649.jpg\" alt=\"\" width=\"541\" height=\"343\" \/><\/p>\n<p>Wie alle Lebensmittelverpackungsl\u00f6sungen von BIOPAP\u00ae besteht auch die BIOPAP Easy Genius-Men\u00fcschale aus PEFC-zertifizierten erneuerbaren Rohstoffen, ist f\u00fcr Hoch- und Niedertemperaturprozesse geeignet und au\u00dferdem biologisch abbaubar und kompostierbar, sodass sie nach dem Servieren ohne Trennung zusammen mit Lebensmittelabf\u00e4llen gesammelt und entsorgt werden kann.<\/p>\n<p>BIOPAP Easy Genius in der Gr\u00f6\u00dfe GN \u00bd verf\u00fcgt \u00fcber 3 unabh\u00e4ngige Lebensmittelf\u00e4cher und einen Becherhalter f\u00fcr Getr\u00e4nke, Obst, Joghurt usw.<\/p>\n<p>Steif, leicht, praktisch, elegant, passt in Gastronorm-Isothermboxen, GN-Aufw\u00e4rmboxen, GN-K\u00fchlkisten und Gastronorm-\u00d6fen.<\/p>\n<p>Aufgrund seiner robusten Struktur ist BIOPAP Easy Genius bei Lagerung und Transport perfekt stapelbar.<\/p>\n<p>Alle 3 unabh\u00e4ngigen Lebensmittelf\u00e4cher k\u00f6nnen separat in der gew\u00fcnschten Reihenfolge ge\u00f6ffnet werden, sodass die Speisen w\u00e4hrend des Servierens unber\u00fchrt warm oder Kuhl bleiben.<\/p>\n<p>&nbsp;<\/p>\n<p><img decoding=\"async\" loading=\"lazy\" class=\"wp-image-15008 aligncenter\" src=\"https:\/\/www.biopap.com\/wp-content\/uploads\/2025\/02\/BIOPAP\u00ae-Easy-Genius-Open-Printed-1024x768.jpg\" alt=\"\" width=\"442\" height=\"331\" srcset=\"https:\/\/www.biopap.com\/wp-content\/uploads\/2025\/02\/BIOPAP\u00ae-Easy-Genius-Open-Printed-1024x768.jpg 1024w, https:\/\/www.biopap.com\/wp-content\/uploads\/2025\/02\/BIOPAP\u00ae-Easy-Genius-Open-Printed-300x225.jpg 300w, https:\/\/www.biopap.com\/wp-content\/uploads\/2025\/02\/BIOPAP\u00ae-Easy-Genius-Open-Printed-768x576.jpg 768w, https:\/\/www.biopap.com\/wp-content\/uploads\/2025\/02\/BIOPAP\u00ae-Easy-Genius-Open-Printed-1536x1152.jpg 1536w, https:\/\/www.biopap.com\/wp-content\/uploads\/2025\/02\/BIOPAP\u00ae-Easy-Genius-Open-Printed-2048x1536.jpg 2048w\" sizes=\"(max-width: 442px) 100vw, 442px\" \/><\/p>\n<p>&nbsp;<\/p>\n<p>Die Men\u00fcs werden in zentralen K\u00fcchen zubereitet und portioniert, wo BIOPAP Easy Genius zusammengebaut und versiegelt wird, um maximale Hygiene zu gew\u00e4hrleisten und die Handhabung der Mahlzeiten einfach und effizient zu gestalten: 1 einzelne und steife Einheit. Daher, werden Vorbereitungszeit, Entnahmezeit und Servicezeit erheblich verk\u00fcrzt.<\/p>\n<p>BIOPAP\u00ae EASY GENIUS-Men\u00fcschalen wurden f\u00fcr den Einsatz in den Verfahren Cook&amp;Serve, Cook&amp;Chill und Cook&amp;Freeze getestet, um maximale Betriebsflexibilit\u00e4t zu gew\u00e4hrleisten.<\/p>\n<p>Im Service ist BIOPAP GEASY GENIUS professionell, elegant, mit einem angenehmen und nat\u00fcrlichen Touch&amp;Feel, praktisch: Die ganze Mahlzeit auf einen Blick: auf einem Tisch, auf einem Schreibtisch, auf Bank, in einem Park, am Strand.<\/p>\n<p>Unzerbrechlich, ohne scharfe oder harte Kanten, rein, nat\u00fcrlich.<\/p>\n<p>Nach dem Servieren kann BIOPAP Easy Genius mit ge\u00f6ffneten Lebensmittelf\u00e4chern auch schnell gesammelt und gestapelt werden, was dem Servicepersonal weitere Zeit spart, oder von den Verbrauchern einfach in einem einzigen Kompostbeh\u00e4lter entsorgt werden: Geringes Gewicht, kein Abwaschen, keine Trennung von Lebensmittelresten.<\/p>\n<p>Die Aktivit\u00e4ten nach der Mahl werden ebenfalls erheblich reduziert, da weniger Zeit f\u00fcr das Servicepersonal ben\u00f6tigt wird, kein Wasser, keine Chemikalien, keine Energie ben\u00f6tigt werden. Alle Lebensmittelreste k\u00f6nnen zusammen mit BIOPAP Easy Genius organisch zu Biomethan und Kompost recycelt werden und gelangen in einem positiven Tugendkreis zur\u00fcck in die Landwirtschaft. BIOPAP Easy Genius ist gem\u00e4\u00df EN 13.432 CIC mit Feldzerfallstests und OK Compost Home als kompostierbar zertifiziert.<\/p>\n<p>&nbsp;<\/p>\n<p><a href=\"https:\/\/www.biopap.com\/wp-content\/uploads\/2025\/02\/Screenshot-2025-02-07-alle-15.34.29.png\" data-rel=\"lightbox-image-1\" data-rl_title=\"\" data-rl_caption=\"\" title=\"\"><img decoding=\"async\" loading=\"lazy\" class=\"wp-image-15004 aligncenter\" src=\"https:\/\/www.biopap.com\/wp-content\/uploads\/2025\/02\/Screenshot-2025-02-07-alle-15.34.29-1024x894.png\" alt=\"\" width=\"609\" height=\"532\" srcset=\"https:\/\/www.biopap.com\/wp-content\/uploads\/2025\/02\/Screenshot-2025-02-07-alle-15.34.29-1024x894.png 1024w, https:\/\/www.biopap.com\/wp-content\/uploads\/2025\/02\/Screenshot-2025-02-07-alle-15.34.29-300x262.png 300w, https:\/\/www.biopap.com\/wp-content\/uploads\/2025\/02\/Screenshot-2025-02-07-alle-15.34.29-768x670.png 768w, https:\/\/www.biopap.com\/wp-content\/uploads\/2025\/02\/Screenshot-2025-02-07-alle-15.34.29.png 1320w\" sizes=\"(max-width: 609px) 100vw, 609px\" \/><\/a><\/p>\n<p>&nbsp;<\/p>\n<p>Au\u00dferdem haben wir ein effektives und skalierbares Hei\u00dfsiegelsystem entwickelt, das nur eine begrenzte Investition erfordert. Eine robuste, einfach zu bedienende manuelle Edelstahl-Versiegelungsmaschine mit dem EASY GENIUS-Rahmen, die zum Hei\u00dfsiegeln und Zusammenbauen der Easy Genius-Men\u00fcschale mit BIOPAP Easy-Open-Funktionen geeignet ist. Insgesamt ben\u00f6tigt das Ger\u00e4t die Standardstromversorgung von 230\/240 V, ist leicht und kompakt und bietet die besten Eigenschaften zum Starten und Skalieren der operation.<\/p>\n<p>Um Catering-Angebote auf die n\u00e4chste Ebene der Effizienz, Nachhaltigkeit und wahrgenommenen Qualit\u00e4t zu bringen, sind nur 4 Elemente erforderlich:<\/p>\n<p>&#8211; BIOPAP\u00ae kompostierbarer EASY GENIUS-Deckel<\/p>\n<p>&#8211; BIOPAP\u00ae kompostierbare EASY GENIUS-Lebensmittelschalen<\/p>\n<p>&#8211; BIOPAP EASY GENIUS-Versiegelungssystem<\/p>\n<p>&#8211; Gutes Essen<\/p>\n<p>&nbsp;<\/p>\n<p><iframe loading=\"lazy\" title=\"BIOPAP\u00ae Easy Genius\u00ae Quick Introduction\" width=\"810\" height=\"456\" src=\"https:\/\/www.youtube.com\/embed\/kukxeHSZdcA?feature=oembed\" frameborder=\"0\" allow=\"accelerometer; autoplay; clipboard-write; encrypted-media; gyroscope; picture-in-picture; web-share\" referrerpolicy=\"strict-origin-when-cross-origin\" allowfullscreen><\/iframe><\/p>\n<p>&nbsp;<\/p>\n<p>Die Anwendungsbereiche der BIOPAP EASY GENIUS-Men\u00fcschalen reichen von Krankenhausverpflegung, Mahlslieferungen f\u00fcr Unternehmen, Schulverpflegung, Eventverpflegung, Krisen- und Milit\u00e4rverpflegung, Campingverpflegung bis hin zur Resortverpflegung.<\/p>\n<p>Dank seiner Hitzebest\u00e4ndigkeit bis 175 \u00b0C eignet sich BIOPAP EASY GENIUS auch besonders f\u00fcr Mahlzeiten, die vor dem Servieren sterilisiert werden m\u00fcssen.<\/p>\n<p>Mit der BIOPAP\u00ae EASY SYSTEM-Tablettl\u00f6sung ist es jetzt m\u00f6glich und einfach, das Essenserlebnis der Kunden zu verbessern und Catering-Services nachhaltiger und biologisch kreislauff\u00e4higer zu gestalten.<\/p>\n<p>Entscheiden Sie sich, bei BIOPAP\u00ae gestalten wir unsere Innovationen \u00f6kologisch zum Wohl der Allgemeinheit und zeigen, dass Nachhaltigkeit mit einem Systemansatz erschwinglich und f\u00fcr alle von Vorteil ist.<\/p>\n<p>&nbsp;<\/p>\n<p><iframe loading=\"lazy\" title=\"BIOPAP\u00ae Easy Genius Startup Guide\" width=\"810\" height=\"456\" src=\"https:\/\/www.youtube.com\/embed\/aJAHF4XJ2Zs?feature=oembed\" frameborder=\"0\" allow=\"accelerometer; autoplay; clipboard-write; encrypted-media; gyroscope; picture-in-picture; web-share\" referrerpolicy=\"strict-origin-when-cross-origin\" allowfullscreen><\/iframe><\/p>\n","protected":false},"excerpt":{"rendered":"<p>Die schnelle, skalierbare Verpackungsrevolution im nachhaltigen professionellen Catering. BIOPAP\u00ae EASY GENIUS Meal Tray ist ergonomisch gestaltet, leicht, minimiert den Verpackungsbedarf&#8230;<\/p>\n","protected":false},"author":4,"featured_media":0,"parent":1474,"menu_order":0,"comment_status":"closed","ping_status":"closed","template":"","meta":[],"_links":{"self":[{"href":"https:\/\/www.biopap.com\/de\/wp-json\/wp\/v2\/pages\/15082"}],"collection":[{"href":"https:\/\/www.biopap.com\/de\/wp-json\/wp\/v2\/pages"}],"about":[{"href":"https:\/\/www.biopap.com\/de\/wp-json\/wp\/v2\/types\/page"}],"author":[{"embeddable":true,"href":"https:\/\/www.biopap.com\/de\/wp-json\/wp\/v2\/users\/4"}],"replies":[{"embeddable":true,"href":"https:\/\/www.biopap.com\/de\/wp-json\/wp\/v2\/comments?post=15082"}],"version-history":[{"count":4,"href":"https:\/\/www.biopap.com\/de\/wp-json\/wp\/v2\/pages\/15082\/revisions"}],"predecessor-version":[{"id":17373,"href":"https:\/\/www.biopap.com\/de\/wp-json\/wp\/v2\/pages\/15082\/revisions\/17373"}],"up":[{"embeddable":true,"href":"https:\/\/www.biopap.com\/de\/wp-json\/wp\/v2\/pages\/1474"}],"wp:attachment":[{"href":"https:\/\/www.biopap.com\/de\/wp-json\/wp\/v2\/media?parent=15082"}],"curies":[{"name":"wp","href":"https:\/\/api.w.org\/{rel}","templated":true}]}}