{"id":1650,"date":"2016-06-16T09:18:43","date_gmt":"2016-06-16T09:18:43","guid":{"rendered":"http:\/\/biopap.com\/?page_id=1650"},"modified":"2023-01-11T12:39:12","modified_gmt":"2023-01-11T12:39:12","slug":"biopap-easy-system","status":"publish","type":"page","link":"https:\/\/www.biopap.com\/de\/produktlinien\/biopap-easy-system\/","title":{"rendered":"BIOPAP\u00ae Easy-System"},"content":{"rendered":"<p>[vc_row 0=&#8220;&#8220;][vc_column 0=&#8220;&#8220;][vc_column_text 0=&#8220;&#8220;]<strong>DIE PROFESSIONELLE, HYGIENISCHE UND NACHHALTIGE L\u00d6SUNG F\u00dcR LEBENSMITTELLIEFERUNGEN<\/strong><\/p>\n<p><iframe loading=\"lazy\" width=\"810\" height=\"456\" src=\"https:\/\/www.youtube.com\/embed\/pFNroCfURp0?feature=oembed\" frameborder=\"0\" allow=\"accelerometer; autoplay; clipboard-write; encrypted-media; gyroscope; picture-in-picture; web-share\" allowfullscreen title=\"BIOPAP\u00ae Easy System for takeaway and delivery\"><\/iframe><\/p>\n<p>Wir haben das BIOPAP\u00aeEasy System entwickelt, um ein professionelles System f\u00fcr die sichere und<br \/>\nhygienische Vorbereitung, Verpackung, Versiegelung und den Transport von Lebensmitteln zur<br \/>\nMitnahme und Delivery bereitzustellen.\u00a0Heute gibt es neue Catering-Modelle, die das Take-away und<br \/>\ninsbesondere die Lieferung von warmen und kalten Mahlzeiten nach Hause oder ins B\u00fcro unterst\u00fctzen.<br \/>\nEiner der kritischen Punkte ist die Versiegelung der Beh\u00e4lter,\u00a0die Hygiene und Kontaminationsfreiheit bei<br \/>\nLieferung und Transport garantiert.<br \/>\nBiopap\u00ae hat mit seiner einzigartigen Erfahrung mit kompostierbaren Schalen, die von der Tiefk\u00fchlruhe bis<br \/>\nzum\u00a0Ofen resistent sind, ein einfaches und professionelles System entwickelt, das von den Transportsystemen<br \/>\nder\u00a0gro\u00dfen Caterer inspiriert wurde.\u00a0Es handelt sich um das Biopap\u00ae Easy-System, das aus Biopap\u00ae<br \/>\nSchalen, einer halbautomatischen Siegelmaschine und einer kompostierbaren Siegelfolie besteht, die perfekt zusammenwirken.<br \/>\nRestaurants, Cafeterien und Street food k\u00f6nnen nun \u00fcber ein vielfach getestetes und zuverl\u00e4ssiges, schnelles<br \/>\nund sicheres System zur Verpackung, Versiegelung und Lieferung von Qualit\u00e4tslebensmitteln in biologisch<br \/>\nabbaubaren\u00a0und kompostierbaren Beh\u00e4ltern aus erneuerbaren Rohstoffen verf\u00fcgen.\u00a0Das beste Essen, dass<br \/>\nsorgf\u00e4ltig zubereitet wird, verdient die Sicherheit und Funktionalit\u00e4t eines\u00a0Verpackungssystems, das ganz in<br \/>\nItalien hergestellt wird.\u00a0Wir haben die Sicherheit und Schnelligkeit der\u00a0industriellen Technologie mit der<br \/>\nPraktikabilit\u00e4t,\u00a0Benutzerfreundlichkeit und Umweltfreundlichkeit der kompostierbaren\u00a0BIOPAP\u00ae-Schalen<br \/>\nkombiniert.<\/p>\n<p><strong>Woraus besteht das System?<\/strong><\/p>\n<p><strong>3 kompostierbare BIOPAP\u00ae LC-Schalen, die alle Anforderungen erf\u00fcllen <\/strong><\/p>\n<p>455\u00a0ml f\u00fcr Beilagen, Aufl\u00e4ufe, Obstsalate, Desserts&#8230;<\/p>\n<p>595\u00a0ml f\u00fcr ein klassisches Hauptgericht<\/p>\n<p>865\u00a0ml f\u00fcr ein klassisches Hauptgericht<\/p>\n<p><strong>Halbautomatische Thermosiegelmaschine<\/strong><\/p>\n<p>Sicherheitsgarantie: Keine Gefahr von Verbrennungen.<\/p>\n<p>Einfach: Die Siegelform wird rein-und rausgeschoben und die Siegelmaschine erledigt den Rest.<\/p>\n<p>Schnell: Schneller Versiegelungszyklus und automatischer Folienschnitt.<\/p>\n<p>Genau: Siegelzeit und Temperatur werden digital eingestellt<\/p>\n<p><strong>Schnelle und genaue modulare Form (3 Positionen)<\/strong><\/p>\n<p>Schneller Wechsel bei Schalengr\u00f6\u00dfe und Modell<\/p>\n<p>3 Biopap\u00ae-Schalen in verschiedenen Gr\u00f6\u00dfen k\u00f6nnen mit einer modularen Form versiegelt werden<\/p>\n<p>Die modulare Form erlaubt verschiedene Schalen mit einer einzigen Form zu versiegeln.<\/p>\n<p>Um Schalentyp\u00a0 zu wechseln braucht man nur eine Seite der Form zu bewegen.<\/p>\n<p>Der Vorteil der modularen Form ist die Geschwindigkeit vom Schalenwechsel.<\/p>\n<p>Diese L\u00f6sung ist ideal f\u00fcr das Gastronomie-Kontor, wo man schnell die Schalentype je nach Kundenwunsch<br \/>\nwechseln muss: hygienisch, wasserdicht, professionell.<\/p>\n<p>Das Video zeigt die Versiegelung von BIOPAP\u00ae Schalen mit Film durch halbautomatische Hei\u00dfsiegelger\u00e4te<br \/>\nmit modularer Form.<\/p>\n<p><strong>Kompostierbarer transparenter Siegelfilm<\/strong><\/p>\n<p>Eine einzige Rolle f\u00fcr 3 Schalengr\u00f6\u00dfen geeignet<\/p>\n<p>Einfacher Rollenwechsel: Hohe Autonomie ohne Unterbrechungen f\u00fcr den Rollentausch<\/p>\n<p style=\"text-align: justify; background: white; margin: 0cm 0cm 7.5pt 0cm;\"><a href=\"https:\/\/www.biopap.com\/wp-content\/uploads\/2015\/08\/easy-system-2.png\" data-rel=\"lightbox-image-0\" data-rl_title=\"\" data-rl_caption=\"\" title=\"\"><img decoding=\"async\" loading=\"lazy\" class=\"alignnone wp-image-7176\" src=\"https:\/\/www.biopap.com\/wp-content\/uploads\/2015\/08\/easy-system-2-300x224.png\" alt=\"\" width=\"810\" height=\"605\" srcset=\"https:\/\/www.biopap.com\/wp-content\/uploads\/2015\/08\/easy-system-2-300x224.png 300w, https:\/\/www.biopap.com\/wp-content\/uploads\/2015\/08\/easy-system-2-768x574.png 768w, https:\/\/www.biopap.com\/wp-content\/uploads\/2015\/08\/easy-system-2-1024x766.png 1024w, https:\/\/www.biopap.com\/wp-content\/uploads\/2015\/08\/easy-system-2.png 1316w\" sizes=\"(max-width: 810px) 100vw, 810px\" \/><\/a><\/p>\n<p><strong>VORTEILE<\/strong><\/p>\n<p><strong>Schnell<br \/>\n<\/strong>Schalen k\u00f6nnen in circa 2 Sekunden hermetisch versiegelt werden. Geeignet zum Versiegeln von mehr als 200<br \/>\nMahlzeiten pro Tag;<\/p>\n<p><strong>hermetisch und hygienisch<br \/>\n<\/strong>Jede Schale ist hermetisch und hygienisch versiegelt. Die Beh\u00e4lter k\u00f6nnen nur von Endverbraucher ge\u00f6ffnet werden<br \/>\nund die Hygiene\u00a0ist w\u00e4hrend des Transports und der Auslieferung der Lebensmittel gew\u00e4hrleistet;<\/p>\n<p><strong>Praktisch und vielseitig<br \/>\n<\/strong>Biopap\u00ae-Schalen k\u00f6nnen in jeder Art von Ofen (traditionell oder Mikrowelle) wieder aufgew\u00e4rmt und im<br \/>\nGefrierschrank und\u00a0K\u00fchlschrank aufbewahrt werden. Sie k\u00f6nnen leicht als gebrauchsfertige Schale<br \/>\nverwendet werden: Dadurch wird Abfall und\u00a0Waschen deutlich reduziert;<\/p>\n<p><strong>Nachhaltig und leicht zu entsorgen<br \/>\n<\/strong>Die Hauptversorgungsquellen sind die W\u00e4lder Nordeuropas, die als die reinsten und urspr\u00fcnglichsten Orte der<br \/>\nErde bekannt sind. Biopap\u00ae ist vollst\u00e4ndig kompostierbar und man kann es leicht im organischen Abfall entsorgen.<br \/>\n(CIC EN 13432 zertifiziert).<br \/>\nKompostierbar im Homekomposter\u00a0mit anderen K\u00fcchenabf\u00e4llen<br \/>\n(OK COMPOST Home zertifiziert)<br \/>\nUnsere Schalen sind auch recycelbar<br \/>\n(A-Klasse Aticelca MC 501\/2017 zertifiziert)<\/p>\n<p><strong>NACHHALTIGE VERPACKUNG IST TREND- UND BIOPAPP SCHAFFT NEUE MODELLE IN DER GEMEINSCHAFTSVERPFLEGUNG<\/strong><\/p>\n<p style=\"text-align: justify; background: white; margin: 0cm 0cm 7.5pt 0cm;\"><a href=\"https:\/\/www.biopap.com\/wp-content\/uploads\/2015\/08\/lb.png\" data-rel=\"lightbox-image-1\" data-rl_title=\"\" data-rl_caption=\"\" title=\"\"><img decoding=\"async\" loading=\"lazy\" class=\"alignnone wp-image-7217\" src=\"https:\/\/www.biopap.com\/wp-content\/uploads\/2015\/08\/lb-300x225.png\" alt=\"\" width=\"811\" height=\"608\" srcset=\"https:\/\/www.biopap.com\/wp-content\/uploads\/2015\/08\/lb-300x225.png 300w, https:\/\/www.biopap.com\/wp-content\/uploads\/2015\/08\/lb.png 586w\" sizes=\"(max-width: 811px) 100vw, 811px\" \/><\/a><\/p>\n<p>[\/vc_column_text][\/vc_column][\/vc_row][vc_row css=&#8220;.vc_custom_1495544161533{margin-right: 0px !important;margin-left: 0px !important;padding-top: 20px !important;padding-bottom: 0px !important;background-color: #f5f5f5 !important;}&#8220;][vc_column width=&#8220;1\/3&#8243;][vc_single_image image=&#8220;7301&#8243; img_size=&#8220;260&#215;175&#8243; alignment=&#8220;center&#8220;][\/vc_column][vc_column width=&#8220;2\/3&#8243;]<div class=\"mgt-promo-block black-text text-size-normal no-darken mgt-promo-block-36845480352 wpb_content_element\" data-style=\"width: 100%; height: 150px;\"><div class=\"mgt-promo-block-content va-top\"><div class=\"mgt-promo-block-content-inside\">\n<h4 style=\"text-align: left;margin-top: 20px\"><strong>BIOPAP\u00ae\u00a0EASY SYSTEM\u00a0KATALOG<\/strong><\/h4>\n<div class=\"mgt-button-wrapper mgt-button-wrapper-align-left mgt-button-wrapper-display-newline mgt-button-top-margin-enable\"><a class=\"btn hvr-default mgt-button mgt-style-solid mgt-size-normal mgt-align-left mgt-display-newline mgt-text-size-normal mgt-button-icon-position-left mgt-text-transform-none \" href=\"https:\/\/www.biopap.com\/wp-content\/uploads\/2021\/05\/Pres.-BIOPAP-\u00ae-Easy-System-INGLESE-1.pdf\" target=\" _blank\">Katalog BIOPAP\u00ae Easy System<\/a><\/div><\/div><\/div><\/div>[\/vc_column][\/vc_row][vc_row css=&#8220;.vc_custom_1494428074147{margin-top: 30px !important;}&#8220;][vc_column 0=&#8220;&#8220;][vc_separator 0=&#8220;&#8220;][vc_column_text 0=&#8220;&#8220;]<\/p>\n<h3>Anfrage Informationen<\/h3>\n<p>[\/vc_column_text][vc_column_text 0=&#8220;&#8220;]F\u00fcr weitere Informationen senden Sie eine E-Mail an <strong>sales@biopap.com<\/strong>[\/vc_column_text][\/vc_column][\/vc_row]<\/p>\n","protected":false},"excerpt":{"rendered":"<p>[vc_row 0=&#8220;&#8220;][vc_column 0=&#8220;&#8220;][vc_column_text 0=&#8220;&#8220;]DIE PROFESSIONELLE, HYGIENISCHE UND NACHHALTIGE L\u00d6SUNG F\u00dcR LEBENSMITTELLIEFERUNGEN Wir haben das BIOPAP\u00aeEasy System entwickelt, um ein professionelles&#8230;<\/p>\n","protected":false},"author":1,"featured_media":0,"parent":1474,"menu_order":0,"comment_status":"closed","ping_status":"open","template":"","meta":[],"_links":{"self":[{"href":"https:\/\/www.biopap.com\/de\/wp-json\/wp\/v2\/pages\/1650"}],"collection":[{"href":"https:\/\/www.biopap.com\/de\/wp-json\/wp\/v2\/pages"}],"about":[{"href":"https:\/\/www.biopap.com\/de\/wp-json\/wp\/v2\/types\/page"}],"author":[{"embeddable":true,"href":"https:\/\/www.biopap.com\/de\/wp-json\/wp\/v2\/users\/1"}],"replies":[{"embeddable":true,"href":"https:\/\/www.biopap.com\/de\/wp-json\/wp\/v2\/comments?post=1650"}],"version-history":[{"count":20,"href":"https:\/\/www.biopap.com\/de\/wp-json\/wp\/v2\/pages\/1650\/revisions"}],"predecessor-version":[{"id":10139,"href":"https:\/\/www.biopap.com\/de\/wp-json\/wp\/v2\/pages\/1650\/revisions\/10139"}],"up":[{"embeddable":true,"href":"https:\/\/www.biopap.com\/de\/wp-json\/wp\/v2\/pages\/1474"}],"wp:attachment":[{"href":"https:\/\/www.biopap.com\/de\/wp-json\/wp\/v2\/media?parent=1650"}],"curies":[{"name":"wp","href":"https:\/\/api.w.org\/{rel}","templated":true}]}}