{"id":17033,"date":"2025-10-24T15:47:14","date_gmt":"2025-10-24T15:47:14","guid":{"rendered":"https:\/\/www.biopap.com\/produktlinien\/compostable-efficient-and-safe-packaging-solutions-for-sustainable-collective-catering\/"},"modified":"2026-01-22T11:17:52","modified_gmt":"2026-01-22T11:17:52","slug":"kompostierbare-effiziente-und-sichere-loesungen-fuer-die-nachhaltige-gemeinschaftsverpflegung","status":"publish","type":"page","link":"https:\/\/www.biopap.com\/de\/produktlinien\/kompostierbare-effiziente-und-sichere-loesungen-fuer-die-nachhaltige-gemeinschaftsverpflegung\/","title":{"rendered":"Kompostierbare, effiziente und sichere L\u00f6sungen f\u00fcr die nachhaltige Gemeinschaftsverpflegung"},"content":{"rendered":"<p>Unser systemischer Ansatz und die enge Zusammenarbeit mit unseren Partnern in der gesamten Lieferkette im Gastronomiebereich motivieren uns, konkrete und spezifische L\u00f6sungen f\u00fcr die gro\u00dfen Herausforderungen unserer Branche anzubieten:<\/p>\n<ul>\n<li>Reduzierung von Lebensmittelabf\u00e4llen<\/li>\n<li>Steigerung der betrieblichen Effizienz und der Qualit\u00e4t der Mahlzeiten<\/li>\n<li>Reduzierung der CO2-Emissionen und der Umweltbelastung<\/li>\n<\/ul>\n<p>Es handelt sich um ein komplettes, sich st\u00e4ndig weiterentwickelndes \u00d6kosystem, das von der Schale mit festem Boden bis hin zu den revolution\u00e4ren selbsttragenden BIOPAP Genius Meal Tray\u00ae reicht. Es gibt spezifische L\u00f6sungen f\u00fcr jeden Prozess, vom Transport warmer, kalter und tiefgek\u00fchlter Mahlzeiten: alles wird in Italien entworfen und hergestellt, mit einer Lieferkette aus EU und PEFC-zertifizierten Rohstoffen.<\/p>\n<p>Die BIOPAP\u00ae-Schalen wurden in \u00fcber 20 Jahren st\u00e4ndiger Innovation und mit einem vision\u00e4ren Nachhaltigkeitsansatz entwickelt. Sie sind bei niedrigen Temperaturen bruchsicher und bei hohen Temperaturen formstabil. Die Easy-Open-Deckel machen die Schalen leichter, handlicher und sicherer bei der Verwendung und beim Servieren, mit Einsparung von Rohstoffen und Gewicht. Auf Wunsch sind die Schalen auch mit automatischen Dampfauslassventilen ausgestattet, um ein \u00dcberkochen bei der Regeneration zu vermeiden und die organoleptische Qualit\u00e4t der Speisen zu verbessern. Die L\u00f6sungen mit kontrollierter Atmosph\u00e4re garantieren eine l\u00e4ngere Shelf-life, auf nat\u00fcrliche Weise, und die Reduzierung der Lebensmittelabf\u00e4lle.<\/p>\n<p>Die kompostierbaren BIOPAP\u00ae-L\u00f6sungen wurden damit entwickelt und hergestellt, um unter Einhaltung h\u00f6chster Lebensmittelsicherheitsstandards allen Arten von Prozessen und Dienstleistungen gerecht zu werden:<\/p>\n<ul>\n<li>Transport von warmen Mahlzeiten oder Warmverpackungen<\/li>\n<li>Transport von kalten Mahlzeiten oder gek\u00fchlten Speisen<\/li>\n<li>Kombinierte Zyklen von gek\u00fchlten und warmen Speisen<\/li>\n<li>Transport von Tiefk\u00fchlgerichten oder Cook &amp; Freeze-Gerichten<\/li>\n<li>Kombinierte Zyklen von Tiefk\u00fchlgerichten mit warmen Speisen, die von Satellitenk\u00fcchen geliefert werden.<\/li>\n<\/ul>\n<p>Alle BIOPAP\u00ae-L\u00f6sungen sind kompostierbar, \u201eCompostable by Design\u201c, mit den wichtigsten italienischen, europ\u00e4ischen und nordamerikanischen Zertifizierungen. Einzigartige L\u00f6sungen, die dank der Partnerschaft mit der Gemeinschaftsverpflegung entwickelt wurden, um die betriebliche Effizienz zu verbessern: Reduzierung der CO2-Emissionen und der Lebensmittelabf\u00e4lle, Reste und Abf\u00e4lle direkt in der anaeroben Verg\u00e4rung f\u00fcr die Produktion von um Biogas und Kompost, die wieder in die Landwirtschaft zur\u00fcckkommen. Das Ergebnis: ein endloser nat\u00fcrlicher Kreislauf.<\/p>\n<p>Wir verlassen die alten linearen Konsummodellen, die eine hohe wirtschaftlichen und \u00f6kologischen Auswirkung haben. Mit den BIOPAP\u00ae kompostierbaren L\u00f6sungen geben wir einen gro\u00dfen Impuls in der Kreislaufwirtschaft im Gastronomiebereich, mit einer korrekten Wertverteilung in der Lieferkette; wir verbessern die Qualit\u00e4t der Lebensmittel und wir f\u00f6rdern den nat\u00fcrlichen, endlosen Kreislauf: Umwelt \u2013 Landwirtschaft \u2013 Gastronomie \u2013 Kompostierung \u2013 Umwelt.<\/p>\n<p>&nbsp;<\/p>\n<p><a href=\"https:\/\/www.biopap.com\/wp-content\/uploads\/2025\/10\/Biopap-economia-circolare-2.jpg\" data-rel=\"lightbox-image-0\" data-rl_title=\"\" data-rl_caption=\"\" title=\"\"><img decoding=\"async\" loading=\"lazy\" class=\"size-large wp-image-16481 aligncenter\" src=\"https:\/\/www.biopap.com\/wp-content\/uploads\/2025\/10\/Biopap-economia-circolare-2-1024x576.jpg\" alt=\"\" width=\"810\" height=\"456\" srcset=\"https:\/\/www.biopap.com\/wp-content\/uploads\/2025\/10\/Biopap-economia-circolare-2-1024x576.jpg 1024w, https:\/\/www.biopap.com\/wp-content\/uploads\/2025\/10\/Biopap-economia-circolare-2-300x169.jpg 300w, https:\/\/www.biopap.com\/wp-content\/uploads\/2025\/10\/Biopap-economia-circolare-2-768x432.jpg 768w, https:\/\/www.biopap.com\/wp-content\/uploads\/2025\/10\/Biopap-economia-circolare-2-1536x864.jpg 1536w, https:\/\/www.biopap.com\/wp-content\/uploads\/2025\/10\/Biopap-economia-circolare-2-2048x1152.jpg 2048w, https:\/\/www.biopap.com\/wp-content\/uploads\/2025\/10\/Biopap-economia-circolare-2-1170x660.jpg 1170w, https:\/\/www.biopap.com\/wp-content\/uploads\/2025\/10\/Biopap-economia-circolare-2-270x152.jpg 270w\" sizes=\"(max-width: 810px) 100vw, 810px\" \/><\/a><\/p>\n<p>&nbsp;<\/p>\n<p>Unsere kompostierbaren BIOPAP\u00ae-L\u00f6sungen erleichtern den Arbeitsablauf und die Vorbereitungsarbeiten, erh\u00f6hen die Sicherheit, verk\u00fcrzen die Arbeitszeiten, senken die Kosten f\u00fcr die Abfallentsorgung, mit positiven Auswirkungen auf B\u00f6den, Landwirtschaft und Gebiete.<\/p>\n<ol>\n<li><strong>Kompostierbare Hochleistungsschalen und Versiegelungsl\u00f6sungen f\u00fcr die Lieferung von heissen Mahlzeiten oder warmhaltenden Systeme <\/strong><\/li>\n<\/ol>\n<p>Der erste Schritt dieses neuen \u00d6kosystems f\u00fcr Italien und Spanien ist die versiegelbare Schale mit quadratischem Boden: die Grundlage aller Einzelportionen.<\/p>\n<p>Das Sortiment an BIOPAP\u00ae-Beh\u00e4ltern und Versiegelungsl\u00f6sungen umfasst Gastronorm-Schalen GN \u00bd und GN \u00bc sowie weitere Formate und Gr\u00f6\u00dfen, sowohl f\u00fcr Mehrportionen als auch f\u00fcr Einzelportionen, einschlie\u00dflich der zweiteiligen Schalen der Easy-Catering-Familie.<\/p>\n<p>Unsere patentierten BIOPAP\u00ae LC- Schalen garantieren den Kontakt und die Lagerung warmer Speisen f\u00fcr 5 Stunden bei 100 \u00b0C oder f\u00fcr 6 Stunden bei 90 \u00b0C.<\/p>\n<p>&nbsp;<\/p>\n<p><a href=\"https:\/\/www.biopap.com\/wp-content\/uploads\/2025\/07\/Screenshot-2025-07-22-alle-10.56.41.png\" data-rel=\"lightbox-image-1\" data-rl_title=\"\" data-rl_caption=\"\" title=\"\"><img decoding=\"async\" loading=\"lazy\" class=\"size-large wp-image-16032 aligncenter\" src=\"https:\/\/www.biopap.com\/wp-content\/uploads\/2025\/07\/Screenshot-2025-07-22-alle-10.56.41-1024x664.png\" alt=\"\" width=\"810\" height=\"525\" srcset=\"https:\/\/www.biopap.com\/wp-content\/uploads\/2025\/07\/Screenshot-2025-07-22-alle-10.56.41-1024x664.png 1024w, https:\/\/www.biopap.com\/wp-content\/uploads\/2025\/07\/Screenshot-2025-07-22-alle-10.56.41-300x195.png 300w, https:\/\/www.biopap.com\/wp-content\/uploads\/2025\/07\/Screenshot-2025-07-22-alle-10.56.41-768x498.png 768w, https:\/\/www.biopap.com\/wp-content\/uploads\/2025\/07\/Screenshot-2025-07-22-alle-10.56.41.png 1320w\" sizes=\"(max-width: 810px) 100vw, 810px\" \/><\/a><\/p>\n<p>&nbsp;<\/p>\n<p>&nbsp;<\/p>\n<p>Im Gegensatz zur traditionellen Serviermethode, m\u00fcssen beim Transport warmer Speisen mehrere Faktoren gr\u00fcndlich ber\u00fccksichtigt werden: die Realit\u00e4t der K\u00fcchenprozesse, die tats\u00e4chlichen F\u00fclltemperaturen, die Transportdauer und die Servierzeiten.<\/p>\n<p>Folgendes ist auch zu beachten:<\/p>\n<ul>\n<li>die F\u00fclltemperaturen vor dem Verschlie\u00dfen m\u00fcssen unbedingt \u00fcber 85 \u00b0C sein,<\/li>\n<li>die Aufbewahrungstemperaturen in W\u00e4rmebeh\u00e4ltern zusammen mit den Transport- und Servicezeiten liegen zwischen 3 und 5 Stunden;<\/li>\n<li>die f\u00fcr diese Art von Dienstleistungen verwendeten Beh\u00e4lter k\u00f6nnten m\u00f6glicherweise NICHT die technischen und beh\u00f6rdlichen Anforderungen erf\u00fcllen:<\/li>\n<li>Unzureichende MOCA<\/li>\n<li>Zerbrechlichkeit mit dem Risiko von Fremdk\u00f6rpern beim Bef\u00fcllen<\/li>\n<li>Unzureichende mechanische Festigkeit bei Temperatur<\/li>\n<li>M\u00f6glichkeit von Verformung und Geruch bei Temperatur<\/li>\n<\/ul>\n<p>Die BIOPAP\u00ae LC-Schalen sind die einzigen kompostierbaren Beh\u00e4lter, die die technische und rechtliche Eignung f\u00fcr die strengsten F\u00fcll-, Transport- und Lagerungszyklen garantieren: ohne mechanische Verformungen, ohne Geruchs- oder Geschmacks\u00fcbertragung und mit entsprechenden MOCA-Erkl\u00e4rungen, die durch globale und spezifische Migrationstests unterst\u00fctzt werden.<\/p>\n<p>Die hohen Anforderungen in dem Transport warmer Mahlzeiten erfordern technische und Planungseigenschaften, die nur BIOPAP-Schalen gew\u00e4hrleisten k\u00f6nnen, da sie f\u00fcr eine sichere Verwendung bei Temperaturen von -80 \u00b0C bis +175\/215 \u00b0C ausgelegt sind.<\/p>\n<p>Die BIOPAP\u00ae-Schalen sind au\u00dferdem bruchsicher und verursachen weder Produktabf\u00e4lle noch das Risiko einer Kontamination durch Fremdk\u00f6rper. Sie bleiben formstabil und verformungsfrei, sie sind sicher und garantiert f\u00fcr den Kontakt mit Lebensmitteln unter den realen Bedingungen des Transports warmer Mahlzeiten.<\/p>\n<p>Zusammen mit den BIOPAP\u00ae- Schalen haben wir eine kompostierbare Versiegelungsfolie entwickelt, die f\u00fcr den Transport von warmen Speisen geeignet ist, sowie ein strenger Deckel, die ein Stapeln in Warmhaltebeh\u00e4ltern ohne Verformung vor dem Servieren oder Transportieren erm\u00f6glichen. Das garantiert ein p\u00fcnktlicher Service auch in kleinen Satellitenk\u00fcchen oder in Lokalen mit einem begrenzten Platz und mit einer geringen Ausstattung.<\/p>\n<p>Die kompostierbaren BIOPAP\u00ae-Schalen, in Kombination mit den verschiedenen spezifischen Verschlussoptionen, sind die innovative L\u00f6sung in der Gemeinschaftsverpflegung und revolutionieren die Funktionalit\u00e4t, Effizienz, Sicherheit und Nachhaltigkeit der Gemeinschaftsverpflegung.<\/p>\n<p>Die Eigenschaften unserer BIOPAP\u00ae LC-Schalen f\u00fcr die Gemeinschaftsverpflegung sind einzigartig und garantieren die vollst\u00e4ndige Einhaltung der Anforderungen und die maximale Funktionalit\u00e4t im Einsatz, wodurch gleichzeitig Zeit und Betriebskosten reduziert werden:<\/p>\n<ul>\n<li>Geeignet f\u00fcr den direkten Kontakt mit Lebensmitteln bis zu 5 Stunden bei 100 \u00b0C oder 6 Stunden bei 90 \u00b0C;<\/li>\n<li>Technische Eignung bei K\u00e4lte: unzerbrechlich bei K\u00e4lte und Raumtemperatur, ohne Gefahr von Fremdk\u00f6rpern und ohne Produktabf\u00e4lle;<\/li>\n<li>Technische Eignung bei Hitze: kein Verlust an Steifigkeit und keine Verformung bei Temperatur<\/li>\n<li>Hoch stapelbar mit Easy-Open-Deckeln<\/li>\n<li>PEFC-zertifizierte erneuerbare Rohstoffe aus Europa<\/li>\n<li>Kompostierbarkeitszertifikate CIC, OK Compost Home, BPI<\/li>\n<li>USDA-Biobasierte Zertifikate<\/li>\n<li>66 % weniger CO2-Emissionen im Vergleich zu PP gleicher Gr\u00f6\u00dfe und Leistung<\/li>\n<li>BIOPAP\u00ae Produktionsst\u00e4tten mit NULL CO2-Emissionen<\/li>\n<li>Keine Pestizide<\/li>\n<li>Keine GVO<\/li>\n<li>Keine PFAS<\/li>\n<li>Europ\u00e4ische Lieferkette<\/li>\n<\/ul>\n<p>&nbsp;<\/p>\n<p><a href=\"https:\/\/www.biopap.com\/wp-content\/uploads\/2025\/07\/Dimensioni-SI19-LC.png\" data-rel=\"lightbox-image-2\" data-rl_title=\"\" data-rl_caption=\"\" title=\"\"><img decoding=\"async\" loading=\"lazy\" class=\"size-large wp-image-16115 aligncenter\" src=\"https:\/\/www.biopap.com\/wp-content\/uploads\/2025\/07\/Dimensioni-SI19-LC-1024x234.png\" alt=\"\" width=\"810\" height=\"185\" srcset=\"https:\/\/www.biopap.com\/wp-content\/uploads\/2025\/07\/Dimensioni-SI19-LC-1024x234.png 1024w, https:\/\/www.biopap.com\/wp-content\/uploads\/2025\/07\/Dimensioni-SI19-LC-300x69.png 300w, https:\/\/www.biopap.com\/wp-content\/uploads\/2025\/07\/Dimensioni-SI19-LC-768x176.png 768w, https:\/\/www.biopap.com\/wp-content\/uploads\/2025\/07\/Dimensioni-SI19-LC.png 1294w\" sizes=\"(max-width: 810px) 100vw, 810px\" \/><\/a><\/p>\n<p>&nbsp;<\/p>\n<p>Laufen Sie sich nicht dem Risiko schwerwiegender Vertragsverletzungen oder Ineffizienzen bei Dienstleistungen mit Produktabf\u00e4llen oder Unannehmlichkeiten f\u00fcr Betreiber und Nutzer der Mahlzeiten. \u00dcberpr\u00fcfen Sie sorgf\u00e4ltig Ihre Prozesse und die Eignung von Schalen und Materialien. Unsere L\u00f6sungen werden von den weltweit gr\u00f6\u00dften professionellen Catering-Anbietern f\u00fcr die kritischsten Anwendungen getestet und garantiert: Krankenh\u00e4user, Entbindungskliniken, Kinderg\u00e4rten, Sozialverpflegung sowie Flug- und Firmencatering.<\/p>\n<p>Entscheiden Sie sich f\u00fcr BIOPAP\u00ae-L\u00f6sungen! \u00a0Lasst uns die Gastronomiedienstleistungen neu machen und arbeiten dann zusammen f\u00fcr mehr Lebensmittelsicherheit, mehr Effizienz und mehr Nachhaltigkeit.<\/p>\n<p>&nbsp;<\/p>\n<p style=\"padding-left: 40px;\"><strong>2. Kompostierbare Hochleistungsschalen und Versiegelungsl\u00f6sungen f\u00fcr die Lieferung von kalten Mahlzeiten Cook &amp; Chill<\/strong><\/p>\n<p>F\u00fcr die Kaltkette hat BIOPAP\u00ae zwei patentierte L\u00f6sungen entwickelt:<br \/>\n\u2022 <strong>BIOPAP COOK &amp; CHILL<\/strong><br \/>\n\u2022 <strong>BIOPAP MAP<\/strong>, f\u00fcr die Verpackung unter Schutzatmosph\u00e4re, beschrieben im entsprechenden Abschnitt der Website. Diese einzigartige L\u00f6sung ist auch f\u00fcr die Lebensmittelindustrie und Zentralk\u00fcchen f\u00fcr Feinkostprodukte im Handel von gro\u00dfem Interesse.<\/p>\n<p>BIOPAP COOK &amp; CHILL f\u00fchrt die Gemeinschaftsverpflegung in eine neue Dimension von Nachhaltigkeit und operativer Effizienz. Wir verbinden effiziente Vorbereitungs- und Lieferprozesse mit Wirtschaftlichkeit und positivem Umwelteinfluss, insbesondere hinsichtlich der Verwertung organischer Abf\u00e4lle am Ende des Service und deren Nutzung in der Landwirtschaft.<\/p>\n<p>Die Entwicklung von BIOPAP COOK &amp; CHILL konzentrierte sich auf die Optimierung der Leistung der Schalen und Versiegelungssysteme, um zu gew\u00e4hrleisten:<\/p>\n<ul>\n<li>Best\u00e4ndigkeit in Schnellk\u00fchlzellen bei Temperaturen unter \u201335 \u00b0C<br \/>\n\u2022 Best\u00e4ndigkeit in K\u00fchlr\u00e4umen (+3 bis +5 \u00b0C) bei bis zu 75 % relativer Luftfeuchte bis zu 5 Tage nach der Verpackung<br \/>\n\u2022 Stapelbarkeit und Transport in Mehrportionskisten<br \/>\n\u2022 Regeneration bis 140 \u00b0C zur Verk\u00fcrzung der Servicezeiten<br \/>\n\u2022 Kompostierbarkeit und anaerobe Verg\u00e4rung der Beh\u00e4lter und Speisereste zur Erzeugung von Biogas und landwirtschaftlichem Kompost<\/li>\n<\/ul>\n<p>Die Versiegelungsl\u00f6sungen werden ausgew\u00e4hlt und angepasst an:<br \/>\n\u2022 die Eigenschaften der Produktions- und Serviceprozesse<br \/>\n\u2022 die Bedingungen von Lieferung, Stapelung und Wiedererw\u00e4rmung \u2014 mit BIOPlus-, BioHT-Folien und Easy-Open-Deckeln.<\/p>\n<p>Die kompostierbaren Einzelportionen von <strong>BIOPAP\u00ae COOK &amp; CHILL<\/strong> sind auch die bevorzugte Wahl zur Vermeidung von Kreuzkontaminationen und zur Verbesserung der betrieblichen Effizienz. Die steigende Nachfrage nach speziellen Di\u00e4ten (glutenfrei, halal, vegetarisch, vegan) und das Management von Allergenen werden in zentralisierten Prozessen besser beherrscht. Die Mahlzeiten k\u00f6nnen mit gro\u00dfer Sorgfalt zubereitet, verpackt und anschlie\u00dfend in hygienischen, kompostierbaren BIOPAP\u00ae COOK &amp; CHILL-Beh\u00e4ltern an Satellitenk\u00fcchen geliefert werden.<\/p>\n<p>Das Sortiment umfasst Mehrportionsschalen GN \u00bd und GN \u00bc sowie weitere Formate und Gr\u00f6\u00dfen, in Mehrportionen und Einzelportionen, einschlie\u00dflich zweiteiliger Schalen der Easy-Catering-Reihe.<\/p>\n<p>F\u00fcr das Mehrportionsformat GN \u00bd haben wir das spezifische Modell <strong>BIOPAP SI-23<\/strong> entwickelt, mit einem verst\u00e4rkten, umgerollten Rand entlang des gesamten Versiegelungsbereichs.<\/p>\n<p>Diese Innovation gew\u00e4hrleistet eine hohe Steifigkeit, bis zu 2 kg Inhalt.<\/p>\n<p>Das exklusive System <strong>CFS (Collaborative Functional Sealing)<\/strong> verbindet Beh\u00e4lter und Versiegelungsfilm und garantiert eine au\u00dfergew\u00f6hnliche mechanische Stabilit\u00e4t w\u00e4hrend Lagerung, Transport, Regeneration und Service.<\/p>\n<p>BIOPAP SI-23 ist die ideale Alternative zu PP-Schalen und glatten Aluminiumschalen f\u00fcr den Transport von Bulk-Mahlzeiten von Zentralk\u00fcchen zu Satellitenk\u00fcchen, bei gleichzeitig vollst\u00e4ndiger Zirkularit\u00e4t und einer Reduktion der CO\u2082-Emissionen um 66\u201370 % (Cradle-to-Grave-LCA).<\/p>\n<p>Der Ersatz traditioneller GN-Edelstahlschalen wird vereinfacht, kosteng\u00fcnstig und schnell.<\/p>\n<p>Der Einsatz des vollst\u00e4ndig kompostierbaren <strong>BIOPAP\u00ae SI-23<\/strong> macht teure Sp\u00fclstrukturen \u00fcberfl\u00fcssig, reduziert das Transportgewicht um 95 % und verbessert die Ergonomie f\u00fcr die Bediener (weniger Gewicht, weniger L\u00e4rm, weniger Belastung).<\/p>\n<p>Alle kompostierbaren BIOPAP\u00ae-Verpackungsl\u00f6sungen sind darauf ausgelegt, die Vorbereitungsabl\u00e4ufe zu optimieren, den Service zu beschleunigen und zu sichern und dabei maximale Lebensmittelsicherheit zu gew\u00e4hrleisten.<\/p>\n<p>&nbsp;<\/p>\n<ol start=\"3\">\n<li><strong> Hochleistungsl\u00f6sungen kompostierbarer Schalen f\u00fcr Kombinationsprozesse Cook &amp; Chill mit zentraler Regeneration und heisser Ausgabe bis zu 5 Stunden<\/strong><\/li>\n<\/ol>\n<p>In Zusammenarbeit mit Marktf\u00fchrern und unserer F&amp;E-Abteilung haben wir eine einzigartige L\u00f6sung in kompostierbaren Beh\u00e4ltern entwickelt.<\/p>\n<p><strong>BIOPAP\u00ae COMBINED<\/strong> ist eine spezielle Version, die die sichere Durchf\u00fchrung eines kombinierten Prozesses COOK &amp; CHILL gefolgt von COOK &amp; HOLD gew\u00e4hrleistet.<\/p>\n<p>Diese Entwicklung adressiert integrierte Prozessanforderungen, bei denen die Rationalisierung der Satellitenk\u00fcchen die Effizienz der zentralen Produktion erh\u00f6ht. Satellitenk\u00fcchen verf\u00fcgen \u00fcber keine Wiedererw\u00e4rmungsger\u00e4te: Mehrportions- und Einzelportionen werden zentral regeneriert und anschlie\u00dfend hei\u00df in BIOPAP\u00ae COMBINED-Beh\u00e4ltern geliefert und serviert.<\/p>\n<p>BIOPAP\u00ae COMBINED bietet insbesondere:<\/p>\n<ul>\n<li>Best\u00e4ndigkeit in Schnellk\u00fchlern unter \u201335 \u00b0C<br \/>\n\u2022 K\u00fchlrahmenlagerung (+3 bis +5 \u00b0C) bis zu 5 Tage<br \/>\n\u2022 Zentrale Regeneration bis 120 \u00b0C<br \/>\n\u2022 Stapel- und Transportbest\u00e4ndigkeit in Isoliercontainern<br \/>\n\u2022 Technologische und regulatorische Konformit\u00e4t f\u00fcr sicheren Lebensmittelkontakt bis zu 5 Stunden bei 100 \u00b0C<\/li>\n<\/ul>\n<p>Dank F&amp;E und pr\u00e4ziser Material- und Produktgestaltung liefern wir L\u00f6sungen, die h\u00f6chste Standards in Lebensmittelsicherheit und -qualit\u00e4t sichern und gleichzeitig die Effizienz der Dienstleistungen verbessern.<br \/>\nAlle BIOPAP\u00ae-L\u00f6sungen sind kompostierbar und zertifiziert (CIC, OK compost HOME, BPI, USDA BioBased &gt;97 %), ohne dass Verpackungen und Speisereste getrennt werden m\u00fcssen.<\/p>\n<p>&nbsp;<\/p>\n<ol start=\"4\">\n<li><strong> Hochleistungsl\u00f6sungen kompostierbarer Schalen f\u00fcr tiefk\u00fchl-Fertiggerichte und Cook &amp; Freeze<\/strong><\/li>\n<\/ol>\n<p><strong>Treiber von Cook &amp; Freeze<\/strong><\/p>\n<p>Cook-&amp;-Freeze-Prozesse wachsen stark und erf\u00fcllen neue Marktanforderungen:<\/p>\n<ul>\n<li>bessere Produktionsplanung<br \/>\n\u2022 gr\u00f6\u00dfere Men\u00fcvielfalt<br \/>\n\u2022 Reduzierung von Lebensmittelverschwendung<br \/>\n\u2022 Nutzung saisonaler Zutaten<br \/>\n\u2022 bessere Erhaltung der N\u00e4hrwerte<br \/>\n\u2022 gleichbleibend hohe Qualit\u00e4tsstandards<\/li>\n<\/ul>\n<p>Mit \u00fcber 15 Jahren Erfahrung hat BIOPAP\u00ae spezifische L\u00f6sungen entwickelt, die hohe Leistungen in Vorbereitung, Tiefk\u00fchlung, Regeneration und End-of-Life bieten.<\/p>\n<p>Die kompostierbaren <strong>BIOPAP\u00ae LC<\/strong>-L\u00f6sungen erf\u00fcllen die Anforderungen automatisierter, effizienter Prozesse mit Fokus auf Produktqualit\u00e4t.<\/p>\n<p>Anwendungen mit Siegel\u00adfolien bieten Best\u00e4ndigkeit gegen\u00fcber extremen Tiefk\u00fchl\u00adtemperaturen und hohen Aufheiztemperaturen.<\/p>\n<p>Die besten Leistungen werden durch die Kombination <strong>Schalen + EASY-OPEN-Deckel<\/strong> erzielt, geeignet f\u00fcr Hochgeschwindigkeitslinien und kryogene Tunnel.<\/p>\n<p><strong>Einzigartige Leistung bei Tiefk\u00fchlung<\/strong><\/p>\n<p>BIOPAP\u00ae-Schalen werden bei niedrigen Temperaturen nicht spr\u00f6de und behalten selbst bei tiefen Temperaturen eine dauerhafte Versiegelung, insbesondere mit Easy-Open-Deckeln.<\/p>\n<p>Sie sind geeignet f\u00fcr IQF-Prozesse bis \u201390 \u00b0C, einschlie\u00dflich Kryotunneln mit fl\u00fcssigem Stickstoff, und erm\u00f6glichen eine optimale Kristallbildung ohne Sch\u00e4digung der Zellmembranen der Lebensmittel.<\/p>\n<p>Dies f\u00fchrt zu:<\/p>\n<ul>\n<li>beschleunigten Prozessen<\/li>\n<li>k\u00fcrzeren Gefrierzeiten<\/li>\n<li>h\u00f6herer Lebensmittelqualit\u00e4tkeinem Risiko von Fremdk\u00f6rpern in stark automatisierten Linien<\/li>\n<li>drastischer Reduzierung von Ausschuss durch Bruch w\u00e4hrend Transport, Versiegelung und Verpackung<strong>\u00a0<\/strong><\/li>\n<\/ul>\n<p><strong>\u00dcberlegene organoleptische Qualit\u00e4t bei Vorbereitung und Regeneration<\/strong><\/p>\n<p>Bei hohen Temperaturen behalten BIOPAP\u00ae-Beh\u00e4lter ihre strukturelle Stabilit\u00e4t und erweichen nicht. Regenerationstemperaturen reichen von +145 \u00b0C bis \u00fcber 185 \u00b0C.<\/p>\n<p>Die Abwesenheit enzymatischer Wechselwirkungen mit Obst und Gem\u00fcse bewahrt Farben, Geschmack und N\u00e4hrwerte und verbessert deutlich die Qualit\u00e4t der fertigen Gerichte.<\/p>\n<p>W\u00e4hrend der Wiedererw\u00e4rmung sorgt ein gleichm\u00e4\u00dfiger W\u00e4rmeaustausch f\u00fcr homogen erhitzte Speisen und vermeidet \u00dcber- oder Untergarzonen.<\/p>\n<p>Die integrierten Ventilationsventile in den EASY-OPEN-Deckeln verhindern \u00dcberkochen und verbessern Textur, Konsistenz und sensorische Wahrnehmung.<\/p>\n<p><strong>Lebensmittelerlebnis, Sicherheit und Kommunikation<\/strong><\/p>\n<p>Die Kombination mit EASY-OPEN-Deckeln gew\u00e4hrleistet:<\/p>\n<ul>\n<li>sicheres, kontrolliertes \u00d6ffnen<\/li>\n<li>hohe Steifigkeit auch w\u00e4hrend der Regeneration<\/li>\n<li>einfache Handhabung f\u00fcr Bediener und Verbraucher<\/li>\n<\/ul>\n<p>Dar\u00fcber hinaus k\u00f6nnen EASY-OPEN-Systeme differenzierte \u00d6ffnungsfunktionen integrieren, um unterschiedliche Regenerationseffekte (z. B. Crisp- und Soft-Aroma-Zonen) zu erm\u00f6glichen.<\/p>\n<p>Der verst\u00e4rkte Rand sorgt f\u00fcr Stabilit\u00e4t auch nach dem \u00d6ffnen und f\u00fcr eine optimale Pr\u00e4sentation.<\/p>\n<p>Die Au\u00dfenbedruckbarkeit mit ausschlie\u00dflich kompostierbaren, f\u00fcr Heimkompost zertifizierten Farben erm\u00f6glicht eine wirkungsvolle Kommunikation zu Produktinformationen, Werten und Nachhaltigkeit.<\/p>\n<p><strong>Vollst\u00e4ndige Zirkularit\u00e4t und Emissionsreduktion<\/strong><\/p>\n<p>BIOPAP\u00ae-L\u00f6sungen sind von Grund auf kompostierbar und zertifiziert (CIC, OK compost HOME, BPI, USDA BioBased &gt;97 %), ohne Trennung von Verpackung und Lebensmittelabf\u00e4llen.<\/p>\n<p>Im Vergleich zu herk\u00f6mmlichen Materialien zeigen Cradle-to-Grave-LCAs:<\/p>\n<ul>\n<li>\u201366 % CO\u2082-Emissionen gegen\u00fcber PP\/CPET<\/li>\n<li>\u201370 % CO\u2082-Emissionen gegen\u00fcber Aluminium<\/li>\n<\/ul>\n<p>Die gemeinsame Entsorgung der kompostierbaren BIOPAP\u00ae-Schalen mit Speiseresten erm\u00f6glicht ihre direkte Verwertung zu Biogas und Kompost und unterst\u00fctzt damit ein zirkul\u00e4res Wirtschaftsmodell mit konkreten Vorteilen f\u00fcr Regionen, Landwirtschaft und Entsorgungskosten.<\/p>\n<p>&nbsp;<\/p>\n<p><strong>Schlussfolgerung<\/strong><\/p>\n<p>Die Bereiche Gemeinschaftsverpflegung, Foodservice und Lebensmittelindustrie befinden sich im Wandel und ben\u00f6tigen fortschrittliche, zuverl\u00e4ssige Verpackungsl\u00f6sungen, um strategische Langfristziele zu erreichen:<\/p>\n<ul>\n<li>Reduzierung von Lebensmittelabf\u00e4llen<br \/>\n\u2022 bessere Produktionsplanung<br \/>\n\u2022 l\u00e4ngere Haltbarkeit ohne Qualit\u00e4tsverlust<br \/>\n\u2022 verbessertes sensorisches Erlebnis (Farbe, Aroma, Textur)<br \/>\n\u2022 h\u00f6here Aufmerksamkeit f\u00fcr N\u00e4hrwertqualit\u00e4t<br \/>\n\u2022 geringere CO\u2082-Bilanz bei Men\u00fcs, Verpackung und Prozessen<br \/>\n\u2022 Erweiterung der Kundschaft und Vertriebswege<br \/>\n\u2022 effizientere, sichere und nachhaltige Arbeitsorganisation<\/li>\n<\/ul>\n<p>In diesem Kontext wird Verpackung zu einem strategischen Faktor f\u00fcr Wettbewerbsf\u00e4higkeit, Nachhaltigkeit und Effizienz.<\/p>\n<p>BIOPAP\u00ae entwickelt Verpackungsl\u00f6sungen auf Basis eines systemischen Ansatzes, der den gesamten Wertkreislauf ber\u00fccksichtigt \u2014 von der Zubereitung \u00fcber industrielle Prozesse bis hin zu Abfallmanagement und gesellschaftlichen und \u00f6kologischen Auswirkungen.<\/p>\n<p>Unsere Innovationen entstehen aus der Integration von Materialien, Design, Verarbeitungstechnologien und Produktionsprozessen \u2014 mit dem Ziel maximaler Funktionalit\u00e4t bei minimalem Ressourceneinsatz. Dies erm\u00f6glicht bessere Lebensmittelqualit\u00e4t, h\u00f6here operative Effizienz, weniger Verschwendung und optimierte Kosten entlang der gesamten Lieferkette.<\/p>\n","protected":false},"excerpt":{"rendered":"<p>Unser systemischer Ansatz und die enge Zusammenarbeit mit unseren Partnern in der gesamten Lieferkette im Gastronomiebereich motivieren uns, konkrete und&#8230;<\/p>\n","protected":false},"author":4,"featured_media":0,"parent":1474,"menu_order":0,"comment_status":"closed","ping_status":"closed","template":"","meta":[],"_links":{"self":[{"href":"https:\/\/www.biopap.com\/de\/wp-json\/wp\/v2\/pages\/17033"}],"collection":[{"href":"https:\/\/www.biopap.com\/de\/wp-json\/wp\/v2\/pages"}],"about":[{"href":"https:\/\/www.biopap.com\/de\/wp-json\/wp\/v2\/types\/page"}],"author":[{"embeddable":true,"href":"https:\/\/www.biopap.com\/de\/wp-json\/wp\/v2\/users\/4"}],"replies":[{"embeddable":true,"href":"https:\/\/www.biopap.com\/de\/wp-json\/wp\/v2\/comments?post=17033"}],"version-history":[{"count":4,"href":"https:\/\/www.biopap.com\/de\/wp-json\/wp\/v2\/pages\/17033\/revisions"}],"predecessor-version":[{"id":17500,"href":"https:\/\/www.biopap.com\/de\/wp-json\/wp\/v2\/pages\/17033\/revisions\/17500"}],"up":[{"embeddable":true,"href":"https:\/\/www.biopap.com\/de\/wp-json\/wp\/v2\/pages\/1474"}],"wp:attachment":[{"href":"https:\/\/www.biopap.com\/de\/wp-json\/wp\/v2\/media?parent=17033"}],"curies":[{"name":"wp","href":"https:\/\/api.w.org\/{rel}","templated":true}]}}