{"id":17129,"date":"2025-11-18T11:09:34","date_gmt":"2025-11-18T11:09:34","guid":{"rendered":"https:\/\/www.biopap.com\/?page_id=17129\/"},"modified":"2025-11-25T13:34:04","modified_gmt":"2025-11-25T13:34:04","slug":"wirkungsbericht","status":"publish","type":"page","link":"https:\/\/www.biopap.com\/de\/wir-uber-uns\/wirkungsbericht\/","title":{"rendered":"Wirkungsbericht"},"content":{"rendered":"<p>Der Nachhaltigkeitspfad von BIOPAP\u00ae ist ein integraler und wesentlicher Bestandteil seiner Geschichte, seiner Unternehmensf\u00fchrung und der getroffenen Entscheidungen, darunter die Entscheidung, eine <em>Societ\u00e0 Benefit<\/em> zu werden.<\/p>\n<p>BIOPAP\u00ae ist seit jeher gepr\u00e4gt von einer nat\u00fcrlichen strategischen Ausrichtung auf ethische Gesch\u00e4ftsbeziehungen, Engagement f\u00fcr die Gemeinschaft und der F\u00f6rderung von Innovation als Instrument der Nachhaltigkeit \u2013 Faktoren und Verhaltensweisen, die auf eine Unternehmensethik hinweisen, die weit \u00fcber die blo\u00dfe Einhaltung gesetzlicher Vorgaben hinausgeht.<br \/>\n\u201eMit dem Schritt zur <em>Societ\u00e0 Benefit<\/em> m\u00f6chten wir am Aufbau einer Gemeinschaft mitwirken, die auf eine \u00f6kologisch und sozial nachhaltige Entwicklung ausgerichtet ist. Dies spiegelt unsere langfristige Vision sowie unser Engagement wider, Wert f\u00fcr die gesamte Gemeinschaft zu schaffen und eine positive Lieferkette zu f\u00f6rdern\u201c, erkl\u00e4rte Maria Teresa Brassiolo, Mitgr\u00fcnderin und gesch\u00e4ftsf\u00fchrende Direktorin von BIOPAP\u00ae.<\/p>\n\n\t\t<style type=\"text\/css\">\n\t\t\t#gallery-1 {\n\t\t\t\tmargin: auto;\n\t\t\t}\n\t\t\t#gallery-1 .gallery-item {\n\t\t\t\tfloat: left;\n\t\t\t\tmargin-top: 10px;\n\t\t\t\ttext-align: center;\n\t\t\t\twidth: 100%;\n\t\t\t}\n\t\t\t#gallery-1 img {\n\t\t\t\tborder: 2px solid #cfcfcf;\n\t\t\t}\n\t\t\t#gallery-1 .gallery-caption {\n\t\t\t\tmargin-left: 0;\n\t\t\t}\n\t\t\t\/* see gallery_shortcode() in wp-includes\/media.php *\/\n\t\t<\/style>\n\t\t<div id='gallery-1' class='gallery galleryid-17129 gallery-columns-1 gallery-size-large'><dl class='gallery-item'>\n\t\t\t<dt class='gallery-icon landscape'>\n\t\t\t\t<a href='https:\/\/www.biopap.com\/wp-content\/uploads\/2025\/11\/IMG_1550.jpg' title=\"\" data-rl_title=\"\" class=\"rl-gallery-link\" data-rl_caption=\"\" data-rel=\"lightbox-gallery-1\"><img width=\"810\" height=\"293\" src=\"https:\/\/www.biopap.com\/wp-content\/uploads\/2025\/11\/IMG_1550-1024x371.jpg\" class=\"attachment-large size-large\" alt=\"\" decoding=\"async\" loading=\"lazy\" srcset=\"https:\/\/www.biopap.com\/wp-content\/uploads\/2025\/11\/IMG_1550-1024x371.jpg 1024w, https:\/\/www.biopap.com\/wp-content\/uploads\/2025\/11\/IMG_1550-300x109.jpg 300w, https:\/\/www.biopap.com\/wp-content\/uploads\/2025\/11\/IMG_1550-768x279.jpg 768w, https:\/\/www.biopap.com\/wp-content\/uploads\/2025\/11\/IMG_1550-1536x557.jpg 1536w, https:\/\/www.biopap.com\/wp-content\/uploads\/2025\/11\/IMG_1550-2048x743.jpg 2048w\" sizes=\"(max-width: 810px) 100vw, 810px\" \/><\/a>\n\t\t\t<\/dt><\/dl><br style=\"clear: both\" \/>\n\t\t<\/div>\n\n<p>Das innovative Rechtsinstrument der <em>Societ\u00e0 Benefit<\/em>, das durch die italienische Gesetzgebung erm\u00f6glicht wird, sieht eine Analyse der wesentlichen Unternehmenswerte, die Definition des Gemeinwohls und eine \u00c4nderung der Unternehmenssatzung mit konkreten Verpflichtungen in Bezug auf Governance, Ziele und Berichterstattung vor. \u201eAus diesen Gr\u00fcnden haben wir die Umwandlung in eine <em>Societ\u00e0 Benefit<\/em> der freiwilligen B-Corp-Zertifizierung vorgezogen. Wir sind der Ansicht, dass dies ein st\u00e4rkeres und langfristigeres Engagement darstellt, das unsere Unternehmensvision besser widerspiegelt\u201c, erkl\u00e4rte Filippo Rossi, gesch\u00e4ftsf\u00fchrender Direktor und Mitgr\u00fcnder.<\/p>\n<p>Die Erstellung und Ver\u00f6ffentlichung des Wirkungsberichts geh\u00f6rt zu den in der italienischen Gesetzgebung f\u00fcr <em>Societ\u00e0 Benefit<\/em> festgelegten Verpflichtungen und steht im Einklang mit den strategischen Leitlinien von BIOPAP: Er stellt eine Aufwertung und Bewertung der durchgef\u00fchrten Aktivit\u00e4ten dar und ist gleichzeitig ein Moment des gemeinsamen Bewusstseins f\u00fcr die gesamte Organisation. Der Bericht enth\u00e4lt vertiefende Analysen zu folgenden Themen: die Gemeinwohlziele als Bestandteil der strategischen Ausrichtung des Unternehmens, die im Laufe des jeweiligen Jahres durchgef\u00fchrten Aktivit\u00e4ten sowie die Bewertung anhand des <em>B Impact Assessment<\/em> (<a href=\"https:\/\/bcorporation.eu\">https:\/\/bcorporation.eu<\/a>). Das BIA ist der internationale Referenzstandard zur Bewertung von f\u00fcnf verschiedenen Bereichen: Governance, Mitarbeitende, Gemeinschaft, Umwelt und Kunden. Die italienische Gesetzgebung sieht eine j\u00e4hrliche \u00dcberpr\u00fcfung des BIA vor, die in den Wirkungsbericht integriert wird.<\/p>\n\n\t\t<style type=\"text\/css\">\n\t\t\t#gallery-2 {\n\t\t\t\tmargin: auto;\n\t\t\t}\n\t\t\t#gallery-2 .gallery-item {\n\t\t\t\tfloat: left;\n\t\t\t\tmargin-top: 10px;\n\t\t\t\ttext-align: center;\n\t\t\t\twidth: 50%;\n\t\t\t}\n\t\t\t#gallery-2 img {\n\t\t\t\tborder: 2px solid #cfcfcf;\n\t\t\t}\n\t\t\t#gallery-2 .gallery-caption {\n\t\t\t\tmargin-left: 0;\n\t\t\t}\n\t\t\t\/* see gallery_shortcode() in wp-includes\/media.php *\/\n\t\t<\/style>\n\t\t<div id='gallery-2' class='gallery galleryid-17129 gallery-columns-2 gallery-size-medium'><dl class='gallery-item'>\n\t\t\t<dt class='gallery-icon landscape'>\n\t\t\t\t<a href='https:\/\/www.biopap.com\/wp-content\/uploads\/2025\/11\/2-piano.jpg' title=\"\" data-rl_title=\"\" class=\"rl-gallery-link\" data-rl_caption=\"\" data-rel=\"lightbox-gallery-2\"><img width=\"300\" height=\"226\" src=\"https:\/\/www.biopap.com\/wp-content\/uploads\/2025\/11\/2-piano-300x226.jpg\" class=\"attachment-medium size-medium\" alt=\"\" decoding=\"async\" loading=\"lazy\" srcset=\"https:\/\/www.biopap.com\/wp-content\/uploads\/2025\/11\/2-piano-300x226.jpg 300w, https:\/\/www.biopap.com\/wp-content\/uploads\/2025\/11\/2-piano-1024x770.jpg 1024w, https:\/\/www.biopap.com\/wp-content\/uploads\/2025\/11\/2-piano-768x577.jpg 768w, https:\/\/www.biopap.com\/wp-content\/uploads\/2025\/11\/2-piano.jpg 1475w\" sizes=\"(max-width: 300px) 100vw, 300px\" \/><\/a>\n\t\t\t<\/dt><\/dl><dl class='gallery-item'>\n\t\t\t<dt class='gallery-icon landscape'>\n\t\t\t\t<a href='https:\/\/www.biopap.com\/wp-content\/uploads\/2025\/11\/Scale.jpg' title=\"\" data-rl_title=\"\" class=\"rl-gallery-link\" data-rl_caption=\"\" data-rel=\"lightbox-gallery-2\"><img width=\"300\" height=\"226\" src=\"https:\/\/www.biopap.com\/wp-content\/uploads\/2025\/11\/Scale-300x226.jpg\" class=\"attachment-medium size-medium\" alt=\"\" decoding=\"async\" loading=\"lazy\" srcset=\"https:\/\/www.biopap.com\/wp-content\/uploads\/2025\/11\/Scale-300x226.jpg 300w, https:\/\/www.biopap.com\/wp-content\/uploads\/2025\/11\/Scale-1024x770.jpg 1024w, https:\/\/www.biopap.com\/wp-content\/uploads\/2025\/11\/Scale-768x577.jpg 768w, https:\/\/www.biopap.com\/wp-content\/uploads\/2025\/11\/Scale.jpg 1475w\" sizes=\"(max-width: 300px) 100vw, 300px\" \/><\/a>\n\t\t\t<\/dt><\/dl><br style=\"clear: both\" \/>\n\t\t<\/div>\n\n<p>Im Wirkungsbericht wird zudem ein \u00dcberblick \u00fcber die Geschichte, Vision und Werte des Unternehmens sowie \u00fcber die ethischen Grunds\u00e4tze und Richtlinien, denen BIOPAP folgt, pr\u00e4sentiert.<br \/>\nBIOPAP m\u00f6chte die Ergebnisse seines kontinuierlichen Engagements im ESG-Bereich teilen: die jedes Jahr umgesetzten Ma\u00dfnahmen, die gesteckten Ziele und das Bestreben nach kontinuierlicher Verbesserung.<\/p>\n<p>&nbsp;<\/p>\n<p><a href=\"https:\/\/www.biopap.com\/wp-content\/uploads\/2025\/11\/SI.1-LC...png\" data-rel=\"lightbox-image-3\" data-rl_title=\"\" data-rl_caption=\"\" title=\"\"><img decoding=\"async\" loading=\"lazy\" class=\" wp-image-17291 aligncenter\" src=\"https:\/\/www.biopap.com\/wp-content\/uploads\/2025\/11\/SI.1-LC..-1024x713.png\" alt=\"\" width=\"523\" height=\"364\" srcset=\"https:\/\/www.biopap.com\/wp-content\/uploads\/2025\/11\/SI.1-LC..-1024x713.png 1024w, https:\/\/www.biopap.com\/wp-content\/uploads\/2025\/11\/SI.1-LC..-300x209.png 300w, https:\/\/www.biopap.com\/wp-content\/uploads\/2025\/11\/SI.1-LC..-768x535.png 768w, https:\/\/www.biopap.com\/wp-content\/uploads\/2025\/11\/SI.1-LC..-1536x1070.png 1536w, https:\/\/www.biopap.com\/wp-content\/uploads\/2025\/11\/SI.1-LC..-2048x1426.png 2048w\" sizes=\"(max-width: 523px) 100vw, 523px\" \/><\/a><\/p>\n<p>\u201eDer \u00dcbergang zur <em>Societ\u00e0 Benefit<\/em> ist f\u00fcr BIOPAP\u00ae ein nat\u00fcrlicher Schritt und soll ein aktives Zeugnis sowie ein Beispiel daf\u00fcr sein, das Engagement wiederzubeleben und zu f\u00f6rdern, das jedes Unternehmen gegen\u00fcber Gesellschaft und Umwelt haben muss. Mein Dank gilt allen Gesellschaftern, die diesen Weg unterst\u00fctzt haben, dem Team von Askesis Societ\u00e0 Benefit Srl sowie allen Kolleginnen und Kollegen, die aktiv an den Treffen teilgenommen haben und die diesen Geist jeden Tag teilen, leben und vorantreiben.\u201c<\/p>\n<p>Michelangelo Anderlini, Pr\u00e4sident und Mitgr\u00fcnder.<\/p>\n<p>&nbsp;<\/p>\n<p><a href=\"https:\/\/www.biopap.com\/wp-content\/uploads\/2024\/11\/Biopap_Relazione-dimpatto_2023.pdf\">Biopap_Relazione d&#8217;impatto_2023<\/a><\/p>\n<p><a href=\"https:\/\/www.biopap.com\/wp-content\/uploads\/2025\/06\/Biopap_Relazione-dimpatto_-2024.pdf\">Biopap_Relazione d&#8217;impatto_ 2024<\/a><\/p>\n","protected":false},"excerpt":{"rendered":"<p>Der Nachhaltigkeitspfad von BIOPAP\u00ae ist ein integraler und wesentlicher Bestandteil seiner Geschichte, seiner Unternehmensf\u00fchrung und der getroffenen Entscheidungen, darunter die&#8230;<\/p>\n","protected":false},"author":4,"featured_media":0,"parent":146,"menu_order":0,"comment_status":"closed","ping_status":"closed","template":"","meta":[],"_links":{"self":[{"href":"https:\/\/www.biopap.com\/de\/wp-json\/wp\/v2\/pages\/17129"}],"collection":[{"href":"https:\/\/www.biopap.com\/de\/wp-json\/wp\/v2\/pages"}],"about":[{"href":"https:\/\/www.biopap.com\/de\/wp-json\/wp\/v2\/types\/page"}],"author":[{"embeddable":true,"href":"https:\/\/www.biopap.com\/de\/wp-json\/wp\/v2\/users\/4"}],"replies":[{"embeddable":true,"href":"https:\/\/www.biopap.com\/de\/wp-json\/wp\/v2\/comments?post=17129"}],"version-history":[{"count":3,"href":"https:\/\/www.biopap.com\/de\/wp-json\/wp\/v2\/pages\/17129\/revisions"}],"predecessor-version":[{"id":17328,"href":"https:\/\/www.biopap.com\/de\/wp-json\/wp\/v2\/pages\/17129\/revisions\/17328"}],"up":[{"embeddable":true,"href":"https:\/\/www.biopap.com\/de\/wp-json\/wp\/v2\/pages\/146"}],"wp:attachment":[{"href":"https:\/\/www.biopap.com\/de\/wp-json\/wp\/v2\/media?parent=17129"}],"curies":[{"name":"wp","href":"https:\/\/api.w.org\/{rel}","templated":true}]}}