{"id":1726,"date":"2016-06-16T10:38:14","date_gmt":"2016-06-16T10:38:14","guid":{"rendered":"http:\/\/biopap.com\/?page_id=1726"},"modified":"2021-07-22T15:40:36","modified_gmt":"2021-07-22T15:40:36","slug":"biopap-schalen-verschluss-mit-gleitdeckel-mit-schienen-cr","status":"publish","type":"page","link":"https:\/\/www.biopap.com\/de\/siegelsysteme\/biopap-schalen-verschluss-mit-gleitdeckel-mit-schienen-cr\/","title":{"rendered":"BIOPAP\u00ae Schalen mit hartem Easy-Clip Deckel (CT)"},"content":{"rendered":"<h3><span lang=\"DE\">BIOPAP\u00ae Easy-Clip ist die professionelle, hygienische und nachhaltige L\u00f6sung f\u00fcr zu Hause und Take-away.<\/span><\/h3>\n<p><strong>Woraus besteht das System?<\/strong><\/p>\n<p><strong>4 kompostierbare BIOPAP\u00ae LC-Schalen, die alle Anforderungen erf\u00fcllen\u00a0<\/strong><\/p>\n<p><strong>LM-04 LC:\u00a0<\/strong>455 ml f\u00fcr Beilagen, Aufl\u00e4ufe, Obstsalate, Desserts\u2026 (1 Portion)<br \/>\n<strong>SI-17 LC: <\/strong>595\u00a0ml f\u00fcr ein klassisches Hauptgericht (1\/2 Portionen)<br \/>\n<strong>LM-05 LC:\u00a0<\/strong>865 ml f\u00fcr ein klassisches Hauptgericht (2 Portionen)<br \/>\n<strong>LM-02 LC:\u00a0<\/strong>1500 ml f\u00fcr gr\u00f6\u00dfere Portionen (3\/4 Portionen)<\/p>\n<p><strong><a href=\"https:\/\/www.biopap.com\/wp-content\/uploads\/2015\/08\/IMG_6132.jpg\" data-rel=\"lightbox-image-0\" data-rl_title=\"\" data-rl_caption=\"\" title=\"\"><img decoding=\"async\" loading=\"lazy\" class=\"alignnone wp-image-7736\" src=\"https:\/\/www.biopap.com\/wp-content\/uploads\/2015\/08\/IMG_6132-300x225.jpg\" alt=\"\" width=\"368\" height=\"276\" srcset=\"https:\/\/www.biopap.com\/wp-content\/uploads\/2015\/08\/IMG_6132-300x225.jpg 300w, https:\/\/www.biopap.com\/wp-content\/uploads\/2015\/08\/IMG_6132-768x576.jpg 768w, https:\/\/www.biopap.com\/wp-content\/uploads\/2015\/08\/IMG_6132-1024x768.jpg 1024w\" sizes=\"(max-width: 368px) 100vw, 368px\" \/><\/a>\u00a0<a href=\"https:\/\/www.biopap.com\/wp-content\/uploads\/2015\/08\/IMG_6130.jpg\" data-rel=\"lightbox-image-1\" data-rl_title=\"\" data-rl_caption=\"\" title=\"\"><img decoding=\"async\" loading=\"lazy\" class=\"alignnone wp-image-7740\" src=\"https:\/\/www.biopap.com\/wp-content\/uploads\/2015\/08\/IMG_6130-300x225.jpg\" alt=\"\" width=\"365\" height=\"274\" srcset=\"https:\/\/www.biopap.com\/wp-content\/uploads\/2015\/08\/IMG_6130-300x225.jpg 300w, https:\/\/www.biopap.com\/wp-content\/uploads\/2015\/08\/IMG_6130-768x576.jpg 768w, https:\/\/www.biopap.com\/wp-content\/uploads\/2015\/08\/IMG_6130-1024x768.jpg 1024w\" sizes=\"(max-width: 365px) 100vw, 365px\" \/><\/a><\/strong><\/p>\n<p><strong>VORTEILE<\/strong><\/p>\n<p><strong>Schnell:<\/strong> Wenige Sekunden zum Aufsetzten des Deckels auf den Beh\u00e4lter.<\/p>\n<p><strong>Praktisch und vielseitig<\/strong><strong><br \/>\n<\/strong>Biopap\u00ae-Schalen k\u00f6nnen in jeder Art von Ofen (traditionell oder Mikrowelle) wieder aufgew\u00e4rmt und im<br \/>\nGefrierschrank und\u00a0K\u00fchlschrank aufbewahrt werden. Sie k\u00f6nnen leicht als gebrauchsfertige Schale<br \/>\nverwendet werden: Dadurch wird Abfall und\u00a0Waschen deutlich reduziert;<\/p>\n<p><strong>Nachhaltig und leicht zu entsorgen<\/strong><strong><br \/>\n<\/strong>Die Hauptversorgungsquellen sind die W\u00e4lder Nordeuropas, die als die reinsten und urspr\u00fcnglichsten Orte der<br \/>\nErde bekannt sind. Biopap\u00ae ist vollst\u00e4ndig kompostierbar und man kann es leicht im organischen Abfall entsorgen.<br \/>\n(CIC EN 13432 zertifiziert).<br \/>\nUnsere Schalen sind auch recycelbar<br \/>\n(A-Klasse Aticelca MC 501\/2017 zertifiziert)<\/p>\n<p><a href=\"https:\/\/www.biopap.com\/wp-content\/uploads\/2015\/08\/Senza-titolo.png\" data-rel=\"lightbox-image-2\" data-rl_title=\"\" data-rl_caption=\"\" title=\"\"><img decoding=\"async\" loading=\"lazy\" class=\"alignnone wp-image-7744\" src=\"https:\/\/www.biopap.com\/wp-content\/uploads\/2015\/08\/Senza-titolo-216x300.png\" alt=\"\" width=\"233\" height=\"324\" srcset=\"https:\/\/www.biopap.com\/wp-content\/uploads\/2015\/08\/Senza-titolo-216x300.png 216w, https:\/\/www.biopap.com\/wp-content\/uploads\/2015\/08\/Senza-titolo.png 610w\" sizes=\"(max-width: 233px) 100vw, 233px\" \/><\/a>\u00a0\u00a0<a href=\"https:\/\/www.biopap.com\/wp-content\/uploads\/2015\/08\/ghch.png\" data-rel=\"lightbox-image-3\" data-rl_title=\"\" data-rl_caption=\"\" title=\"\"><img decoding=\"async\" loading=\"lazy\" class=\"alignnone wp-image-7748\" src=\"https:\/\/www.biopap.com\/wp-content\/uploads\/2015\/08\/ghch-300x180.png\" alt=\"\" width=\"539\" height=\"323\" srcset=\"https:\/\/www.biopap.com\/wp-content\/uploads\/2015\/08\/ghch-300x180.png 300w, https:\/\/www.biopap.com\/wp-content\/uploads\/2015\/08\/ghch.png 656w\" sizes=\"(max-width: 539px) 100vw, 539px\" \/><\/a><\/p>\n","protected":false},"excerpt":{"rendered":"<p>BIOPAP\u00ae Easy-Clip ist die professionelle, hygienische und nachhaltige L\u00f6sung f\u00fcr zu Hause und Take-away. Woraus besteht das System? 4 kompostierbare&#8230;<\/p>\n","protected":false},"author":1,"featured_media":0,"parent":1776,"menu_order":0,"comment_status":"closed","ping_status":"open","template":"","meta":[],"_links":{"self":[{"href":"https:\/\/www.biopap.com\/de\/wp-json\/wp\/v2\/pages\/1726"}],"collection":[{"href":"https:\/\/www.biopap.com\/de\/wp-json\/wp\/v2\/pages"}],"about":[{"href":"https:\/\/www.biopap.com\/de\/wp-json\/wp\/v2\/types\/page"}],"author":[{"embeddable":true,"href":"https:\/\/www.biopap.com\/de\/wp-json\/wp\/v2\/users\/1"}],"replies":[{"embeddable":true,"href":"https:\/\/www.biopap.com\/de\/wp-json\/wp\/v2\/comments?post=1726"}],"version-history":[{"count":7,"href":"https:\/\/www.biopap.com\/de\/wp-json\/wp\/v2\/pages\/1726\/revisions"}],"predecessor-version":[{"id":8755,"href":"https:\/\/www.biopap.com\/de\/wp-json\/wp\/v2\/pages\/1726\/revisions\/8755"}],"up":[{"embeddable":true,"href":"https:\/\/www.biopap.com\/de\/wp-json\/wp\/v2\/pages\/1776"}],"wp:attachment":[{"href":"https:\/\/www.biopap.com\/de\/wp-json\/wp\/v2\/media?parent=1726"}],"curies":[{"name":"wp","href":"https:\/\/api.w.org\/{rel}","templated":true}]}}