{"id":104,"date":"2015-02-06T13:46:39","date_gmt":"2015-02-06T13:46:39","guid":{"rendered":"http:\/\/www.biopap.com\/?page_id=104"},"modified":"2026-01-20T07:31:46","modified_gmt":"2026-01-20T07:31:46","slug":"lenterprise","status":"publish","type":"page","link":"https:\/\/www.biopap.com\/fr\/lenterprise\/","title":{"rendered":"L\u2019entreprise"},"content":{"rendered":"<p>[vc_row 0=\u00a0\u00bb\u00a0\u00bb][vc_column 0=\u00a0\u00bb\u00a0\u00bb][vc_column_text 0=\u00a0\u00bb\u00a0\u00bb]<strong>BIOPAP\u00ae<\/strong> est le r\u00e9sultat de notre engagement : un <strong>syst\u00e8me d\u2019emballage alimentaire brevet\u00e9,<\/strong> <strong>r\u00e9sistant aux temp\u00e9ratures extr\u00eames<\/strong>, issu de <strong>mati\u00e8res premi\u00e8res renouvelables<\/strong> non alimentaires, biod\u00e9gradable et compostable.<\/p>\n<p>Toute notre fili\u00e8re est europ\u00e9enne et durable.[\/vc_column_text][\/vc_column][\/vc_row][vc_row 0=\u00a0\u00bb\u00a0\u00bb][vc_column 0=\u00a0\u00bb\u00a0\u00bb][vc_single_image image=\u00a0\u00bb7399&Prime; img_size=\u00a0\u00bbfull\u00a0\u00bb][\/vc_column][\/vc_row][vc_row 0=\u00a0\u00bb\u00a0\u00bb][vc_column 0=\u00a0\u00bb\u00a0\u00bb][vc_column_text 0=\u00a0\u00bb\u00a0\u00bb]Les caract\u00e9ristiques uniques de BIOPAP\u00ae rendent notre syst\u00e8me <strong>id\u00e9al pour pr\u00e9parer, cuire, surgeler, conserver, r\u00e9chauffer et consommer tous les aliments<\/strong> d\u2019aujourd\u2019hui et demain.<\/p>\n<p>Nous utilisons uniquement de <strong>l\u2019\u00e9nergie \u00e9lectrique de sources renouvelables<\/strong> produite principalement par nos propres toitures photovoltaiques.<br \/>\n<strong>Nous innovons<\/strong> constamment pour am\u00e9liorer nos produits et nos proc\u00e8s.<\/p>\n<p><a href=\"https:\/\/www.biopap.com\/wp-content\/uploads\/2015\/02\/pic-2.jpeg\" data-rel=\"lightbox-image-0\" data-rl_title=\"\" data-rl_caption=\"\" title=\"\"><img decoding=\"async\" loading=\"lazy\" class=\"alignnone wp-image-7405\" src=\"https:\/\/www.biopap.com\/wp-content\/uploads\/2015\/02\/pic-2-300x71.jpeg\" alt=\"\" width=\"968\" height=\"229\" srcset=\"https:\/\/www.biopap.com\/wp-content\/uploads\/2015\/02\/pic-2-300x71.jpeg 300w, https:\/\/www.biopap.com\/wp-content\/uploads\/2015\/02\/pic-2-768x183.jpeg 768w, https:\/\/www.biopap.com\/wp-content\/uploads\/2015\/02\/pic-2-1024x243.jpeg 1024w\" sizes=\"(max-width: 968px) 100vw, 968px\" \/><\/a><\/p>\n<p>Nos nouveaux \u00e9difices ont \u00e9t\u00e9 con\u00e7us par des architectes bioclimatiques (<strong>Natasha Pulitzer<\/strong> et <strong>Sergio Los<\/strong> &#8211; <a href=\"http:\/\/www.synergiaprogetti.com\/it\/\">www.synergiaprogetti.com<\/a>) avec des mat\u00e9riaux naturel et recyclables avec l\u2019objectif des r\u00e9duire la consommation d\u2019\u00e9nergie pour la climatisation et pour l\u2019illumination.<\/p>\n<p><a href=\"https:\/\/www.biopap.com\/wp-content\/uploads\/2015\/02\/0.jpg\" data-rel=\"lightbox-image-1\" data-rl_title=\"\" data-rl_caption=\"\" title=\"\"><img decoding=\"async\" loading=\"lazy\" class=\"alignnone wp-image-7421\" src=\"https:\/\/www.biopap.com\/wp-content\/uploads\/2015\/02\/0-300x168.jpg\" alt=\"\" width=\"969\" height=\"543\" srcset=\"https:\/\/www.biopap.com\/wp-content\/uploads\/2015\/02\/0-300x168.jpg 300w, https:\/\/www.biopap.com\/wp-content\/uploads\/2015\/02\/0-768x431.jpg 768w, https:\/\/www.biopap.com\/wp-content\/uploads\/2015\/02\/0-1024x575.jpg 1024w, https:\/\/www.biopap.com\/wp-content\/uploads\/2015\/02\/0-270x152.jpg 270w\" sizes=\"(max-width: 969px) 100vw, 969px\" \/><\/a><\/p>\n<p>Les principes guides architecturaux ont \u00e9t\u00e9:<\/p>\n<ul>\n<li><strong>\u00e9conomies d\u2019\u00e9nergie<\/strong>, gr\u00e2ce au projet et aux mat\u00e9riaux<\/li>\n<li>le <strong>bien-\u00eatre sur le lieu de travail<\/strong> avec grande attention aux espaces et \u00e0 l\u2019illumination en utilisant au mieux la lumi\u00e8re naturelle. Egalement l\u2019attention \u00e0 \u00e9t\u00e9 port\u00e9e aux temp\u00e9ratures de surface des mat\u00e9riaux qui \u00e9changent l\u2019\u00e9nergie avec le corps humain. La circulation de poussi\u00e8re \u00e0 \u00e9t\u00e9 minimis\u00e9e en \u00e9vitant la ventilation forc\u00e9e et en utilisant le mouvement naturel de l\u2019air \u00e0 l\u2019int\u00e9rieur des volumes de l\u2019\u00e9difice.<\/li>\n<li><strong>gestion de l\u2019\u00e9nergie<\/strong> du soleil en optimisant la forme de l\u2019\u00e9difice et les fen\u00eatres.<\/li>\n<\/ul>\n<p>[\/vc_column_text][\/vc_column][\/vc_row][vc_row 0=\u00a0\u00bb\u00a0\u00bb][vc_column css=\u00a0\u00bb.vc_custom_1494411143670{margin-right: 0px !important;padding-right: 7px !important;}\u00a0\u00bb][\/vc_column][\/vc_row][vc_row 0=\u00a0\u00bb\u00a0\u00bb][vc_column 0=\u00a0\u00bb\u00a0\u00bb][vc_column_text 0=\u00a0\u00bb\u00a0\u00bb]Blocs de PLS en bois min\u00e9ralis\u00e9 en autoclave \u00e0 300\u00b0C avec b\u00e9ton renforc\u00e9<\/p>\n<p>Lumi\u00e8re naturelle r\u00e9fl\u00e9chie par les toitures avoisinantes et diffus\u00e9e \u00e0 l\u2019int\u00e9rieur de l\u2019\u00e9difice<\/p>\n<p>Sol rev\u00eatu de granit ou de panneau en bouleau[\/vc_column_text][\/vc_column][\/vc_row][vc_row 0=\u00a0\u00bb\u00a0\u00bb][vc_column width=\u00a0\u00bb1\/4&Prime; css=\u00a0\u00bb.vc_custom_1494419289619{margin-right: 0px !important;padding-right: 0px !important;}\u00a0\u00bb][vc_single_image image=\u00a0\u00bb3473&Prime; img_size=\u00a0\u00bb216&#215;216&Prime; onclick=\u00a0\u00bblink_image\u00a0\u00bb][\/vc_column][vc_column width=\u00a0\u00bb1\/4&Prime; css=\u00a0\u00bb.vc_custom_1494419360159{margin-right: 0px !important;margin-left: 0px !important;padding-right: 5px !important;padding-left: 10px !important;}\u00a0\u00bb][vc_single_image image=\u00a0\u00bb3469&Prime; img_size=\u00a0\u00bb216&#215;216&Prime; onclick=\u00a0\u00bblink_image\u00a0\u00bb][\/vc_column][vc_column width=\u00a0\u00bb1\/4&Prime; css=\u00a0\u00bb.vc_custom_1494419367359{margin-right: 0px !important;margin-left: 0px !important;padding-right: 10px !important;padding-left: 5px !important;}\u00a0\u00bb][vc_single_image image=\u00a0\u00bb3465&Prime; img_size=\u00a0\u00bb216&#215;216&Prime; onclick=\u00a0\u00bblink_image\u00a0\u00bb][\/vc_column][vc_column width=\u00a0\u00bb1\/4&Prime; css=\u00a0\u00bb.vc_custom_1494419384448{margin-left: 0px !important;padding-left: 0px !important;}\u00a0\u00bb][vc_single_image image=\u00a0\u00bb3461&Prime; img_size=\u00a0\u00bb216&#215;216&Prime; onclick=\u00a0\u00bblink_image\u00a0\u00bb][\/vc_column][\/vc_row][vc_row 0=\u00a0\u00bb\u00a0\u00bb][vc_column 0=\u00a0\u00bb\u00a0\u00bb][vc_column_text 0=\u00a0\u00bb\u00a0\u00bb]Potager de famille, \u00e0 l\u2019arri\u00e8re des \u00e9difices, une approche qui anticipe les jardins m\u00e9tropolitains comme partie int\u00e9grante de la vision urbaine durable.[\/vc_column_text][\/vc_column][\/vc_row][vc_row 0=\u00a0\u00bb\u00a0\u00bb][vc_column width=\u00a0\u00bb1\/2&Prime; css=\u00a0\u00bb.vc_custom_1494419145467{margin-right: 0px !important;padding-right: 7px !important;}\u00a0\u00bb][vc_single_image image=\u00a0\u00bb2982&Prime; img_size=\u00a0\u00bbfull\u00a0\u00bb onclick=\u00a0\u00bblink_image\u00a0\u00bb][\/vc_column][vc_column width=\u00a0\u00bb1\/2&Prime; css=\u00a0\u00bb.vc_custom_1494419152477{margin-left: 0px !important;padding-left: 7px !important;}\u00a0\u00bb][vc_single_image image=\u00a0\u00bb2986&Prime; img_size=\u00a0\u00bbfull\u00a0\u00bb onclick=\u00a0\u00bblink_image\u00a0\u00bb][\/vc_column][\/vc_row][vc_row][vc_column][vc_separator][vc_column_text]La nouvelle usine 3 est \u00e9galement en parfaite sintonie avec les principes de BIOPAP\u00ae.<\/p>\n<p>Pour ce site industriel suppl\u00e9mentaire, nous avons pr\u00e9f\u00e9r\u00e9 r\u00e9habiliter et r\u00e9nover un b\u00e2timent industriel existant plut\u00f4t que d&rsquo;en construire un nouveau, ce qui a permis d&rsquo;\u00e9viter une consommation suppl\u00e9mentaire de sol et de nouvelles \u00e9missions de CO2 li\u00e9es \u00e0 sa construction.[\/vc_column_text][vc_single_image image=\u00a0\u00bb14276&Prime; img_size=\u00a0\u00bbfull\u00a0\u00bb][vc_column_text]L&rsquo;usine 3 est \u00e9galement enti\u00e8rement \u00e9lectrifi\u00e9e, avec z\u00e9ro \u00e9mission de CO2 pour son fonctionnement. Sur son toit, nous avons install\u00e9 un syst\u00e8me photovolta\u00efque d&rsquo;une puissance maximale de pr\u00e8s de 0,5 MWatt qui permet de couvrir int\u00e9gralement les besoins en \u00e9nergie tant pour la production que pour les bureaux, y compris la climatisation, le chauffage et l&rsquo;\u00e9clairage.[\/vc_column_text][vc_single_image image=\u00a0\u00bb17282&Prime; img_size=\u00a0\u00bbfull\u00a0\u00bb][vc_column_text]L&rsquo;usine 3 s&rsquo;\u00e9tend sur un vaste espace vert de 3 000 m\u00b2 comprenant un parc arbor\u00e9 avec plus de 25 vari\u00e9t\u00e9s d&rsquo;arbres \u00e0 haut f\u00fbt et 380 m\u00b2 de potager et d&rsquo;arbres fruitiers, rappelant l&rsquo;attachement \u00e0 la terre et \u00e0 la nature, ansi que nos origines et \u00e0 la fili\u00e8re BIOPAP\u00ae.<\/p>\n<p>BIOPAP S.r.l. Societ\u00e0 Benefit se compose aujourd&rsquo;hui de 3 sites totalement ind\u00e9pendants mais proches les uns des autres, afin de garantir la s\u00e9curit\u00e9 d&rsquo;approvisionnement et la redondance \u00e0 nos clients, mais aussi l&rsquo;efficacit\u00e9 et le confort \u00e0 nos collaborateurs.<\/p>\n<p>Gr\u00e2ce \u00e0 cette nouvelle expansion, nous avons atteint une capacit\u00e9 de production de 100 millions de conteneurs par an, avec la possibilit\u00e9 d&rsquo;une croissance suppl\u00e9mentaire \u00e0 175 millions de conteneurs par an.[\/vc_column_text][vc_single_image image=\u00a0\u00bb14284&Prime; img_size=\u00a0\u00bbfull\u00a0\u00bb][vc_column_text]Nos choix ont toujours \u00e9t\u00e9 orient\u00e9s vers la minimisation de notre impact environnemental et celui de nos solutions d&#8217;emballage alimentaire. Nous partons toujours de la conception des mat\u00e9riaux, nous \u00e9valuons la cha\u00eene d&rsquo;approvisionnement, les technologies de production, la fonctionnalit\u00e9 et les performances de nos conteneurs et leur \u00e9limination : une approche toujours bas\u00e9e sur l&rsquo;ensemble du cycle de vie.<\/p>\n<p>Une approche syst\u00e9mique unique bas\u00e9e sur le dialogue et la relation avec l&rsquo;ensemble de la cha\u00eene de valeur, des fournisseurs aux clients en passant par les acteurs du traitement des d\u00e9chets et de l&rsquo;agriculture. La relation ouverte avec nos clients nous permet de nous am\u00e9liorer et de nous stimuler mutuellement.[\/vc_column_text][vc_video link=\u00a0\u00bbhttps:\/\/www.youtube.com\/watch?v=8Rk2CH3fNXA\u00a0\u00bb][vc_column_text]Nous sommes passionn\u00e9s par l&rsquo;innovation. Nous ne cessons jamais notre processus cr\u00e9atif, dans le but de fournir des solutions qui am\u00e9liorent l&rsquo;efficacit\u00e9 des processus, r\u00e9duisent les co\u00fbts op\u00e9rationnels et augmentent la qualit\u00e9 des produits alimentaires et des services offerts en introduisant une durabilit\u00e9 et une circularit\u00e9 totales. Au cours des 20 derni\u00e8res ann\u00e9es, nous avons d\u00e9pos\u00e9 12 brevets, soit en moyenne un brevet tous les deux ans d&rsquo;activit\u00e9.<\/p>\n<p>Nous sommes une entreprise qui travaille pour le bien commun, profond\u00e9ment ancr\u00e9e dans son territoire et qui souhaite animer et promouvoir un \u00e9cosyst\u00e8me positif bas\u00e9 sur l&rsquo;\u00e9thique des comportements, avec au centre les relations humaines et l&rsquo;environnement qui nous entoure.[\/vc_column_text][\/vc_column][\/vc_row]<\/p>\n","protected":false},"excerpt":{"rendered":"<p>[vc_row 0=\u00a0\u00bb\u00a0\u00bb][vc_column 0=\u00a0\u00bb\u00a0\u00bb][vc_column_text 0=\u00a0\u00bb\u00a0\u00bb]BIOPAP\u00ae est le r\u00e9sultat de notre engagement : un syst\u00e8me d\u2019emballage alimentaire brevet\u00e9, r\u00e9sistant aux temp\u00e9ratures extr\u00eames,&#8230;<\/p>\n","protected":false},"author":1,"featured_media":0,"parent":0,"menu_order":0,"comment_status":"closed","ping_status":"open","template":"","meta":[],"_links":{"self":[{"href":"https:\/\/www.biopap.com\/fr\/wp-json\/wp\/v2\/pages\/104"}],"collection":[{"href":"https:\/\/www.biopap.com\/fr\/wp-json\/wp\/v2\/pages"}],"about":[{"href":"https:\/\/www.biopap.com\/fr\/wp-json\/wp\/v2\/types\/page"}],"author":[{"embeddable":true,"href":"https:\/\/www.biopap.com\/fr\/wp-json\/wp\/v2\/users\/1"}],"replies":[{"embeddable":true,"href":"https:\/\/www.biopap.com\/fr\/wp-json\/wp\/v2\/comments?post=104"}],"version-history":[{"count":12,"href":"https:\/\/www.biopap.com\/fr\/wp-json\/wp\/v2\/pages\/104\/revisions"}],"predecessor-version":[{"id":17485,"href":"https:\/\/www.biopap.com\/fr\/wp-json\/wp\/v2\/pages\/104\/revisions\/17485"}],"wp:attachment":[{"href":"https:\/\/www.biopap.com\/fr\/wp-json\/wp\/v2\/media?parent=104"}],"curies":[{"name":"wp","href":"https:\/\/api.w.org\/{rel}","templated":true}]}}