{"id":1343,"date":"2016-03-30T08:02:24","date_gmt":"2016-03-30T08:02:24","guid":{"rendered":"http:\/\/biopap.com\/?page_id=1343"},"modified":"2022-07-20T10:10:08","modified_gmt":"2022-07-20T10:10:08","slug":"barquettes-biopap-lp-ligne-professionnelle","status":"publish","type":"page","link":"https:\/\/www.biopap.com\/fr\/lignes-de-produits\/barquettes-biopap-lp-ligne-professionnelle\/","title":{"rendered":"Barquettes compostables, biod\u00e9gradables et recyclables  BIOPAP\u00ae LP"},"content":{"rendered":"<p>[vc_row 0=\u00a0\u00bb\u00a0\u00bb][vc_column 0=\u00a0\u00bb\u00a0\u00bb][vc_column_text 0=\u00a0\u00bb\u00a0\u00bb]La s\u00e9rie de barquettes alimentaires compostables BIOPAP\u00ae LP \u00e0 \u00e9t\u00e9 con\u00e7ue, pour l\u2019usage du cong\u00e9lateur \u00e0 tout type de four tout en respectant l\u2019environnement. Issues de ressources durables, notre fili\u00e8re est totalement Europ\u00e9enne. Les barquettes BIOPAP\u00ae sont un syst\u00e8me hygi\u00e9nique pour pr\u00e9parer, transporter, conserver, r\u00e9chauffer et manger les aliments. Nos diff\u00e9rentes formes et tailles s\u2019adaptent \u00e0 toutes les applications.<br \/>\nLes barquettes BIOPAP\u00ae sont aussi imprimables sur le c\u00f4t\u00e9 ext\u00e9rieur pour v\u00e9hiculer jusqu\u2019\u00e0 la table des consommateur l\u2019image de marque et de qualit\u00e9 du produit qu\u2019elles contiennent.<\/p>\n<p>Les barquettes BIOPAP\u00ae LP peuvent \u00eatre utilis\u00e9es dans les fours micro-ondes et dans le four traditionnels jusqu\u2019\u00e0 215\u00b0C pour 40 minutes pour cuisiner ou r\u00e9chauffer les aliments.<br \/>\nLes barquettes sont parfaitement scellables de fa\u00e7on \u00e9tanche (opercules TS ou film scellable) sur machine \u00e0 thermosceller manuelles ou automatiques. Elles peuvent \u00eatre \u00e9galement ferm\u00e9es avec des opercules rigides m\u00e9caniques (opercules CR ou SL).[\/vc_column_text][\/vc_column][\/vc_row][vc_row 0=\u00a0\u00bb\u00a0\u00bb][vc_column 0=\u00a0\u00bb\u00a0\u00bb][vc_single_image image=\u00a0\u00bb8691&Prime; img_size=\u00a0\u00bbfull\u00a0\u00bb onclick=\u00a0\u00bblink_image\u00a0\u00bb][\/vc_column][\/vc_row][vc_row 0=\u00a0\u00bb\u00a0\u00bb][vc_column 0=\u00a0\u00bb\u00a0\u00bb][vc_column_text 0=\u00a0\u00bb\u00a0\u00bb]Les pratiques opercules rigides TS, CR et SL sont eux-m\u00eames utilisables en tout type de four (micro-ondes, \u00e9lectrique, gaz) en prot\u00e9geant les parois des souillures de la cuisson ou du r\u00e9chauffement. Ils permettent \u00e9galement d\u2019empiler les barquettes pour optimser la place au frigo.<br \/>\nTr\u00e8s versatiles, les barquettes BIOPAP\u00ae LP sont principalement utilis\u00e9es dans les bancs traiteurs, pour la vente \u00e0 emporter, pour les plats surgel\u00e9s, pour le catering et dans l\u2019agroalimentaire. Id\u00e9ales pour les produits BIO, pour les c\u00e9liaques pour les macrobiotiques et le v\u00e9gans : Finalement une barquette alimentaire coh\u00e9rente avec les nouveau styles d\u2019alimentation !<\/p>\n<p>La s\u00e9rie de barquettes BIOPAP\u00ae LP et les opercules rigides TS, CR et SL sont biod\u00e9gradables, recyclables et compostables selon la norme UNI EN 13432 :2002.<br \/>\nId\u00e9ales aussi pour la r\u00e9ductions des d\u00e9chets : s\u00e9par\u00e9ment avec le papier \u00e0 recycler, sans les r\u00e9sidus alimentaires ou bien directement dans le compost avec les r\u00e9sidus alimentaires. Les barquettes BIOPAP\u00ae LP peuvent \u00eatre \u00e9galement incin\u00e9r\u00e9es.<br \/>\nLe syst\u00e8me BIOPAP\u00ae: technique, pratique et \u00e9cologique ![\/vc_column_text][\/vc_column][\/vc_row][vc_row css=\u00a0\u00bb.vc_custom_1495542528902{margin-right: 0px !important;margin-left: 0px !important;padding-top: 20px !important;padding-bottom: 0px !important;background-color: #f5f5f5 !important;}\u00a0\u00bb][vc_column width=\u00a0\u00bb1\/3&Prime;][vc_single_image image=\u00a0\u00bb8584&Prime; img_size=\u00a0\u00bb160&#215;192&Prime; alignment=\u00a0\u00bbcenter\u00a0\u00bb][\/vc_column][vc_column width=\u00a0\u00bb2\/3&Prime;]<div class=\"mgt-promo-block black-text text-size-normal no-darken mgt-promo-block-10336363762 wpb_content_element\" data-style=\"width: 100%; height: 150px;\"><div class=\"mgt-promo-block-content va-top\"><div class=\"mgt-promo-block-content-inside\">\n<h4 style=\"text-align: left;margin-top: 20px\"><strong>CATALOGUE BARQUETTES BIOPAP\u00ae<\/strong><\/h4>\n<div class=\"mgt-button-wrapper mgt-button-wrapper-align-left mgt-button-wrapper-display-newline mgt-button-top-margin-enable\"><a class=\"btn hvr-default mgt-button mgt-style-solid mgt-size-normal mgt-align-left mgt-display-newline mgt-text-size-normal mgt-button-icon-position-left mgt-text-transform-none \" href=\"https:\/\/www.biopap.com\/wp-content\/uploads\/2022\/05\/DEFINITIVO-_BIOPAP_FRANCESE_NEW-2022_ALTA.pdf\" target=\" _blank\">T\u00e9l\u00e9charger le PDF<\/a><\/div><\/div><\/div><\/div>[\/vc_column][\/vc_row][vc_row css=\u00a0\u00bb.vc_custom_1495542528902{margin-right: 0px !important;margin-left: 0px !important;padding-top: 20px !important;padding-bottom: 0px !important;background-color: #f5f5f5 !important;}\u00a0\u00bb][vc_column width=\u00a0\u00bb1\/3&Prime;][vc_single_image image=\u00a0\u00bb7927&Prime; img_size=\u00a0\u00bb160&#215;192&Prime; alignment=\u00a0\u00bbcenter\u00a0\u00bb][\/vc_column][vc_column width=\u00a0\u00bb2\/3&Prime;]<div class=\"mgt-promo-block black-text text-size-normal no-darken mgt-promo-block-10336363762 wpb_content_element\" data-style=\"width: 100%; height: 150px;\"><div class=\"mgt-promo-block-content va-top\"><div class=\"mgt-promo-block-content-inside\">\n<h4 style=\"text-align: left;margin-top: 20px\"><strong>BARQUETTES BIOPAP\u00ae \u2013 DIMENSIONS\u00a0<\/strong><\/h4>\n<div class=\"mgt-button-wrapper mgt-button-wrapper-align-left mgt-button-wrapper-display-newline mgt-button-top-margin-enable\"><a class=\"btn hvr-default mgt-button mgt-style-solid mgt-size-normal mgt-align-left mgt-display-newline mgt-text-size-normal mgt-button-icon-position-left mgt-text-transform-none \" href=\"https:\/\/www.biopap.com\/wp-content\/uploads\/2022\/04\/BIOPAP_Tabella_Dimensioni_2022_04_08_ENG.pdf\" target=\" _blank\">T\u00e9l\u00e9charger le PDF<\/a><\/div><\/div><\/div><\/div>[\/vc_column][\/vc_row][vc_row css=\u00a0\u00bb.vc_custom_1494427338575{margin-top: 30px !important;}\u00a0\u00bb][vc_column 0=\u00a0\u00bb\u00a0\u00bb][vc_separator 0=\u00a0\u00bb\u00a0\u00bb][vc_column_text 0=\u00a0\u00bb\u00a0\u00bb]<\/p>\n<h3>Demande information<\/h3>\n<p>[\/vc_column_text][vc_column_text 0=\u00a0\u00bb\u00a0\u00bb]Pour plus d\u2019informations envoyez un email \u00e0 <strong>sales@biopap.com<\/strong>[\/vc_column_text][\/vc_column][\/vc_row]<\/p>\n","protected":false},"excerpt":{"rendered":"<p>[vc_row 0=\u00a0\u00bb\u00a0\u00bb][vc_column 0=\u00a0\u00bb\u00a0\u00bb][vc_column_text 0=\u00a0\u00bb\u00a0\u00bb]La s\u00e9rie de barquettes alimentaires compostables BIOPAP\u00ae LP \u00e0 \u00e9t\u00e9 con\u00e7ue, pour l\u2019usage du cong\u00e9lateur \u00e0 tout&#8230;<\/p>\n","protected":false},"author":1,"featured_media":4422,"parent":1392,"menu_order":0,"comment_status":"closed","ping_status":"open","template":"","meta":[],"_links":{"self":[{"href":"https:\/\/www.biopap.com\/fr\/wp-json\/wp\/v2\/pages\/1343"}],"collection":[{"href":"https:\/\/www.biopap.com\/fr\/wp-json\/wp\/v2\/pages"}],"about":[{"href":"https:\/\/www.biopap.com\/fr\/wp-json\/wp\/v2\/types\/page"}],"author":[{"embeddable":true,"href":"https:\/\/www.biopap.com\/fr\/wp-json\/wp\/v2\/users\/1"}],"replies":[{"embeddable":true,"href":"https:\/\/www.biopap.com\/fr\/wp-json\/wp\/v2\/comments?post=1343"}],"version-history":[{"count":22,"href":"https:\/\/www.biopap.com\/fr\/wp-json\/wp\/v2\/pages\/1343\/revisions"}],"predecessor-version":[{"id":9841,"href":"https:\/\/www.biopap.com\/fr\/wp-json\/wp\/v2\/pages\/1343\/revisions\/9841"}],"up":[{"embeddable":true,"href":"https:\/\/www.biopap.com\/fr\/wp-json\/wp\/v2\/pages\/1392"}],"wp:featuredmedia":[{"embeddable":true,"href":"https:\/\/www.biopap.com\/fr\/wp-json\/wp\/v2\/media\/4422"}],"wp:attachment":[{"href":"https:\/\/www.biopap.com\/fr\/wp-json\/wp\/v2\/media?parent=1343"}],"curies":[{"name":"wp","href":"https:\/\/api.w.org\/{rel}","templated":true}]}}