{"id":1347,"date":"2016-03-30T08:05:55","date_gmt":"2016-03-30T08:05:55","guid":{"rendered":"http:\/\/biopap.com\/?page_id=1347"},"modified":"2020-06-22T09:22:14","modified_gmt":"2020-06-22T09:22:14","slug":"barquettes-biopap-re-ligne-retail","status":"publish","type":"page","link":"https:\/\/www.biopap.com\/fr\/lignes-de-produits\/barquettes-biopap-re-ligne-retail\/","title":{"rendered":"Barquettes BIOPAP\u00ae RE &#8211; Ligne Retail"},"content":{"rendered":"<p>[vc_row 0=\u00a0\u00bb\u00a0\u00bb][vc_column 0=\u00a0\u00bb\u00a0\u00bb][vc_column_text 0=\u00a0\u00bb\u00a0\u00bb]Les barquettes biod\u00e9gradables et compostables BIOPAP\u00ae sont id\u00e9ales pour pr\u00e9parer, cuisiner, conserver, congeler et r\u00e9chauffer les aliments aussi bien \u00e0 la maison.<\/p>\n<p>Les bacs \u00e0 cuisson BIOPAP\u00ae\u00a0sont une grande innovation dans la cat\u00e9gorie en GMS. Finalement une alternative naturelle et renouvelable aux bacs en Alu, verre et plastique.<\/p>\n<p>Une r\u00e9ponse attendue par une part croissante de consommateurs responsables en qu\u00eate de nature et de durabilit\u00e9.<\/p>\n<p>Les barquettes BIOPAP\u00ae\u00a0sont l\u00e9g\u00e8res, incassables, sans bords coupants, elles passent \u00e9galement au micro-onde comme dans les fours traditionnels: id\u00e9ales pour cuisiner des plats d\u00e9licieux \u00e0 la maison avec les meilleurs ingr\u00e9dients.<\/p>\n<p>Les bacs \u00e0 cuisson sont naturellement technologiques: rien de mieux pour une alimentation saine et naturelle cuite au four.<\/p>\n<p>Diff\u00e9rents formats et dimensions sont pratiques et utiles dans toutes le situations, repas de famille, pique nique, sport etc. Id\u00e9als aussi pour \u00e9liminer le gaspillage alimentaire \u00e0 la maison: voil\u00e0 un reste transform\u00e9 en une bonne portion hors foyer\u00a0!<\/p>\n<p>Les barquettes peuvent avoir un opercule BIOPAP\u00ae,\u00a0 toujours biod\u00e9gradables et compostable et aptes \u00e0 tout type de four. Encore plus pratique pour \u00e9viter les projections d\u2019aliments au micro-onde et pour bien organiser le frigo ou le cong\u00e9lateur.<\/p>\n<p>Une foi utilis\u00e9s les barquettes et opercules peuvent \u00eatre parfaitement recycl\u00e9es dans le papier, une foi nettoy\u00e9s, ou reprendre le cycle de la nature en agriculture via le compostage.<\/p>\n<p>Avec BIOPAP\u00ae c\u2019est un choix pour la sant\u00e9 et pour l\u2019environnement.[\/vc_column_text][\/vc_column][\/vc_row][vc_row 0=\u00a0\u00bb\u00a0\u00bb][vc_column 0=\u00a0\u00bb\u00a0\u00bb][vc_single_image image=\u00a0\u00bb3385&Prime; img_size=\u00a0\u00bbfull\u00a0\u00bb onclick=\u00a0\u00bblink_image\u00a0\u00bb][\/vc_column][\/vc_row][vc_row css=\u00a0\u00bb.vc_custom_1494427667470{margin-top: 30px !important;}\u00a0\u00bb][vc_column 0=\u00a0\u00bb\u00a0\u00bb][vc_separator 0=\u00a0\u00bb\u00a0\u00bb][vc_column_text 0=\u00a0\u00bb\u00a0\u00bb]<\/p>\n<h3>Demande information<\/h3>\n<p>[\/vc_column_text][vc_column_text 0=\u00a0\u00bb\u00a0\u00bb]Pour plus d\u2019informations envoyez un email \u00e0 <strong>sales@biopap.com<\/strong>[\/vc_column_text][\/vc_column][\/vc_row]<\/p>\n","protected":false},"excerpt":{"rendered":"<p>[vc_row 0=\u00a0\u00bb\u00a0\u00bb][vc_column 0=\u00a0\u00bb\u00a0\u00bb][vc_column_text 0=\u00a0\u00bb\u00a0\u00bb]Les barquettes biod\u00e9gradables et compostables BIOPAP\u00ae sont id\u00e9ales pour pr\u00e9parer, cuisiner, conserver, congeler et r\u00e9chauffer les aliments&#8230;<\/p>\n","protected":false},"author":1,"featured_media":0,"parent":1392,"menu_order":0,"comment_status":"closed","ping_status":"open","template":"","meta":[],"_links":{"self":[{"href":"https:\/\/www.biopap.com\/fr\/wp-json\/wp\/v2\/pages\/1347"}],"collection":[{"href":"https:\/\/www.biopap.com\/fr\/wp-json\/wp\/v2\/pages"}],"about":[{"href":"https:\/\/www.biopap.com\/fr\/wp-json\/wp\/v2\/types\/page"}],"author":[{"embeddable":true,"href":"https:\/\/www.biopap.com\/fr\/wp-json\/wp\/v2\/users\/1"}],"replies":[{"embeddable":true,"href":"https:\/\/www.biopap.com\/fr\/wp-json\/wp\/v2\/comments?post=1347"}],"version-history":[{"count":8,"href":"https:\/\/www.biopap.com\/fr\/wp-json\/wp\/v2\/pages\/1347\/revisions"}],"predecessor-version":[{"id":7463,"href":"https:\/\/www.biopap.com\/fr\/wp-json\/wp\/v2\/pages\/1347\/revisions\/7463"}],"up":[{"embeddable":true,"href":"https:\/\/www.biopap.com\/fr\/wp-json\/wp\/v2\/pages\/1392"}],"wp:attachment":[{"href":"https:\/\/www.biopap.com\/fr\/wp-json\/wp\/v2\/media?parent=1347"}],"curies":[{"name":"wp","href":"https:\/\/api.w.org\/{rel}","templated":true}]}}