{"id":14232,"date":"2024-12-09T15:00:34","date_gmt":"2024-12-09T15:00:34","guid":{"rendered":"https:\/\/www.biopap.com\/lignes-de-produits\/biopap-hercules\/"},"modified":"2024-12-10T11:00:53","modified_gmt":"2024-12-10T11:00:53","slug":"biopap-hercules","status":"publish","type":"page","link":"https:\/\/www.biopap.com\/fr\/lignes-de-produits\/biopap-hercules\/","title":{"rendered":"BIOPAP\u00ae Hercules"},"content":{"rendered":"<p>Un seule barquette alimentaire brevet\u00e9e, \u00e0 base-papier, pour tous les processus de conditionnement en magasin et industriels tels qu\u2019en film \u00e9tirable, en flow-packing et en film r\u00e9tractable. Con\u00e7u pour les pr\u00e9parations alimentaires fraiches destin\u00e9es \u00e0 \u00eatre vendus en libre-service en comptoirs r\u00e9frig\u00e9r\u00e9s ou chauff\u00e9s. Les caract\u00e9ristiques m\u00e9caniques sp\u00e9cifiques de BIOPAP\u00ae HERCULES am\u00e9liorent l&rsquo;hygi\u00e8ne et la pr\u00e9sentation des aliments et contribuent \u00e0 prolonger la dur\u00e9e de conservation et \u00e0 r\u00e9duire le gaspillage alimentaire avec les emballages sous film r\u00e9tractable en Atmosph\u00e8re modifi\u00e9e.<\/p>\n<p>BIOPAP\u00ae HERCULES garantit une tr\u00e8s haute rigidit\u00e9 en torsion et un exceptionnelle r\u00e9sistance \u00e0 la compression m\u00eame en milieux humides ou chauds et pendant de longues dur\u00e9es. Sa structure particuli\u00e8re brevet\u00e9e permet une \u00e9conomie de mati\u00e8re de 70% par rapport aux barquettes traditionnels de rigidit\u00e9 similaire. C&rsquo;est la solution id\u00e9ale pour l&#8217;emballage dans les syst\u00e8mes BDF\u00ae sous film r\u00e9tractable en atmosph\u00e8re modifi\u00e9e, mais aussi pour le filmage automatique ou manuel et pour le conditionnement en flow-pack horizontal et en sous-vide.<\/p>\n<p>Pr\u00e9parations culinaires gourmandes, plats cuisin\u00e9s, produits de r\u00f4tisserie, poissons, viandes, l\u00e9gumes et fruits, tous les aliments peuvent \u00eatre conditionn\u00e9s directement dans BIOPAP\u00ae HERCULES , en magasin. Le r\u00e9sultat\u00a0: une augmentant la qualit\u00e9 per\u00e7ue des produits, de leur int\u00e9grit\u00e9 et de leur conservation en r\u00e9duisant la casse sur le point de vente et donc le gaspillage alimentaire. De plus BIOPAP\u00ae HERCULES devient tr\u00e8s pratique aussi \u00e0 la maison pour r\u00e9frig\u00e9rer, congeler, r\u00e9chauffer et cuire des aliments dans tous types de fours jusqu&rsquo;\u00e0 175\u00b0C\u00a0: toujours dans le m\u00eame contenant.<\/p>\n<p>BIOPAP\u00ae HERCULES valorise le produit qu\u2019il contient et garantit la qualit\u00e9 des pr\u00e9parations jusqu&rsquo;\u00e0 la table du consommateur avec l\u2019image de marque toujours pr\u00e9sente gr\u00e2ce \u00e0 l\u2019impression ext\u00e9rieure \u00e9l\u00e9gante et bien visible.<\/p>\n<p>Rigide, robuste, pratique, s\u00fbr, naturellement agr\u00e9able au toucher, les barquettes BIOPAP HERCULES sont certifi\u00e9es CIC Compostable et OK Compost Home. Une foi utilis\u00e9e la barquettes peut simplement \u00eatre jet\u00e9 avec les d\u00e9chets organiques de la cuisine pour devenir pr\u00e9cieux compost qui retourne \u00e0 l\u2019agriculture en fertilisant naturellement les champs et en rempla\u00e7ant les engrais de synth\u00e8se. Une circularit\u00e9 biologique vertueuse, pratique et utile.<\/p>\n<p>BIOPAP\u00ae HERCULES, comme toute notre gamme de barquettes et solutions d\u2019emballage alimentaire BIOPAP\u00ae, est biod\u00e9gradable, compostable et recyclable. D\u00e9velopp\u00e9e \u00e0 partir de mati\u00e8res premi\u00e8res provenant des for\u00eats certifi\u00e9es d&rsquo;Europe du Nord, parmi les environnements les plus vierges de la plan\u00e8te. Ce sont des ressources renouvelables, non agricoles et non intensives, elles n\u2019utilisent pas de pesticides, d\u2019engrais et d\u2019irrigation forc\u00e9e. Nous utilisons uniquement de la cellulose issue de for\u00eats certifi\u00e9es, g\u00e9r\u00e9es selon les principes du d\u00e9veloppement durable qui pr\u00e9servent la biodiversit\u00e9. Une ressource naturelle, abondante, locale et en constante croissance. BIOPAP\u00ae est certifi\u00e9 PEFC et FSC et 100% de notre production est certifi\u00e9e PEFC.<\/p>\n<p>&nbsp;<\/p>\n<p><a href=\"https:\/\/www.biopap.com\/wp-content\/uploads\/2024\/12\/Screenshot-2024-12-09-alle-17.25.05.png\" data-rel=\"lightbox-image-0\" data-rl_title=\"\" data-rl_caption=\"\" title=\"\"><img decoding=\"async\" loading=\"lazy\" class=\" wp-image-14240 aligncenter\" src=\"https:\/\/www.biopap.com\/wp-content\/uploads\/2024\/12\/Screenshot-2024-12-09-alle-17.25.05-1024x718.png\" alt=\"\" width=\"716\" height=\"502\" srcset=\"https:\/\/www.biopap.com\/wp-content\/uploads\/2024\/12\/Screenshot-2024-12-09-alle-17.25.05-1024x718.png 1024w, https:\/\/www.biopap.com\/wp-content\/uploads\/2024\/12\/Screenshot-2024-12-09-alle-17.25.05-300x210.png 300w, https:\/\/www.biopap.com\/wp-content\/uploads\/2024\/12\/Screenshot-2024-12-09-alle-17.25.05-768x539.png 768w, https:\/\/www.biopap.com\/wp-content\/uploads\/2024\/12\/Screenshot-2024-12-09-alle-17.25.05.png 1312w\" sizes=\"(max-width: 716px) 100vw, 716px\" \/><\/a><\/p>\n<p>&nbsp;<\/p>\n<p><strong>Les points de force de BIOPAP\u00ae\u00a0HERCULES<\/strong><\/p>\n<ul>\n<li>Tr\u00e8s grande rigidit\u00e9 en torsion et exceptionnelle r\u00e9sistance \u00e0 la compression m\u00eame en milieu humide et chaud<\/li>\n<li>Sa structure brevet\u00e9e permet une \u00e9conomie de mati\u00e8re de 70% par rapport aux conteneurs traditionnels de rigidit\u00e9 similaire<\/li>\n<li>C&rsquo;est la solution id\u00e9ale pour le conditionnement dans les syst\u00e8mes thermo r\u00e9tractables BDF\u00ae pour Atmosph\u00e8re Modifi\u00e9e, en filmage automatique ou manuel et pour le conditionnement en Flow-pack horizontal et sous vide.<\/li>\n<li>Adapt\u00e9 aux pr\u00e9parations culinaires gastronomiques, plats cuisin\u00e9s, produits de r\u00f4tisserie, poissons, viandes, l\u00e9gumes et fruits, tous les aliments pouvant \u00eatre conditionn\u00e9s directement sur le point de vente, pour les rayons en libre-service<\/li>\n<li>Utile pour r\u00e9duire la casse sur le point de vente et le gaspillage alimentaire<\/li>\n<li>Utilisable directement du cong\u00e9lateur au four traditionnel et au micro-ondes (de -80\u00b0 \u00e0 +175\u00b0 C)<\/li>\n<li>Compostable, peut \u00eatre jet\u00e9 avec les d\u00e9chets alimentaires, certifi\u00e9 CIC Compostable et OK Compost Home<\/li>\n<li>Recyclable dans la fili\u00e8re papier sans souillures alimentaires.<\/li>\n<\/ul>\n<p>&nbsp;<\/p>\n<p><iframe loading=\"lazy\" title=\"BIOPAP Hercules, Low weight, Extra stiffness, Compostable, Renewable, Ideal for BDF Applications\" width=\"810\" height=\"456\" src=\"https:\/\/www.youtube.com\/embed\/CdrK6WrmFo4?feature=oembed\" frameborder=\"0\" allow=\"accelerometer; autoplay; clipboard-write; encrypted-media; gyroscope; picture-in-picture; web-share\" referrerpolicy=\"strict-origin-when-cross-origin\" allowfullscreen><\/iframe><\/p>\n","protected":false},"excerpt":{"rendered":"<p>Un seule barquette alimentaire brevet\u00e9e, \u00e0 base-papier, pour tous les processus de conditionnement en magasin et industriels tels qu\u2019en film&#8230;<\/p>\n","protected":false},"author":4,"featured_media":0,"parent":1392,"menu_order":0,"comment_status":"closed","ping_status":"closed","template":"","meta":[],"_links":{"self":[{"href":"https:\/\/www.biopap.com\/fr\/wp-json\/wp\/v2\/pages\/14232"}],"collection":[{"href":"https:\/\/www.biopap.com\/fr\/wp-json\/wp\/v2\/pages"}],"about":[{"href":"https:\/\/www.biopap.com\/fr\/wp-json\/wp\/v2\/types\/page"}],"author":[{"embeddable":true,"href":"https:\/\/www.biopap.com\/fr\/wp-json\/wp\/v2\/users\/4"}],"replies":[{"embeddable":true,"href":"https:\/\/www.biopap.com\/fr\/wp-json\/wp\/v2\/comments?post=14232"}],"version-history":[{"count":4,"href":"https:\/\/www.biopap.com\/fr\/wp-json\/wp\/v2\/pages\/14232\/revisions"}],"predecessor-version":[{"id":14260,"href":"https:\/\/www.biopap.com\/fr\/wp-json\/wp\/v2\/pages\/14232\/revisions\/14260"}],"up":[{"embeddable":true,"href":"https:\/\/www.biopap.com\/fr\/wp-json\/wp\/v2\/pages\/1392"}],"wp:attachment":[{"href":"https:\/\/www.biopap.com\/fr\/wp-json\/wp\/v2\/media?parent=14232"}],"curies":[{"name":"wp","href":"https:\/\/api.w.org\/{rel}","templated":true}]}}