{"id":14350,"date":"2024-11-20T11:01:45","date_gmt":"2024-11-20T11:01:45","guid":{"rendered":"https:\/\/www.biopap.com\/lignes-de-produits\/contenitori-1-2-gn-con-bordo-rinforzato\/"},"modified":"2024-12-11T16:16:47","modified_gmt":"2024-12-11T16:16:47","slug":"barquette-biopap-1-2-gn-avec-bord-roule-renforce","status":"publish","type":"page","link":"https:\/\/www.biopap.com\/fr\/lignes-de-produits\/barquette-biopap-1-2-gn-avec-bord-roule-renforce\/","title":{"rendered":"Barquette BIOPAP\u00ae 1\/2 GN avec bord roul\u00e9, renforc\u00e9"},"content":{"rendered":"<p>[vc_row][vc_column][vc_column_text]Le bac compostable BIOPAP\u00ae LC SI 23 est la solution parfaite en GN \u00bd en operculage avec film thermos-scell\u00e9.<\/p>\n<p>La barquette Gastronorm \u00bd compostable BIOPAP\u00ae LC SI 23 est con\u00e7ue avec un renfort p\u00e9rim\u00e9tral autour de la plage de scellage, qui garantit une rigidit\u00e9 m\u00e9canique exceptionnelle et une surface de scellage parfaitement plane.<\/p>\n<p>La solution id\u00e9ale pour les applications de scellage avec film dans pour l\u2019acheminement de repas en multi portion pour la liaison froide, pour la liaison chaude mais aussi pour la liaison surgel\u00e9e.<\/p>\n<ul>\n<li>Rigidit\u00e9 dans la manipulation sur les lignes de remplissage<\/li>\n<li>Rigidit\u00e9 lors de la manipulation pendant le scellage dans les machines frontales<\/li>\n<li>Rigide lors de la manipulation sur les chariots r\u00e9frig\u00e9r\u00e9s et les lignes de r\u00e9frig\u00e9ration<\/li>\n<li>Extr\u00eamement rigide une fois scell\u00e9 pour le stockage et le transport<\/li>\n<li>Extra Rigide en service \u00e0 chaud ou apr\u00e8s remise en temp\u00e9rature<\/li>\n<\/ul>\n<p>&nbsp;<\/p>\n<p><a href=\"https:\/\/www.biopap.com\/wp-content\/uploads\/2024\/11\/SI-23-ruotata.jpg\" data-rel=\"lightbox-image-0\" data-rl_title=\"\" data-rl_caption=\"\" title=\"\"><img decoding=\"async\" loading=\"lazy\" class=\"alignnone wp-image-13477\" src=\"https:\/\/www.biopap.com\/wp-content\/uploads\/2024\/11\/SI-23-ruotata-300x212.jpg\" alt=\"\" width=\"354\" height=\"250\" srcset=\"https:\/\/www.biopap.com\/wp-content\/uploads\/2024\/11\/SI-23-ruotata-300x212.jpg 300w, https:\/\/www.biopap.com\/wp-content\/uploads\/2024\/11\/SI-23-ruotata-1024x723.jpg 1024w, https:\/\/www.biopap.com\/wp-content\/uploads\/2024\/11\/SI-23-ruotata-768x542.jpg 768w, https:\/\/www.biopap.com\/wp-content\/uploads\/2024\/11\/SI-23-ruotata.jpg 1280w\" sizes=\"(max-width: 354px) 100vw, 354px\" \/><\/a><\/p>\n<p>&nbsp;<\/p>\n<p>Le film de scellage adh\u00e8re parfaitement sur le bord plat assurant l&rsquo;\u00e9tanch\u00e9it\u00e9 au liquide et sur la courbure p\u00e9rim\u00e9trique assurant une rigidit\u00e9 tortionnelle et lin\u00e9aire suppl\u00e9mentaire.<\/p>\n<p>La dimension externe standard de 260&#215;325 mm la rend parfaitement adapt\u00e9e \u00e0 tous les \u00e9quipements GN standardis\u00e9s tels que les bacs isothermiques, les chariots, les cellules de refroidissement ou les fours.<\/p>\n<p>La conception exclusive offre une excellente capacit\u00e9 de remplissage de 3045 ml avec une profondeur de 52 mm, ce qui permet d&rsquo;\u00e9conomiser des mat\u00e9riaux et des ressources, avec un poids unitaire de seulement 58 g.<\/p>\n<p>Sa r\u00e9sistance aux temp\u00e9ratures extr\u00eames, de -85\u00b0C \u00e0 +175\u00b0C, le rend apte aux processus de cong\u00e9lation les plus extr\u00eames sans fragilisation et permet des temps de chauffe plus courts, augmentant ainsi les capacit\u00e9s des fours et r\u00e9duisant les temps de service.<\/p>\n<p>Remplacement id\u00e9al des bacs en PP en aluminium \u00e0 usage unique ou des bacs inox durables dans les processus de transport et de transfert des pr\u00e9parations alimentaires des centres de cuisson aux cuisines satellites ou les points de vente en GMS avec l&rsquo;avantage de garantir une circularit\u00e9 totale et de r\u00e9duire les \u00e9missions de CO2 de 66% (ACV du berceau \u00e0 la tombe).<\/p>\n<p>Pas de s\u00e9paration des d\u00e9chets, pas de lavage, pas de consommation d\u2019eau, d\u2019\u00e9nergie de d\u00e9tergents pour le lavage et r\u00e9duction des masses transport\u00e9es et manipul\u00e9es en service de 95% par rapport \u00e0 un bac GN \u00bd de m\u00eame capacit\u00e9<\/p>\n<p>Avec BIOPAP\u00ae LC SI23, il n&rsquo;est plus n\u00e9cessaire de s\u00e9parer les r\u00e9sidus alimentaires \u00e0 la fin du service. Toute la gamme BIOPAP\u00ae LC est compostable certifi\u00e9e CIC, OK compost HOME et BPI et peut \u00eatre transform\u00e9e directement en compost, ce qui permet de r\u00e9duire les co\u00fbts des services, y compris les co\u00fbts de traitement des d\u00e9chets et \u00e0 l&rsquo;agriculture d&rsquo;am\u00e9liorer la qualit\u00e9 et le rendement des sols gr\u00e2ce au compost.<\/p>\n<p>BIOPAP\u00ae LC SI 23 est l&rsquo;outil parfait pour rendre les services de restauration professionnelle efficaces, durables et circulaires.[\/vc_column_text][\/vc_column][\/vc_row]<\/p>\n","protected":false},"excerpt":{"rendered":"<p>[vc_row][vc_column][vc_column_text]Le bac compostable BIOPAP\u00ae LC SI 23 est la solution parfaite en GN \u00bd en operculage avec film thermos-scell\u00e9. La&#8230;<\/p>\n","protected":false},"author":4,"featured_media":0,"parent":1392,"menu_order":0,"comment_status":"closed","ping_status":"closed","template":"","meta":[],"_links":{"self":[{"href":"https:\/\/www.biopap.com\/fr\/wp-json\/wp\/v2\/pages\/14350"}],"collection":[{"href":"https:\/\/www.biopap.com\/fr\/wp-json\/wp\/v2\/pages"}],"about":[{"href":"https:\/\/www.biopap.com\/fr\/wp-json\/wp\/v2\/types\/page"}],"author":[{"embeddable":true,"href":"https:\/\/www.biopap.com\/fr\/wp-json\/wp\/v2\/users\/4"}],"replies":[{"embeddable":true,"href":"https:\/\/www.biopap.com\/fr\/wp-json\/wp\/v2\/comments?post=14350"}],"version-history":[{"count":3,"href":"https:\/\/www.biopap.com\/fr\/wp-json\/wp\/v2\/pages\/14350\/revisions"}],"predecessor-version":[{"id":14354,"href":"https:\/\/www.biopap.com\/fr\/wp-json\/wp\/v2\/pages\/14350\/revisions\/14354"}],"up":[{"embeddable":true,"href":"https:\/\/www.biopap.com\/fr\/wp-json\/wp\/v2\/pages\/1392"}],"wp:attachment":[{"href":"https:\/\/www.biopap.com\/fr\/wp-json\/wp\/v2\/media?parent=14350"}],"curies":[{"name":"wp","href":"https:\/\/api.w.org\/{rel}","templated":true}]}}