{"id":15590,"date":"2025-02-07T15:48:37","date_gmt":"2025-02-07T15:48:37","guid":{"rendered":"https:\/\/www.biopap.com\/lignes-de-produits\/biopap-easy-genius-meal-tray\/"},"modified":"2025-04-28T12:45:35","modified_gmt":"2025-04-28T12:45:35","slug":"biopap-easy-genius-meal-tray","status":"publish","type":"page","link":"https:\/\/www.biopap.com\/fr\/lignes-de-produits\/biopap-easy-genius-meal-tray\/","title":{"rendered":"BIOPAP\u00ae EASY GENIUS Meal Tray"},"content":{"rendered":"<p>Plateau repas BIOPAP\u00ae EASY GENIUS. La r\u00e9volution de l&#8217;emballage rapide et \u00e9volutive dans la restauration professionnelle durable.<\/p>\n<p>Con\u00e7u de mani\u00e8re ergonomique, l\u00e9ger, minimisant l&#8217;emballage, \u00e9l\u00e9gant, BIOPAP\u00ae EASY GENIUS renforce la proposition de valeur alimentaire dans les services de restauration.<\/p>\n<p>Le plateau repas BIOPAP\u00ae EASY GENIUS a \u00e9t\u00e9 con\u00e7u selon le format GN 1\/2, pour utiliser pleinement les \u00e9quipements Gastronorm, l&rsquo;innovation r\u00e9volutionnaire du concept brevet\u00e9 du plateau repas BIOPAP\u00ae Genius. Le format GN \u00bd rend BIOPAP\u00ae EASY GENIUS rapide et simple \u00e0 mettre en \u0153uvre pour toutes les \u00e9chelles de restauration.<\/p>\n<p>&nbsp;<\/p>\n<p><a href=\"https:\/\/www.biopap.com\/wp-content\/uploads\/2025\/02\/Chilling-Crate-Printed-scaled.jpg\" data-rel=\"lightbox-image-0\" data-rl_title=\"\" data-rl_caption=\"\" title=\"\"><img decoding=\"async\" loading=\"lazy\" class=\"wp-image-15012 aligncenter\" src=\"https:\/\/www.biopap.com\/wp-content\/uploads\/2025\/02\/Chilling-Crate-Printed-1024x768.jpg\" alt=\"\" width=\"423\" height=\"317\" srcset=\"https:\/\/www.biopap.com\/wp-content\/uploads\/2025\/02\/Chilling-Crate-Printed-1024x768.jpg 1024w, https:\/\/www.biopap.com\/wp-content\/uploads\/2025\/02\/Chilling-Crate-Printed-300x225.jpg 300w, https:\/\/www.biopap.com\/wp-content\/uploads\/2025\/02\/Chilling-Crate-Printed-768x576.jpg 768w, https:\/\/www.biopap.com\/wp-content\/uploads\/2025\/02\/Chilling-Crate-Printed-1536x1152.jpg 1536w, https:\/\/www.biopap.com\/wp-content\/uploads\/2025\/02\/Chilling-Crate-Printed-2048x1536.jpg 2048w\" sizes=\"(max-width: 423px) 100vw, 423px\" \/><\/a><\/p>\n<p>&nbsp;<\/p>\n<p>BIOPAP\u00ae EASY GENIUS \u00e9limine le plateau traditionnel et rigide sur lequel tous les composants du repas sont pos\u00e9s et doivent \u00eatre lav\u00e9s, apr\u00e8s le service. Nous avons con\u00e7u une structure autoportante o\u00f9 les contenants alimentaires coop\u00e8rent avec une seule feuille sup\u00e9rieure agissant \u00e0 la fois comme couvercle et \u00e9l\u00e9ment de connexion. Les 2 \u00e9l\u00e9ments, les contenants alimentaires et la feuille sup\u00e9rieure sont li\u00e9s ensemble par thermoscellage cr\u00e9ant une structure l\u00e9g\u00e8re mais rigide.<\/p>\n<p>&nbsp;<\/p>\n<p><img decoding=\"async\" loading=\"lazy\" class=\"wp-image-14960 aligncenter\" src=\"https:\/\/www.biopap.com\/wp-content\/uploads\/2025\/02\/BIOPAP\u00ae-Easy-Genius-Printed-2-1024x649.jpg\" alt=\"\" width=\"541\" height=\"343\" \/><\/p>\n<p>&nbsp;<\/p>\n<p>Comme toutes les solutions d&#8217;emballage alimentaire BIOPAP\u00ae, le plateau repas BIOPAP\u00ae Easy Genius est fabriqu\u00e9 \u00e0 partir de mati\u00e8res premi\u00e8res renouvelables certifi\u00e9es PEFC, convient aux processus \u00e0 haute et basse temp\u00e9rature et est \u00e9galement biod\u00e9gradable et compostable pour permettre la collecte et l&rsquo;\u00e9limination apr\u00e8s service avec les d\u00e9chets alimentaires sans s\u00e9paration.<\/p>\n<p>Le BIOPAP\u00ae Easy Genius dans sa taille GN \u00bd comprend 3 compartiments alimentaires ind\u00e9pendants et un porte-gobelet pour boissons, fruits, yaourts, etc.<\/p>\n<p>Rigide, l\u00e9ger, pratique, \u00e9l\u00e9gant, il s&rsquo;adapte aux bo\u00eetes isothermes Gastronorm, aux bo\u00eetes GN de \u200b\u200br\u00e9chauffage, aux caisses r\u00e9frig\u00e9r\u00e9es GN et aux fours Gastronorm.<\/p>\n<p>Sa structure robuste rend BIOPAP\u00ae Easy Genius parfaitement empilable pendant le stockage et le transport.<\/p>\n<p>Les 3 compartiments alimentaires ind\u00e9pendants peuvent \u00eatre ouverts s\u00e9par\u00e9ment dans la s\u00e9quence souhait\u00e9e, gardant les aliments au chaud ou au frais, intacts pendant le service.<\/p>\n<p>&nbsp;<\/p>\n<p><img decoding=\"async\" loading=\"lazy\" class=\"wp-image-15008 aligncenter\" src=\"https:\/\/www.biopap.com\/wp-content\/uploads\/2025\/02\/BIOPAP\u00ae-Easy-Genius-Open-Printed-1024x768.jpg\" alt=\"\" width=\"442\" height=\"331\" srcset=\"https:\/\/www.biopap.com\/wp-content\/uploads\/2025\/02\/BIOPAP\u00ae-Easy-Genius-Open-Printed-1024x768.jpg 1024w, https:\/\/www.biopap.com\/wp-content\/uploads\/2025\/02\/BIOPAP\u00ae-Easy-Genius-Open-Printed-300x225.jpg 300w, https:\/\/www.biopap.com\/wp-content\/uploads\/2025\/02\/BIOPAP\u00ae-Easy-Genius-Open-Printed-768x576.jpg 768w, https:\/\/www.biopap.com\/wp-content\/uploads\/2025\/02\/BIOPAP\u00ae-Easy-Genius-Open-Printed-1536x1152.jpg 1536w, https:\/\/www.biopap.com\/wp-content\/uploads\/2025\/02\/BIOPAP\u00ae-Easy-Genius-Open-Printed-2048x1536.jpg 2048w\" sizes=\"(max-width: 442px) 100vw, 442px\" \/><\/p>\n<p>&nbsp;<\/p>\n<p>Les menus des repas sont pr\u00e9par\u00e9s et portionn\u00e9s dans des cuisines centrales o\u00f9 BIOPAP\u00ae Easy Genius est assembl\u00e9 et scell\u00e9 pr\u00e9servant une hygi\u00e8ne maximale et rendant la manipulation des repas simple et efficace : 1 unit\u00e9 unique et rigide. Ainsi, le temps de pr\u00e9paration, le temps de pr\u00e9l\u00e8vement et le temps de service sont consid\u00e9rablement r\u00e9duits.<\/p>\n<p>Le plateau repas BIOPAP\u00ae EASY GENIUS est test\u00e9 pour fonctionner dans les processus Cook&amp;Serve, Cook&amp;Chill, Cook&amp;Freeze pour une flexibilit\u00e9 de fonctionnement maximale.<\/p>\n<p>En service, BIOPAP\u00ae EASY GENIUS est professionnel, \u00e9l\u00e9gant, avec un toucher agr\u00e9able et naturel, pratique : tout le repas en un coup d&rsquo;\u0153il, sur une table, sur un bureau, sur un banc, dans un parc, \u00e0 la plage.<\/p>\n<p>Incassable, sans bords tranchants ou durs, pur, naturel.<\/p>\n<p>Une fois servi, avec les compartiments alimentaires ouverts, BIOPAP\u00ae Easy Genius est \u00e9galement rapidement r\u00e9cup\u00e9rable et empilable, ce qui permet de gagner du temps suppl\u00e9mentaire au personnel de service ou d&rsquo;\u00eatre facilement \u00e9limin\u00e9 par les consommateurs dans un seul bac \u00e0 compost : faible poids, pas de lavage, pas de s\u00e9paration des restes alimentaires.<\/p>\n<p>Les activit\u00e9s post-restauration sont \u00e9galement consid\u00e9rablement r\u00e9duites avec moins de temps n\u00e9cessaire au personnel de service, pas d&rsquo;eau, pas de produits chimiques, pas d&rsquo;\u00e9nergie n\u00e9cessaire. Avec BIOPAP\u00ae Easy Genius tous les restes alimentaires peuvent \u00eatre recycl\u00e9s de mani\u00e8re organique en bio m\u00e9thane et compost revenant \u00e0 l&rsquo;agriculture dans un cercle vertueux positif. BIOPAP\u00ae Easy Genius est certifi\u00e9 compostable selon la norme EN 13.432 CIC avec des tests de d\u00e9sint\u00e9gration sur le terrain et OK Compost Home.<\/p>\n<p>&nbsp;<\/p>\n<p><a href=\"https:\/\/www.biopap.com\/wp-content\/uploads\/2025\/02\/Screenshot-2025-02-07-alle-15.34.29.png\" data-rel=\"lightbox-image-1\" data-rl_title=\"\" data-rl_caption=\"\" title=\"\"><img decoding=\"async\" loading=\"lazy\" class=\"wp-image-15004 aligncenter\" src=\"https:\/\/www.biopap.com\/wp-content\/uploads\/2025\/02\/Screenshot-2025-02-07-alle-15.34.29-1024x894.png\" alt=\"\" width=\"609\" height=\"532\" srcset=\"https:\/\/www.biopap.com\/wp-content\/uploads\/2025\/02\/Screenshot-2025-02-07-alle-15.34.29-1024x894.png 1024w, https:\/\/www.biopap.com\/wp-content\/uploads\/2025\/02\/Screenshot-2025-02-07-alle-15.34.29-300x262.png 300w, https:\/\/www.biopap.com\/wp-content\/uploads\/2025\/02\/Screenshot-2025-02-07-alle-15.34.29-768x670.png 768w, https:\/\/www.biopap.com\/wp-content\/uploads\/2025\/02\/Screenshot-2025-02-07-alle-15.34.29.png 1320w\" sizes=\"(max-width: 609px) 100vw, 609px\" \/><\/a><\/p>\n<p>&nbsp;<\/p>\n<p>Nous avons \u00e9galement con\u00e7u un syst\u00e8me de thermoscellage efficace et \u00e9volutif n\u00e9cessitant un investissement limit\u00e9. Une machine de thermoscellage manuelle robuste et facile \u00e0 utiliser, en acier inoxydable, avec le cadre EASY GENIUS, adapt\u00e9e au thermoscellage et \u00e0 l&rsquo;assemblage du plateau-repas Easy Genius avec les fonctions d&rsquo;ouverture facile BIOPAP\u00ae. Dans l&rsquo;ensemble, l&rsquo;\u00e9quipement n\u00e9cessite une alimentation \u00e9lectrique standard de 230\/240 V, il est l\u00e9ger et compact, les meilleures caract\u00e9ristiques pour d\u00e9marrer et faire \u00e9voluer n&rsquo;importe quelle op\u00e9ration.<\/p>\n<p>Pour faire \u00e9voluer les offres de restauration vers un niveau sup\u00e9rieur d&rsquo;efficacit\u00e9, de durabilit\u00e9 et de qualit\u00e9 per\u00e7ue, il faut 4 \u00e9l\u00e9ments :<\/p>\n<p>&#8211; Couvercle sup\u00e9rieur compostable BIOPAP\u00ae EASY GENIUS<\/p>\n<p>&#8211; Barquettes alimentaires compostables BIOPAP\u00ae EASY GENIUS<\/p>\n<p>&#8211; Syst\u00e8me d&rsquo;\u00e9tanch\u00e9it\u00e9 BIOPAP\u00ae EASY GENIUS<\/p>\n<p>&#8211; Bonne nourriture<\/p>\n<p><iframe loading=\"lazy\" title=\"BIOPAP\u00ae Easy Genius\u00ae Quick Introduction\" width=\"810\" height=\"456\" src=\"https:\/\/www.youtube.com\/embed\/kukxeHSZdcA?feature=oembed\" frameborder=\"0\" allow=\"accelerometer; autoplay; clipboard-write; encrypted-media; gyroscope; picture-in-picture; web-share\" referrerpolicy=\"strict-origin-when-cross-origin\" allowfullscreen><\/iframe><\/p>\n<p>&nbsp;<\/p>\n<p>Les applications des plateaux repas BIOPAP\u00ae EASY GENIUS peuvent aller de la restauration hospitali\u00e8re, aux livraisons de repas d&rsquo;entreprise, \u00e0 la restauration scolaire, \u00e0 la restauration \u00e9v\u00e9nementielle, \u00e0 la restauration de crise et militaire, \u00e0 la restauration de camping, \u00e0 la restauration de vill\u00e9giature.<\/p>\n<p>La r\u00e9sistance \u00e0 la chaleur jusqu&rsquo;\u00e0 175\u00b0C rend \u00e9galement BIOPAP\u00ae EASY GENIUS particuli\u00e8rement adapt\u00e9 aux repas qui doivent \u00eatre st\u00e9rilis\u00e9s avant le service.<\/p>\n<p>Am\u00e9liorer l&rsquo;exp\u00e9rience alimentaire des clients et rendre les services de restauration plus durables et biologiquement circulaires est d\u00e9sormais possible et simple avec la solution de plateau repas BIOPAP\u00ae EASY SYSTEM.<\/p>\n<p>D\u00e9cidez-vous, chez BIOPAP\u00ae nous \u00e9co-concevons nos innovations pour le bien commun, nous d\u00e9montrons qu\u2019avec une approche syst\u00e8me, la durabilit\u00e9 est abordable et b\u00e9n\u00e9fique pour tous.<\/p>\n<p><iframe loading=\"lazy\" title=\"BIOPAP\u00ae Easy Genius Startup Guide\" width=\"810\" height=\"456\" src=\"https:\/\/www.youtube.com\/embed\/aJAHF4XJ2Zs?feature=oembed\" frameborder=\"0\" allow=\"accelerometer; autoplay; clipboard-write; encrypted-media; gyroscope; picture-in-picture; web-share\" referrerpolicy=\"strict-origin-when-cross-origin\" allowfullscreen><\/iframe><\/p>\n","protected":false},"excerpt":{"rendered":"<p>Plateau repas BIOPAP\u00ae EASY GENIUS. La r\u00e9volution de l&#8217;emballage rapide et \u00e9volutive dans la restauration professionnelle durable. Con\u00e7u de mani\u00e8re&#8230;<\/p>\n","protected":false},"author":4,"featured_media":0,"parent":1392,"menu_order":0,"comment_status":"closed","ping_status":"closed","template":"","meta":[],"_links":{"self":[{"href":"https:\/\/www.biopap.com\/fr\/wp-json\/wp\/v2\/pages\/15590"}],"collection":[{"href":"https:\/\/www.biopap.com\/fr\/wp-json\/wp\/v2\/pages"}],"about":[{"href":"https:\/\/www.biopap.com\/fr\/wp-json\/wp\/v2\/types\/page"}],"author":[{"embeddable":true,"href":"https:\/\/www.biopap.com\/fr\/wp-json\/wp\/v2\/users\/4"}],"replies":[{"embeddable":true,"href":"https:\/\/www.biopap.com\/fr\/wp-json\/wp\/v2\/comments?post=15590"}],"version-history":[{"count":3,"href":"https:\/\/www.biopap.com\/fr\/wp-json\/wp\/v2\/pages\/15590\/revisions"}],"predecessor-version":[{"id":15597,"href":"https:\/\/www.biopap.com\/fr\/wp-json\/wp\/v2\/pages\/15590\/revisions\/15597"}],"up":[{"embeddable":true,"href":"https:\/\/www.biopap.com\/fr\/wp-json\/wp\/v2\/pages\/1392"}],"wp:attachment":[{"href":"https:\/\/www.biopap.com\/fr\/wp-json\/wp\/v2\/media?parent=15590"}],"curies":[{"name":"wp","href":"https:\/\/api.w.org\/{rel}","templated":true}]}}