{"id":157,"date":"2015-02-12T13:51:16","date_gmt":"2015-02-12T13:51:16","guid":{"rendered":"http:\/\/www.biopap.com\/?page_id=157"},"modified":"2025-06-19T14:34:14","modified_gmt":"2025-06-19T14:34:14","slug":"avantages","status":"publish","type":"page","link":"https:\/\/www.biopap.com\/fr\/avantages\/","title":{"rendered":"Avantages"},"content":{"rendered":"<p>[vc_row][vc_column width=\u00a0\u00bb1\/3&Prime;][vc_single_image image=\u00a0\u00bb3528&Prime; img_size=\u00a0\u00bb270&#215;230&Prime; onclick=\u00a0\u00bbcustom_link\u00a0\u00bb link=\u00a0\u00bbhttps:\/\/www.biopap.com\/fr\/avantages-pour-le-consommateur\/ \u00ab\u00a0][\/vc_column][vc_column width=\u00a0\u00bb2\/3\u00a0\u00bb][vc_column_text]<\/p>\n<h2><strong>AVANTAGE PUOR LE CONSOMMATEUR<\/strong><\/h2>\n<p>[\/vc_column_text][vc_column_text]Les barquettes BIOPAP\u00ae sont Parfaitement hygi\u00e9niques et atoxiques \u00e0 usage unique,\u00a0Versatiles et pratiques, elles sont incassables et peuvent \u00eatre utilis\u00e9es en tout type de four&#8230;[\/vc_column_text]<div class=\"mgt-button-wrapper mgt-button-wrapper-align-left mgt-button-wrapper-display-inline mgt-button-top-margin-disable\"><a class=\"btn hvr-default mgt-button mgt-style-solid mgt-size-small mgt-align-left mgt-display-inline mgt-text-size-normal mgt-button-icon-position-left mgt-text-transform-none \" href=\"https:\/\/www.biopap.com\/fr\/avantages-pour-le-consommateur\/%20\">EN SAVOIR PLUS<\/a><\/div>[\/vc_column][\/vc_row][vc_row][vc_column][vc_separator][\/vc_column][\/vc_row][vc_row][vc_column width=\u00a0\u00bb1\/3&Prime;][vc_single_image image=\u00a0\u00bb3528&Prime; img_size=\u00a0\u00bb270&#215;230&Prime; onclick=\u00a0\u00bbcustom_link\u00a0\u00bb link=\u00a0\u00bb https:\/\/www.biopap.com\/fr\/avantages-pour-lenvironnement\/\u00a0\u00bb][\/vc_column][vc_column width=\u00a0\u00bb2\/3&Prime;][vc_column_text]<\/p>\n<h2><strong>AVANTAGE PUOR <\/strong><strong>L&rsquo;ENVIRONNEMENT<\/strong><\/h2>\n<p>[\/vc_column_text][vc_column_text]Les mati\u00e8res premi\u00e8res utilis\u00e9es pour nos barquettes sont durables. Nos principales sources sont les for\u00eats de l\u2019Europe du Nord, les milieux les plus incontamin\u00e9s de la plan\u00e8te. Les for\u00eats y sont&#8230;[\/vc_column_text]<div class=\"mgt-button-wrapper mgt-button-wrapper-align-left mgt-button-wrapper-display-inline mgt-button-top-margin-disable\"><a class=\"btn hvr-default mgt-button mgt-style-solid mgt-size-small mgt-align-left mgt-display-inline mgt-text-size-normal mgt-button-icon-position-left mgt-text-transform-none \" href=\"https:\/\/www.biopap.com\/fr\/avantages-pour-lenvironnement\/\">EN SAVOIR PLUS<\/a><\/div>[\/vc_column][\/vc_row][vc_row][vc_column][vc_separator][\/vc_column][\/vc_row][vc_row][vc_column width=\u00a0\u00bb1\/3&Prime;][vc_single_image image=\u00a0\u00bb3528&Prime; img_size=\u00a0\u00bb270&#215;230&Prime; onclick=\u00a0\u00bbcustom_link\u00a0\u00bb link=\u00a0\u00bbhttps:\/\/www.biopap.com\/fr\/avantages-pour-les-administrations-publiques\/\u00a0\u00bb][\/vc_column][vc_column width=\u00a0\u00bb2\/3&Prime;][vc_column_text]<\/p>\n<h2><strong>AVANTAGE PUOR<\/strong><strong> LES ADMINISTRATIONS PUBLIQUES<\/strong><\/h2>\n<p>[\/vc_column_text][vc_column_text]Les Barquettes BIOPAP\u00ae sont un atout en plus pour promouvoir la r\u00e9duction des d\u00e9chet et une conscience plus \u00e9cologique, l\u2019utilisation des barquettes dans les services de&#8230;[\/vc_column_text]<div class=\"mgt-button-wrapper mgt-button-wrapper-align-left mgt-button-wrapper-display-inline mgt-button-top-margin-disable\"><a class=\"btn hvr-default mgt-button mgt-style-solid mgt-size-small mgt-align-left mgt-display-inline mgt-text-size-normal mgt-button-icon-position-left mgt-text-transform-none \" href=\"https:\/\/www.biopap.com\/fr\/avantages-pour-les-administrations-publiques\/\">EN SAVOIR PLUS<\/a><\/div>[\/vc_column][\/vc_row][vc_row][vc_column][vc_separator][\/vc_column][\/vc_row][vc_row][vc_column width=\u00a0\u00bb1\/3&Prime;][vc_single_image image=\u00a0\u00bb3528&Prime; img_size=\u00a0\u00bb270&#215;230&Prime; onclick=\u00a0\u00bbcustom_link\u00a0\u00bb link=\u00a0\u00bbhttps:\/\/www.biopap.com\/fr\/avantages-pour-lindustrie\/\u00a0\u00bb][\/vc_column][vc_column width=\u00a0\u00bb2\/3&Prime;][vc_column_text]<\/p>\n<h2><strong>AVANTAGE PUOR<\/strong><strong> L&rsquo;INDUSTRIE<\/strong><\/h2>\n<p>[\/vc_column_text][vc_column_text]Les tailles, les formes et les caract\u00e9ristiques des barquettes BIOPAP\u00ae s\u2019adaptent \u00e0 de nombreux proc\u00e8s industriels, elles sont facilement operculables par thermoscellage avec opercule filmiques ou rigides&#8230;[\/vc_column_text]<div class=\"mgt-button-wrapper mgt-button-wrapper-align-left mgt-button-wrapper-display-inline mgt-button-top-margin-disable\"><a class=\"btn hvr-default mgt-button mgt-style-solid mgt-size-small mgt-align-left mgt-display-inline mgt-text-size-normal mgt-button-icon-position-left mgt-text-transform-none \" href=\"https:\/\/www.biopap.com\/fr\/avantages-pour-lindustrie\/\">EN SAVOIR PLUS<\/a><\/div>[\/vc_column][\/vc_row]<\/p>\n","protected":false},"excerpt":{"rendered":"<p>[vc_row][vc_column width=\u00a0\u00bb1\/3&Prime;][vc_single_image image=\u00a0\u00bb3528&Prime; img_size=\u00a0\u00bb270&#215;230&Prime; onclick=\u00a0\u00bbcustom_link\u00a0\u00bb link=\u00a0\u00bbhttps:\/\/www.biopap.com\/fr\/avantages-pour-le-consommateur\/ \u00ab\u00a0][\/vc_column][vc_column width=\u00a0\u00bb2\/3\u00a0\u00bb][vc_column_text] AVANTAGE PUOR LE CONSOMMATEUR [\/vc_column_text][vc_column_text]Les barquettes BIOPAP\u00ae sont Parfaitement hygi\u00e9niques et atoxiques&#8230;<\/p>\n","protected":false},"author":1,"featured_media":0,"parent":0,"menu_order":0,"comment_status":"closed","ping_status":"open","template":"","meta":[],"_links":{"self":[{"href":"https:\/\/www.biopap.com\/fr\/wp-json\/wp\/v2\/pages\/157"}],"collection":[{"href":"https:\/\/www.biopap.com\/fr\/wp-json\/wp\/v2\/pages"}],"about":[{"href":"https:\/\/www.biopap.com\/fr\/wp-json\/wp\/v2\/types\/page"}],"author":[{"embeddable":true,"href":"https:\/\/www.biopap.com\/fr\/wp-json\/wp\/v2\/users\/1"}],"replies":[{"embeddable":true,"href":"https:\/\/www.biopap.com\/fr\/wp-json\/wp\/v2\/comments?post=157"}],"version-history":[{"count":9,"href":"https:\/\/www.biopap.com\/fr\/wp-json\/wp\/v2\/pages\/157\/revisions"}],"predecessor-version":[{"id":15760,"href":"https:\/\/www.biopap.com\/fr\/wp-json\/wp\/v2\/pages\/157\/revisions\/15760"}],"wp:attachment":[{"href":"https:\/\/www.biopap.com\/fr\/wp-json\/wp\/v2\/media?parent=157"}],"curies":[{"name":"wp","href":"https:\/\/api.w.org\/{rel}","templated":true}]}}