{"id":1655,"date":"2016-06-16T09:25:49","date_gmt":"2016-06-16T09:25:49","guid":{"rendered":"http:\/\/biopap.com\/?page_id=1655"},"modified":"2023-03-24T17:55:37","modified_gmt":"2023-03-24T17:55:37","slug":"biopap-easy-system","status":"publish","type":"page","link":"https:\/\/www.biopap.com\/fr\/lignes-de-produits\/biopap-easy-system\/","title":{"rendered":"BIOPAP\u00ae Easy-System"},"content":{"rendered":"<p>[vc_row 0=\u00a0\u00bb\u00a0\u00bb][vc_column 0=\u00a0\u00bb\u00a0\u00bb][vc_column_text 0=\u00a0\u00bb\u00a0\u00bb]<\/p>\n<div class=\"page\" title=\"Page 1\">\n<div class=\"section\">\n<div class=\"layoutArea\">\n<div class=\"column\">\n<p><strong>BIOPAP\u00ae Easy-System\u00a0SYSTEME PROFESSIONNEL ET HYGIENIQUE POUR LA LIVRAISON DE REPAS ET LA VENTE A EMPORTER DURABLE<\/strong><\/p>\n<\/div>\n<\/div>\n<\/div>\n<\/div>\n<div style=\"width: 810px;\" class=\"wp-video\"><!--[if lt IE 9]><script>document.createElement('video');<\/script><![endif]-->\n<video class=\"wp-video-shortcode\" id=\"video-1655-1\" width=\"810\" height=\"456\" preload=\"metadata\" controls=\"controls\"><source type=\"video\/mp4\" src=\"https:\/\/www.biopap.com\/wp-content\/uploads\/2023\/03\/BIOPAP\u00ae-Easy-System-for-takeaway-and-delivery-1080p-1.mp4?_=1\" \/><a href=\"https:\/\/www.biopap.com\/wp-content\/uploads\/2023\/03\/BIOPAP\u00ae-Easy-System-for-takeaway-and-delivery-1080p-1.mp4\">https:\/\/www.biopap.com\/wp-content\/uploads\/2023\/03\/BIOPAP\u00ae-Easy-System-for-takeaway-and-delivery-1080p-1.mp4<\/a><\/video><\/div>\n<p>&nbsp;<\/p>\n<p>Nous avons d\u00e9velopp\u00e9 le BIOPAP\u00aeEasy System pour fournir un syst\u00e8me professionnel pour la\u00a0pr\u00e9paration,<br \/>\nl\u2019emballage, le scellage et le transport hygi\u00e9niques et s\u00fbrs des aliments dans la vente\u00a0\u00e0 emporter et le portage<br \/>\n\u00e0 domicile. Aujourd\u2019hui, les nouveaux mod\u00e8les de restauration favorisent\u00a0les plats \u00e0 emporter et en particulier<br \/>\nla livraison \u00e0 domicile ou au bureau de plats chauds et froids.<br \/>\nL\u2019un des points critiques est le scellage des barquettes qui garantit l\u2019hygi\u00e8ne et l\u2019absence de\u00a0contamination lors<br \/>\ndes livraisons et du transport.<br \/>\nBIOPAP\u00ae, avec son exp\u00e9rience unique dans les\u00a0barquettes compostables qui r\u00e9sistent du cong\u00e9lateur au four,<br \/>\na cr\u00e9\u00e9 un syst\u00e8me l\u00e9ger mais\u00a0professionnel, inspir\u00e9 de la liaison froide et chaude. Il s\u2019agit de BIOPAP\u00ae Easy<br \/>\nSystem compos\u00e9 de\u00a0barquettes BIOPAP\u00ae, d\u2019une machine de thermo-scellage semi-automatique et du film de<br \/>\nscellage\u00a0compostable, con\u00e7us pour fonctionner parfaitement ensemble. Les restaurants, les caf\u00e9t\u00e9rias,<br \/>\nle street-food peuvent d\u00e9sormais disposer d\u2019un syst\u00e8me test\u00e9 et fiable, rapide et s\u00fbr pour portionner,\u00a0sceller et<br \/>\nlivrer des plats de qualit\u00e9 dans des barquettes biod\u00e9gradables et compostables, fabriqu\u00e9s \u00e0\u00a0partir de mati\u00e8res<br \/>\npremi\u00e8res renouvelables. Les meilleurs plats, pr\u00e9par\u00e9s avec soin, m\u00e9ritent la s\u00e9curit\u00e9\u00a0et la praticit\u00e9 d\u2019un syst\u00e8me d\u2019emballage fabriqu\u00e9 totalement en Italie. Nous avons combin\u00e9 la s\u00e9curit\u00e9 et\u00a0la rapidit\u00e9 de la technologie<br \/>\nindustrielle avec la praticit\u00e9, la facilit\u00e9 d\u2019utilisation et la nature \u00e9cologique des\u00a0barquettes compostables BIOPAP\u00ae.<\/p>\n<p><strong>Les composants du syst\u00e8me sont\u00a0:<\/strong><\/p>\n<p><strong>3 dimensions de barquettes BIOPAP\u00ae LC satisfont tous les besoins de contenance <\/strong><\/p>\n<p>455\u00a0ml pour hors d\u2019oeuvres, salades de fruits, desserts<\/p>\n<p>595\u00a0ml pour lasagnes, p\u00e2tes, taboul\u00e9s salades&#8230;<\/p>\n<p>865\u00a0ml pour un plat garni<\/p>\n<p><strong>Machine \u00e0 thermo-sceller semi-automatique <\/strong><\/p>\n<p>S\u00e9curit\u00e9 garantie: aucune partie chaude ou coupante accesessible<\/p>\n<p>Simple \u00e0 utiliser: il faut juste pousser et tirer le tiroir. La machine fait le reste<\/p>\n<p>Cycle de scellage rapide et s\u00fbr<\/p>\n<p>Temps de scellage et temp\u00e9rature de r\u00e9glage digital<\/p>\n<p><strong>Outil de scellage modulaire \u00e0 3 position <\/strong><\/p>\n<p>Changement de format rapide et pr\u00e9cis<\/p>\n<p>3 dimensions de barquettes BIOPAP\u00ae passent dans le m\u00eame outil.<\/p>\n<p>L\u2019outil de scellage modulaire, sp\u00e9cialement con\u00e7u et usin\u00e9, permet de sceller plusieurs tailles de barquettes<br \/>\nsur une m\u00eame machine semi-automatique sans changer d\u2019outil.<\/p>\n<p>Pour passer d\u2019une dimension \u00e0 l\u2019autre il faut simplement d\u00e9placer une barre mobile. Adapt\u00e9 \u00e0 une m\u00eame laise<br \/>\nde film, il est possible de passer rapidement d\u2019une barquette \u00e0 l\u2019autre.<\/p>\n<p>Id\u00e9al pour le secteur \u00e0 la coupe, pour le banc traiteur ou boucherie\u00a0: hygi\u00e9nique, \u00e9tanche, professionnel.<\/p>\n<p>La vid\u00e9o montre le thermo-scellage de barquettes BIOPAP\u00ae\u00a0avec film sur machine semi-automatique avec<br \/>\noutil de scellage modulaire.<\/p>\n<p><strong>Film compostable BIO transparent <\/strong><\/p>\n<p>1 seule dimension suffit pour les 3 formats de barquettes<\/p>\n<p>Longue autonomie de film<\/p>\n<div class=\"page\" title=\"Page 4\">\n<div class=\"section\">\n<div class=\"layoutArea\">\n<div class=\"column\">\n<p>&nbsp;<\/p>\n<\/div>\n<\/div>\n<\/div>\n<\/div>\n<p style=\"text-align: justify;\"><a href=\"https:\/\/www.biopap.com\/wp-content\/uploads\/2015\/08\/easy-system-2.png\" data-rel=\"lightbox-image-0\" data-rl_title=\"\" data-rl_caption=\"\" title=\"\"><img decoding=\"async\" loading=\"lazy\" class=\"alignnone wp-image-7175\" src=\"https:\/\/www.biopap.com\/wp-content\/uploads\/2015\/08\/easy-system-2-300x224.png\" alt=\"\" width=\"845\" height=\"631\" srcset=\"https:\/\/www.biopap.com\/wp-content\/uploads\/2015\/08\/easy-system-2-300x224.png 300w, https:\/\/www.biopap.com\/wp-content\/uploads\/2015\/08\/easy-system-2-768x574.png 768w, https:\/\/www.biopap.com\/wp-content\/uploads\/2015\/08\/easy-system-2-1024x766.png 1024w, https:\/\/www.biopap.com\/wp-content\/uploads\/2015\/08\/easy-system-2.png 1316w\" sizes=\"(max-width: 845px) 100vw, 845px\" \/><\/a><\/p>\n<p><strong>AVANTAGES<\/strong><\/p>\n<p><strong>Rapide<br \/>\n<\/strong>Les barquettes sont scell\u00e9es en 2 seconds. Id\u00e9al pour plus de 200 plats par jour;<\/p>\n<p><strong>Etanche et hygi\u00e9nique<br \/>\n<\/strong>Chaque barquette est scell\u00e9e de mani\u00e8re \u00e9tanche et hygi\u00e9nique.<br \/>\nSeul le consommateur final peut des- operculer le plat, gage d\u2019hygi\u00e8ne pendant le transport et le portage a domicile;<\/p>\n<p><strong>Pratique et versatile<br \/>\n<\/strong>Les barquettes BIOPAP\u00ae peuvent \u00eatre r\u00e9chauff\u00e9es dans tout type de four (microondes ou traditionnel) et stock\u00e9es au<br \/>\nfrigo ou au cong\u00e9lateur. Elles sont aussi une assiette confortable pour \u00e9viter la vaisselle..<\/p>\n<p><strong>Renouvelable et compostable<br \/>\n<\/strong>Les barquettes BIOPAP\u00ae sont issues de mati\u00e8res premi\u00e8res renouvelables et sont parfaitement compostables<br \/>\n(CIC EN 13432) mais aussi recyclables dans le papier une foi rinc\u00e9es<br \/>\n(Classe A selon Aticelca MC- 501\/2017);<br \/>\n<span lang=\"FR\">Compostable en compostage domestique avec d\u2019autres d\u00e9chets de cuisine certifi\u00e9<br \/>\n<\/span><span lang=\"FR\">(OK COMPOST Home.)<\/span><\/p>\n<p><strong>POUR CREER DE NOUVEAUX MODELES\u00a0DE RESTAURATION ET SUIVRE LES NOUVELLES TENDANCES\u00a0DE MANIERE<\/strong><br \/>\n<strong>DURABLE ET HYGIENIQUE<\/strong><\/p>\n<p style=\"text-align: justify;\"><a href=\"https:\/\/www.biopap.com\/wp-content\/uploads\/2015\/08\/lb.png\" data-rel=\"lightbox-image-1\" data-rl_title=\"\" data-rl_caption=\"\" title=\"\"><img decoding=\"async\" loading=\"lazy\" class=\"alignnone wp-image-7216\" src=\"https:\/\/www.biopap.com\/wp-content\/uploads\/2015\/08\/lb-300x225.png\" alt=\"\" width=\"845\" height=\"634\" srcset=\"https:\/\/www.biopap.com\/wp-content\/uploads\/2015\/08\/lb-300x225.png 300w, https:\/\/www.biopap.com\/wp-content\/uploads\/2015\/08\/lb.png 586w\" sizes=\"(max-width: 845px) 100vw, 845px\" \/><\/a><\/p>\n<p>[\/vc_column_text][\/vc_column][\/vc_row][vc_row css=\u00a0\u00bb.vc_custom_1495543434114{margin-right: 0px !important;margin-left: 0px !important;padding-top: 20px !important;padding-bottom: 0px !important;background-color: #f5f5f5 !important;}\u00a0\u00bb][vc_column width=\u00a0\u00bb1\/3&Prime;][vc_single_image image=\u00a0\u00bb7300&Prime; img_size=\u00a0\u00bb260&#215;175&Prime; alignment=\u00a0\u00bbcenter\u00a0\u00bb][\/vc_column][vc_column width=\u00a0\u00bb2\/3&Prime;]<div class=\"mgt-promo-block black-text text-size-normal no-darken mgt-promo-block-36845480352 wpb_content_element\" data-style=\"width: 100%; height: 150px;\"><div class=\"mgt-promo-block-content va-top\"><div class=\"mgt-promo-block-content-inside\">\n<h4 style=\"text-align: left;margin-top: 20px\"><strong>PR\u00c9SENTATION BIOPAP\u00ae EASY-SYSTEM<\/strong><\/h4>\n<div class=\"mgt-button-wrapper mgt-button-wrapper-align-left mgt-button-wrapper-display-newline mgt-button-top-margin-enable\"><a class=\"btn hvr-default mgt-button mgt-style-solid mgt-size-normal mgt-align-left mgt-display-newline mgt-text-size-normal mgt-button-icon-position-left mgt-text-transform-none \" href=\"https:\/\/www.biopap.com\/wp-content\/uploads\/2021\/05\/Pres.-BIOPAP-\u00ae-Easy-System-FRA-1.pdf\" target=\" _blank\">T\u00e9l\u00e9charger la pr\u00e9sentation<\/a><\/div><\/div><\/div><\/div>[\/vc_column][\/vc_row][vc_row css=\u00a0\u00bb.vc_custom_1494428074147{margin-top: 30px !important;}\u00a0\u00bb][vc_column 0=\u00a0\u00bb\u00a0\u00bb][vc_separator 0=\u00a0\u00bb\u00a0\u00bb][vc_column_text 0=\u00a0\u00bb\u00a0\u00bb]<\/p>\n<h3>Demande information<\/h3>\n<p>[\/vc_column_text][vc_column_text 0=\u00a0\u00bb\u00a0\u00bb]Pour plus d\u2019informations envoyez un email \u00e0 <strong>sales@biopap.com<\/strong>[\/vc_column_text][\/vc_column][\/vc_row]<\/p>\n","protected":false},"excerpt":{"rendered":"<p>[vc_row 0=\u00a0\u00bb\u00a0\u00bb][vc_column 0=\u00a0\u00bb\u00a0\u00bb][vc_column_text 0=\u00a0\u00bb\u00a0\u00bb] BIOPAP\u00ae Easy-System\u00a0SYSTEME PROFESSIONNEL ET HYGIENIQUE POUR LA LIVRAISON DE REPAS ET LA VENTE A EMPORTER DURABLE&#8230;<\/p>\n","protected":false},"author":1,"featured_media":0,"parent":1392,"menu_order":0,"comment_status":"closed","ping_status":"open","template":"","meta":[],"_links":{"self":[{"href":"https:\/\/www.biopap.com\/fr\/wp-json\/wp\/v2\/pages\/1655"}],"collection":[{"href":"https:\/\/www.biopap.com\/fr\/wp-json\/wp\/v2\/pages"}],"about":[{"href":"https:\/\/www.biopap.com\/fr\/wp-json\/wp\/v2\/types\/page"}],"author":[{"embeddable":true,"href":"https:\/\/www.biopap.com\/fr\/wp-json\/wp\/v2\/users\/1"}],"replies":[{"embeddable":true,"href":"https:\/\/www.biopap.com\/fr\/wp-json\/wp\/v2\/comments?post=1655"}],"version-history":[{"count":23,"href":"https:\/\/www.biopap.com\/fr\/wp-json\/wp\/v2\/pages\/1655\/revisions"}],"predecessor-version":[{"id":10469,"href":"https:\/\/www.biopap.com\/fr\/wp-json\/wp\/v2\/pages\/1655\/revisions\/10469"}],"up":[{"embeddable":true,"href":"https:\/\/www.biopap.com\/fr\/wp-json\/wp\/v2\/pages\/1392"}],"wp:attachment":[{"href":"https:\/\/www.biopap.com\/fr\/wp-json\/wp\/v2\/media?parent=1655"}],"curies":[{"name":"wp","href":"https:\/\/api.w.org\/{rel}","templated":true}]}}