{"id":17107,"date":"2025-11-18T11:05:36","date_gmt":"2025-11-18T11:05:36","guid":{"rendered":"https:\/\/www.biopap.com\/?page_id=17107\/"},"modified":"2025-11-25T13:30:28","modified_gmt":"2025-11-25T13:30:28","slug":"rapport-dimpact","status":"publish","type":"page","link":"https:\/\/www.biopap.com\/fr\/lenterprise\/rapport-dimpact\/","title":{"rendered":"Rapport d\u2019Impact"},"content":{"rendered":"<p>Le parcours de durabilit\u00e9 de BIOPAP\u00ae fait partie int\u00e9grante et constitutive de son histoire, de sa mani\u00e8re de faire entreprise et des choix effectu\u00e9s, parmi lesquels la d\u00e9cision de devenir une <em>Societ\u00e0 Benefit<\/em>.<\/p>\n<p>BIOPAP\u00ae a toujours \u00e9t\u00e9 caract\u00e9ris\u00e9e par une orientation strat\u00e9gique naturelle vers l\u2019\u00e9thique de ses relations d\u2019affaires, l\u2019engagement envers la communaut\u00e9 et la promotion de l\u2019innovation comme outil de durabilit\u00e9 : des facteurs et des comportements qui t\u00e9moignent d\u2019une \u00e9thique d\u2019entreprise allant bien au-del\u00e0 du strict respect des obligations l\u00e9gales.<br \/>\n\u00ab Avec la transition vers une <em>Societ\u00e0 Benefit<\/em>, nous souhaitons contribuer \u00e0 la construction d\u2019une communaut\u00e9 orient\u00e9e vers un d\u00e9veloppement durable d\u2019un point de vue environnemental et social. Cela refl\u00e8te notre vision \u00e0 long terme et notre engagement \u00e0 g\u00e9n\u00e9rer de la valeur pour l\u2019ensemble de la communaut\u00e9 et \u00e0 alimenter une fili\u00e8re positive \u00bb, a d\u00e9clar\u00e9 Maria Teresa Brassiolo, cofondatrice et administratrice d\u00e9l\u00e9gu\u00e9e de BIOPAP\u00ae.<\/p>\n\n\t\t<style type=\"text\/css\">\n\t\t\t#gallery-1 {\n\t\t\t\tmargin: auto;\n\t\t\t}\n\t\t\t#gallery-1 .gallery-item {\n\t\t\t\tfloat: left;\n\t\t\t\tmargin-top: 10px;\n\t\t\t\ttext-align: center;\n\t\t\t\twidth: 100%;\n\t\t\t}\n\t\t\t#gallery-1 img {\n\t\t\t\tborder: 2px solid #cfcfcf;\n\t\t\t}\n\t\t\t#gallery-1 .gallery-caption {\n\t\t\t\tmargin-left: 0;\n\t\t\t}\n\t\t\t\/* see gallery_shortcode() in wp-includes\/media.php *\/\n\t\t<\/style>\n\t\t<div id='gallery-1' class='gallery galleryid-17107 gallery-columns-1 gallery-size-large'><dl class='gallery-item'>\n\t\t\t<dt class='gallery-icon landscape'>\n\t\t\t\t<a href='https:\/\/www.biopap.com\/wp-content\/uploads\/2025\/11\/IMG_1550.jpg' title=\"\" data-rl_title=\"\" class=\"rl-gallery-link\" data-rl_caption=\"\" data-rel=\"lightbox-gallery-1\"><img width=\"810\" height=\"293\" src=\"https:\/\/www.biopap.com\/wp-content\/uploads\/2025\/11\/IMG_1550-1024x371.jpg\" class=\"attachment-large size-large\" alt=\"\" decoding=\"async\" loading=\"lazy\" srcset=\"https:\/\/www.biopap.com\/wp-content\/uploads\/2025\/11\/IMG_1550-1024x371.jpg 1024w, https:\/\/www.biopap.com\/wp-content\/uploads\/2025\/11\/IMG_1550-300x109.jpg 300w, https:\/\/www.biopap.com\/wp-content\/uploads\/2025\/11\/IMG_1550-768x279.jpg 768w, https:\/\/www.biopap.com\/wp-content\/uploads\/2025\/11\/IMG_1550-1536x557.jpg 1536w, https:\/\/www.biopap.com\/wp-content\/uploads\/2025\/11\/IMG_1550-2048x743.jpg 2048w\" sizes=\"(max-width: 810px) 100vw, 810px\" \/><\/a>\n\t\t\t<\/dt><\/dl><br style=\"clear: both\" \/>\n\t\t<\/div>\n\n<p>L\u2019instrument juridique innovant de <em>Societ\u00e0 Benefit<\/em>, mis \u00e0 disposition par la l\u00e9gislation italienne, pr\u00e9voit un parcours d\u2019analyse des valeurs caract\u00e9ristiques de l\u2019entreprise, la d\u00e9finition du Bien Commun et une modification des statuts avec des engagements pr\u00e9cis en mati\u00e8re de gouvernance, de finalit\u00e9 et de reporting. \u00ab Pour ces raisons, nous avons pr\u00e9f\u00e9r\u00e9 la transformation en <em>Societ\u00e0 Benefit<\/em> plut\u00f4t que la certification volontaire B Corp. Nous consid\u00e9rons qu\u2019il s\u2019agit d\u2019un engagement plus fort et durable dans le temps, qui repr\u00e9sente mieux notre vision de l\u2019entreprise \u00bb, a d\u00e9clar\u00e9 Filippo Rossi, administrateur d\u00e9l\u00e9gu\u00e9 et cofondateur.<\/p>\n<p>La r\u00e9daction et la publication du Rapport d\u2019Impact font partie des obligations \u00e9tablies par la r\u00e9glementation italienne relative aux <em>Societ\u00e0 Benefit<\/em>, en coh\u00e9rence avec les lignes strat\u00e9giques de BIOPAP : il s\u2019agit d\u2019un acte de valorisation et d\u2019\u00e9valuation des activit\u00e9s men\u00e9es, et constitue en m\u00eame temps un moment de prise de conscience commune pour l\u2019ensemble de l\u2019organisation. Le Rapport inclut des approfondissements sp\u00e9cifiques portant sur : les finalit\u00e9s de b\u00e9n\u00e9fice commun comme \u00e9l\u00e9ment de l\u2019orientation strat\u00e9gique de l\u2019entreprise, les activit\u00e9s r\u00e9alis\u00e9es au cours de chaque ann\u00e9e et l\u2019\u00e9valuation r\u00e9sultant du <em>B Impact Assessment<\/em> (<a href=\"https:\/\/bcorporation.eu\">https:\/\/bcorporation.eu<\/a>). Le BIA est la r\u00e9f\u00e9rence internationale permettant d\u2019\u00e9valuer cinq domaines diff\u00e9rents : gouvernance, collaborateurs, communaut\u00e9, environnement, clients. La r\u00e9glementation italienne pr\u00e9voit une r\u00e9vision annuelle du BIA, int\u00e9gr\u00e9e au Rapport d\u2019Impact.<\/p>\n<p>&nbsp;<\/p>\n\n\t\t<style type=\"text\/css\">\n\t\t\t#gallery-2 {\n\t\t\t\tmargin: auto;\n\t\t\t}\n\t\t\t#gallery-2 .gallery-item {\n\t\t\t\tfloat: left;\n\t\t\t\tmargin-top: 10px;\n\t\t\t\ttext-align: center;\n\t\t\t\twidth: 50%;\n\t\t\t}\n\t\t\t#gallery-2 img {\n\t\t\t\tborder: 2px solid #cfcfcf;\n\t\t\t}\n\t\t\t#gallery-2 .gallery-caption {\n\t\t\t\tmargin-left: 0;\n\t\t\t}\n\t\t\t\/* see gallery_shortcode() in wp-includes\/media.php *\/\n\t\t<\/style>\n\t\t<div id='gallery-2' class='gallery galleryid-17107 gallery-columns-2 gallery-size-medium'><dl class='gallery-item'>\n\t\t\t<dt class='gallery-icon landscape'>\n\t\t\t\t<a href='https:\/\/www.biopap.com\/wp-content\/uploads\/2025\/11\/2-piano.jpg' title=\"\" data-rl_title=\"\" class=\"rl-gallery-link\" data-rl_caption=\"\" data-rel=\"lightbox-gallery-2\"><img width=\"300\" height=\"226\" src=\"https:\/\/www.biopap.com\/wp-content\/uploads\/2025\/11\/2-piano-300x226.jpg\" class=\"attachment-medium size-medium\" alt=\"\" decoding=\"async\" loading=\"lazy\" srcset=\"https:\/\/www.biopap.com\/wp-content\/uploads\/2025\/11\/2-piano-300x226.jpg 300w, https:\/\/www.biopap.com\/wp-content\/uploads\/2025\/11\/2-piano-1024x770.jpg 1024w, https:\/\/www.biopap.com\/wp-content\/uploads\/2025\/11\/2-piano-768x577.jpg 768w, https:\/\/www.biopap.com\/wp-content\/uploads\/2025\/11\/2-piano.jpg 1475w\" sizes=\"(max-width: 300px) 100vw, 300px\" \/><\/a>\n\t\t\t<\/dt><\/dl><dl class='gallery-item'>\n\t\t\t<dt class='gallery-icon landscape'>\n\t\t\t\t<a href='https:\/\/www.biopap.com\/wp-content\/uploads\/2025\/11\/Scale.jpg' title=\"\" data-rl_title=\"\" class=\"rl-gallery-link\" data-rl_caption=\"\" data-rel=\"lightbox-gallery-2\"><img width=\"300\" height=\"226\" src=\"https:\/\/www.biopap.com\/wp-content\/uploads\/2025\/11\/Scale-300x226.jpg\" class=\"attachment-medium size-medium\" alt=\"\" decoding=\"async\" loading=\"lazy\" srcset=\"https:\/\/www.biopap.com\/wp-content\/uploads\/2025\/11\/Scale-300x226.jpg 300w, https:\/\/www.biopap.com\/wp-content\/uploads\/2025\/11\/Scale-1024x770.jpg 1024w, https:\/\/www.biopap.com\/wp-content\/uploads\/2025\/11\/Scale-768x577.jpg 768w, https:\/\/www.biopap.com\/wp-content\/uploads\/2025\/11\/Scale.jpg 1475w\" sizes=\"(max-width: 300px) 100vw, 300px\" \/><\/a>\n\t\t\t<\/dt><\/dl><br style=\"clear: both\" \/>\n\t\t<\/div>\n\n<p>Le Rapport d\u2019Impact pr\u00e9sente \u00e9galement un examen de l\u2019histoire, de la vision et des valeurs de l\u2019entreprise, ainsi que des principes \u00e9thiques et des politiques auxquels BIOPAP adh\u00e8re.<br \/>\nBIOPAP souhaite partager le fruit de son engagement constant dans le domaine ESG : les actions entreprises chaque ann\u00e9e, les objectifs fix\u00e9s et sa volont\u00e9 d\u2019am\u00e9lioration continue.<\/p>\n<p>&nbsp;<\/p>\n<p><a href=\"https:\/\/www.biopap.com\/wp-content\/uploads\/2025\/11\/SI.1-LC...png\" data-rel=\"lightbox-image-3\" data-rl_title=\"\" data-rl_caption=\"\" title=\"\"><img decoding=\"async\" loading=\"lazy\" class=\"wp-image-17290 aligncenter\" src=\"https:\/\/www.biopap.com\/wp-content\/uploads\/2025\/11\/SI.1-LC..-1024x713.png\" alt=\"\" width=\"602\" height=\"419\" srcset=\"https:\/\/www.biopap.com\/wp-content\/uploads\/2025\/11\/SI.1-LC..-1024x713.png 1024w, https:\/\/www.biopap.com\/wp-content\/uploads\/2025\/11\/SI.1-LC..-300x209.png 300w, https:\/\/www.biopap.com\/wp-content\/uploads\/2025\/11\/SI.1-LC..-768x535.png 768w, https:\/\/www.biopap.com\/wp-content\/uploads\/2025\/11\/SI.1-LC..-1536x1070.png 1536w, https:\/\/www.biopap.com\/wp-content\/uploads\/2025\/11\/SI.1-LC..-2048x1426.png 2048w\" sizes=\"(max-width: 602px) 100vw, 602px\" \/><\/a><\/p>\n<p>\u00ab Le passage \u00e0 <em>Societ\u00e0 Benefit<\/em> repr\u00e9sente une \u00e9tape naturelle pour BIOPAP\u00ae et se veut un t\u00e9moignage actif et un exemple visant \u00e0 promouvoir et \u00e0 red\u00e9couvrir l\u2019engagement que chaque entreprise doit avoir envers la soci\u00e9t\u00e9 et l\u2019environnement. Merci \u00e0 tous les associ\u00e9s qui ont approuv\u00e9 ce parcours, \u00e0 l\u2019\u00e9quipe d\u2019Askesis Societ\u00e0 Benefit Srl et \u00e0 tous les coll\u00e8gues et collaborateurs qui ont particip\u00e9 activement aux rencontres et qui partagent, soutiennent et animent cet esprit chaque jour. \u00bb<\/p>\n<p>Michelangelo Anderlini, Pr\u00e9sident et cofondateur.<\/p>\n<p><a href=\"https:\/\/www.biopap.com\/wp-content\/uploads\/2024\/11\/Biopap_Relazione-dimpatto_2023.pdf\">Biopap_Relazione d&rsquo;impatto_2023<\/a><\/p>\n<p><a href=\"https:\/\/www.biopap.com\/wp-content\/uploads\/2025\/06\/Biopap_Relazione-dimpatto_-2024.pdf\">Biopap_Relazione d&rsquo;impatto_ 2024<\/a><\/p>\n","protected":false},"excerpt":{"rendered":"<p>Le parcours de durabilit\u00e9 de BIOPAP\u00ae fait partie int\u00e9grante et constitutive de son histoire, de sa mani\u00e8re de faire entreprise&#8230;<\/p>\n","protected":false},"author":4,"featured_media":0,"parent":104,"menu_order":0,"comment_status":"closed","ping_status":"closed","template":"","meta":[],"_links":{"self":[{"href":"https:\/\/www.biopap.com\/fr\/wp-json\/wp\/v2\/pages\/17107"}],"collection":[{"href":"https:\/\/www.biopap.com\/fr\/wp-json\/wp\/v2\/pages"}],"about":[{"href":"https:\/\/www.biopap.com\/fr\/wp-json\/wp\/v2\/types\/page"}],"author":[{"embeddable":true,"href":"https:\/\/www.biopap.com\/fr\/wp-json\/wp\/v2\/users\/4"}],"replies":[{"embeddable":true,"href":"https:\/\/www.biopap.com\/fr\/wp-json\/wp\/v2\/comments?post=17107"}],"version-history":[{"count":3,"href":"https:\/\/www.biopap.com\/fr\/wp-json\/wp\/v2\/pages\/17107\/revisions"}],"predecessor-version":[{"id":17326,"href":"https:\/\/www.biopap.com\/fr\/wp-json\/wp\/v2\/pages\/17107\/revisions\/17326"}],"up":[{"embeddable":true,"href":"https:\/\/www.biopap.com\/fr\/wp-json\/wp\/v2\/pages\/104"}],"wp:attachment":[{"href":"https:\/\/www.biopap.com\/fr\/wp-json\/wp\/v2\/media?parent=17107"}],"curies":[{"name":"wp","href":"https:\/\/api.w.org\/{rel}","templated":true}]}}