{"id":17370,"date":"2025-12-18T15:44:45","date_gmt":"2025-12-18T15:44:45","guid":{"rendered":"https:\/\/www.biopap.com\/?page_id=17370\/"},"modified":"2026-02-04T13:45:10","modified_gmt":"2026-02-04T13:45:10","slug":"bioapap-easy-serve","status":"publish","type":"page","link":"https:\/\/www.biopap.com\/fr\/lignes-de-produits\/bioapap-easy-serve\/","title":{"rendered":"BIOPAP\u00ae EASY SERVE"},"content":{"rendered":"<p><strong><span lang=\"FR\" style=\"font-family: Helvetica;\">Emballage compostable de repas pr\u00eat-\u00e0-servir \u00e0 l\u2019assiette<\/span><\/strong><\/p>\n<p><strong><span lang=\"FR\" style=\"font-family: Helvetica;\">Emballages compostables liaison Froide &amp; liaison Surgel\u00e9e pr\u00eats-\u00e0-servir \u00e0 l\u2019assiette<\/span><\/strong><\/p>\n<p><span lang=\"FR\" style=\"font-family: Helvetica;\">BIOPAP\u00ae EasyServe est une solution innovante d\u2019emballage alimentaire compostable, con\u00e7ue pour les plats cuisin\u00e9s <strong><span style=\"font-family: Helvetica;\">liaison Froide &amp; liaison Surgel\u00e9e <\/span><\/strong>et les applications premium de la restauration professionnelle. Dot\u00e9 d\u2019un <b>syst\u00e8me brevet\u00e9 de barquette \u00e0 ouverture par le fond<\/b>, EasyServe permet une v\u00e9ritable exp\u00e9rience \u00ab directement \u00e0 l\u2019assiette \u00bb, alliant durabilit\u00e9, efficacit\u00e9 op\u00e9rationnelle et pr\u00e9sentation alimentaire de haute qualit\u00e9.<\/span><\/p>\n<p>&nbsp;<\/p>\n<p><img decoding=\"async\" loading=\"lazy\" class=\"wp-image-17579 aligncenter\" src=\"https:\/\/www.biopap.com\/wp-content\/uploads\/2026\/01\/BIOPAP\u00ae-EASY-SERVE-1024x683.jpg\" alt=\"\" width=\"516\" height=\"344\" srcset=\"https:\/\/www.biopap.com\/wp-content\/uploads\/2026\/01\/BIOPAP\u00ae-EASY-SERVE-1024x683.jpg 1024w, https:\/\/www.biopap.com\/wp-content\/uploads\/2026\/01\/BIOPAP\u00ae-EASY-SERVE-300x200.jpg 300w, https:\/\/www.biopap.com\/wp-content\/uploads\/2026\/01\/BIOPAP\u00ae-EASY-SERVE-768x512.jpg 768w, https:\/\/www.biopap.com\/wp-content\/uploads\/2026\/01\/BIOPAP\u00ae-EASY-SERVE-1536x1024.jpg 1536w, https:\/\/www.biopap.com\/wp-content\/uploads\/2026\/01\/BIOPAP\u00ae-EASY-SERVE-2048x1365.jpg 2048w\" sizes=\"(max-width: 516px) 100vw, 516px\" \/><\/p>\n<p>&nbsp;<\/p>\n<p><span lang=\"FR\" style=\"font-family: Helvetica;\">Id\u00e9al pour la restauration collective, le commerce de d\u00e9tail, les compagnies a\u00e9riennes, les h\u00f4pitaux et les cuisines professionnelles, EasyServe transforme les plats pr\u00e9par\u00e9s en assiettes de style restaurant \u2014 sans plastique.<\/span><\/p>\n<p><strong>Emballage compostable de repas pour applications liaison Froide &amp; liaison Surgel\u00e9e<\/strong><\/p>\n<p>BIOPAP\u00ae EasyServe est con\u00e7u pour r\u00e9pondre aux exigences des processus de cuisson, cong\u00e9lation, r\u00e9g\u00e9n\u00e9ration et service :<\/p>\n<ul>\n<li>Convient \u00e0 la production de repas <strong>liaison Surgel\u00e9e &amp; liaison Froide<\/strong><\/li>\n<li>R\u00e9g\u00e9n\u00e9ration au micro-ondes, au four \u00e9lectrique et au four mixte<\/li>\n<li>Haute r\u00e9sistance thermique avec stabilit\u00e9 structurelle<\/li>\n<li>R\u00e9partition homog\u00e8ne de la chaleur pour une meilleure texture et un meilleur go\u00fbt des aliments<\/li>\n<\/ul>\n<p><img decoding=\"async\" loading=\"lazy\" class=\"wp-image-17612 aligncenter\" src=\"https:\/\/www.biopap.com\/wp-content\/uploads\/2026\/01\/BIOPAP-CUBOTTO-75X50-cm-trascinato-683x1024.jpg\" alt=\"\" width=\"309\" height=\"464\" srcset=\"https:\/\/www.biopap.com\/wp-content\/uploads\/2026\/01\/BIOPAP-CUBOTTO-75X50-cm-trascinato-683x1024.jpg 683w, https:\/\/www.biopap.com\/wp-content\/uploads\/2026\/01\/BIOPAP-CUBOTTO-75X50-cm-trascinato-200x300.jpg 200w, https:\/\/www.biopap.com\/wp-content\/uploads\/2026\/01\/BIOPAP-CUBOTTO-75X50-cm-trascinato-768x1152.jpg 768w, https:\/\/www.biopap.com\/wp-content\/uploads\/2026\/01\/BIOPAP-CUBOTTO-75X50-cm-trascinato-1024x1536.jpg 1024w, https:\/\/www.biopap.com\/wp-content\/uploads\/2026\/01\/BIOPAP-CUBOTTO-75X50-cm-trascinato-1365x2048.jpg 1365w, https:\/\/www.biopap.com\/wp-content\/uploads\/2026\/01\/BIOPAP-CUBOTTO-75X50-cm-trascinato-scaled.jpg 1706w\" sizes=\"(max-width: 309px) 100vw, 309px\" \/><\/p>\n<p>&nbsp;<\/p>\n<p><span lang=\"FR\" style=\"font-family: Helvetica;\">Cela fait d\u2019EasyServe une solution fiable pour l\u2019industrie agroalimentaire et les op\u00e9rations de restauration \u00e0 fort volume.<\/span><\/p>\n<p><strong><span lang=\"EN-US\" style=\"font-family: Helvetica;\">Syst\u00e8me brevet\u00e9 d\u2019ouverture par le fond pour un dressage parfait<\/span><\/strong><\/p>\n<p><span lang=\"FR\" style=\"font-family: Helvetica;\">Le syst\u00e8me d\u2019ouverture brevet\u00e9 EasyServe permet de servir les plats directement \u00e0 l\u2019assiette avec pr\u00e9cision et propret\u00e9 :<\/span><\/p>\n<p><strong><span lang=\"FR\" style=\"font-family: Helvetica;\">Chauffer <\/span><span lang=\"FR\">\u2192<\/span><\/strong><strong><span lang=\"FR\" style=\"font-family: Helvetica;\"> Ouvrir par le fond <\/span><span lang=\"FR\">\u2192<\/span><\/strong><strong><span lang=\"FR\" style=\"font-family: Helvetica;\"> Tourner <\/span><span lang=\"FR\">\u2192<\/span><\/strong><strong><span lang=\"FR\" style=\"font-family: Helvetica;\"> Servir<\/span><\/strong><\/p>\n<p><span lang=\"FR\" style=\"font-family: Helvetica;\">Aucun outil suppl\u00e9mentaire, aucune formation du personnel requise, d\u00e9moulage propre des aliments, contr\u00f4le constant des portions.<\/span><\/p>\n<p><span lang=\"FR\" style=\"font-family: Helvetica;\">Le r\u00e9sultat est une pr\u00e9sentation premium directement \u00e0 l\u2019assiette qui am\u00e9liore l\u2019exp\u00e9rience de d\u00e9gustation.<\/span><\/p>\n<div style=\"width: 810px;\" class=\"wp-video\"><!--[if lt IE 9]><script>document.createElement('video');<\/script><![endif]-->\n<video class=\"wp-video-shortcode\" id=\"video-17370-1\" width=\"810\" height=\"456\" preload=\"metadata\" controls=\"controls\"><source type=\"video\/mp4\" src=\"https:\/\/www.biopap.com\/wp-content\/uploads\/2026\/01\/BIOPAP-Easy-Serve-Concept.m4v?_=1\" \/><a href=\"https:\/\/www.biopap.com\/wp-content\/uploads\/2026\/01\/BIOPAP-Easy-Serve-Concept.m4v\">https:\/\/www.biopap.com\/wp-content\/uploads\/2026\/01\/BIOPAP-Easy-Serve-Concept.m4v<\/a><\/video><\/div>\n<p>&nbsp;<\/p>\n<p><strong>Emballage alimentaire enti\u00e8rement compostable \u2013 m\u00eame avec des d\u00e9chets alimentaires<\/strong><\/p>\n<p>BIOPAP\u00ae EasyServe est fabriqu\u00e9 exclusivement \u00e0 partir de mat\u00e9riaux renouvelables, biod\u00e9gradables et compostables, et est certifi\u00e9 pour le compostage avec des r\u00e9sidus alimentaires.<\/p>\n<ul>\n<li>Compostable avec contamination alimentaire<\/li>\n<li>Certifi\u00e9 OK Compost Home, EN 13432, BPI<\/li>\n<li>Adapt\u00e9 \u00e0 la collecte des biod\u00e9chets<\/li>\n<li>Contrairement aux barquettes en plastique, EasyServe offre une v\u00e9ritable solution circulaire de fin de vie.<\/li>\n<\/ul>\n<p><strong>Alternative durable aux barquettes alimentaires en plastique<\/strong><\/p>\n<p>Les analyses de cycle de vie montrent des avantages environnementaux clairs :<\/p>\n<ul>\n<li>Jusqu\u2019\u00e0 97 % de r\u00e9duction de l\u2019utilisation de ressources fossiles<\/li>\n<li>Jusqu\u2019\u00e0 67 % d\u2019\u00e9missions de CO\u2082 en moins par rapport aux barquettes plastiques<\/li>\n<li>Suppression des d\u00e9chets plastiques non recyclables contamin\u00e9s par des aliments<\/li>\n<\/ul>\n<p>EasyServe aide les op\u00e9rateurs alimentaires \u00e0 atteindre leurs objectifs de durabilit\u00e9 et \u00e0 respecter les exigences r\u00e9glementaires.<\/p>\n<p><strong>Emballage de restauration efficace et rentable<\/strong><\/p>\n<p>BIOPAP\u00ae EasyServe s\u2019int\u00e8gre parfaitement aux lignes de conditionnement existantes :<\/p>\n<ul>\n<li>Compatible avec les machines standards de scellage de barquettes<\/li>\n<li>Adapt\u00e9 aux lignes de remplissage manuelles et automatis\u00e9es<\/li>\n<li>R\u00e9duction des manipulations et service plus rapide<\/li>\n<li>Diminution des co\u00fbts de main-d\u2019\u0153uvre et r\u00e9duction du gaspillage alimentaire<\/li>\n<li>Ces caract\u00e9ristiques garantissent une efficacit\u00e9 op\u00e9rationnelle \u00e9lev\u00e9e et un retour sur investissement rapide.<\/li>\n<\/ul>\n<div style=\"width: 810px;\" class=\"wp-video\"><video class=\"wp-video-shortcode\" id=\"video-17370-2\" width=\"810\" height=\"458\" preload=\"metadata\" controls=\"controls\"><source type=\"video\/mp4\" src=\"https:\/\/www.biopap.com\/wp-content\/uploads\/2026\/01\/Foldable-Tray-Video-1.mp4?_=2\" \/><a href=\"https:\/\/www.biopap.com\/wp-content\/uploads\/2026\/01\/Foldable-Tray-Video-1.mp4\">https:\/\/www.biopap.com\/wp-content\/uploads\/2026\/01\/Foldable-Tray-Video-1.mp4<\/a><\/video><\/div>\n<p>&nbsp;<\/p>\n<p><strong>Pr\u00e9sentation premium des plats pr\u00e9par\u00e9s et valorisation de la marque<\/strong><\/p>\n<p>EasyServe valorise les plats pr\u00e9par\u00e9s avec une apparence professionnelle, de style restaurant :<\/p>\n<ul>\n<li>Dressage pr\u00e9cis et d\u00e9moulage propre<\/li>\n<li>Pr\u00e9sentation alimentaire constante<\/li>\n<li>Imprimable avec des encres compostables<\/li>\n<li>Apparence visuelle distinctive et premium<\/li>\n<\/ul>\n<p>Cela cr\u00e9e un fort avantage marketing et une diff\u00e9renciation de marque sur le point de service.<\/p>\n<p>&nbsp;<\/p>\n<div style=\"width: 810px;\" class=\"wp-video\"><video class=\"wp-video-shortcode\" id=\"video-17370-3\" width=\"810\" height=\"458\" preload=\"metadata\" controls=\"controls\"><source type=\"video\/mp4\" src=\"https:\/\/www.biopap.com\/wp-content\/uploads\/2026\/01\/Foldable-tray-video-2.mp4?_=3\" \/><a href=\"https:\/\/www.biopap.com\/wp-content\/uploads\/2026\/01\/Foldable-tray-video-2.mp4\">https:\/\/www.biopap.com\/wp-content\/uploads\/2026\/01\/Foldable-tray-video-2.mp4<\/a><\/video><\/div>\n<p>&nbsp;<\/p>\n<p><strong>BIOPAP\u00ae EasyServe convient pour :<\/strong><\/p>\n<ul>\n<li>Plats pr\u00e9par\u00e9s premium<\/li>\n<li>Entreprises de restauration et services \u00e9v\u00e9nementiels<\/li>\n<li>Restauration de d\u00e9tail et livraison de repas<\/li>\n<li>Restauration a\u00e9rienne et ferroviaire<\/li>\n<li>H\u00f4pitaux et \u00e9tablissements de soins<\/li>\n<li>Cantines d\u2019entreprises et administrations publiques<\/li>\n<li>H\u00f4tels, restaurants, bistrots, yachts, bars et pubs<\/li>\n<\/ul>\n<p>L\u00e0 o\u00f9 l\u2019emballage durable, la qualit\u00e9 alimentaire et l\u2019efficacit\u00e9 sont essentielles, EasyServe apporte la solution.<\/p>\n<p>&nbsp;<\/p>\n<div style=\"width: 810px;\" class=\"wp-video\"><video class=\"wp-video-shortcode\" id=\"video-17370-4\" width=\"810\" height=\"458\" preload=\"metadata\" controls=\"controls\"><source type=\"video\/mp4\" src=\"https:\/\/www.biopap.com\/wp-content\/uploads\/2026\/01\/Foldable-Tray-video-3.mp4?_=4\" \/><a href=\"https:\/\/www.biopap.com\/wp-content\/uploads\/2026\/01\/Foldable-Tray-video-3.mp4\">https:\/\/www.biopap.com\/wp-content\/uploads\/2026\/01\/Foldable-Tray-video-3.mp4<\/a><\/video><\/div>\n<p>&nbsp;<\/p>\n<p><strong>Principaux avantages en un coup d\u2019\u0153il:<\/strong><\/p>\n<ul>\n<li>Emballage compostable <strong>liaison Froide &amp; liaison Surgel\u00e9e<\/strong><\/li>\n<li>Syst\u00e8me de service directement \u00e0 l\u2019assiette<\/li>\n<li>Hautes performances thermiques<\/li>\n<li>Sans plastique, certifi\u00e9 compostable<\/li>\n<li>Compatible avec les lignes de conditionnement existantes<\/li>\n<li>Pr\u00e9sentation alimentaire premium<\/li>\n<\/ul>\n","protected":false},"excerpt":{"rendered":"<p>Emballage compostable de repas pr\u00eat-\u00e0-servir \u00e0 l\u2019assiette Emballages compostables liaison Froide &amp; liaison Surgel\u00e9e pr\u00eats-\u00e0-servir \u00e0 l\u2019assiette BIOPAP\u00ae EasyServe est&#8230;<\/p>\n","protected":false},"author":4,"featured_media":0,"parent":1392,"menu_order":0,"comment_status":"closed","ping_status":"closed","template":"","meta":[],"_links":{"self":[{"href":"https:\/\/www.biopap.com\/fr\/wp-json\/wp\/v2\/pages\/17370"}],"collection":[{"href":"https:\/\/www.biopap.com\/fr\/wp-json\/wp\/v2\/pages"}],"about":[{"href":"https:\/\/www.biopap.com\/fr\/wp-json\/wp\/v2\/types\/page"}],"author":[{"embeddable":true,"href":"https:\/\/www.biopap.com\/fr\/wp-json\/wp\/v2\/users\/4"}],"replies":[{"embeddable":true,"href":"https:\/\/www.biopap.com\/fr\/wp-json\/wp\/v2\/comments?post=17370"}],"version-history":[{"count":4,"href":"https:\/\/www.biopap.com\/fr\/wp-json\/wp\/v2\/pages\/17370\/revisions"}],"predecessor-version":[{"id":17698,"href":"https:\/\/www.biopap.com\/fr\/wp-json\/wp\/v2\/pages\/17370\/revisions\/17698"}],"up":[{"embeddable":true,"href":"https:\/\/www.biopap.com\/fr\/wp-json\/wp\/v2\/pages\/1392"}],"wp:attachment":[{"href":"https:\/\/www.biopap.com\/fr\/wp-json\/wp\/v2\/media?parent=17370"}],"curies":[{"name":"wp","href":"https:\/\/api.w.org\/{rel}","templated":true}]}}