{"id":3859,"date":"2017-05-11T11:56:24","date_gmt":"2017-05-11T11:56:24","guid":{"rendered":"http:\/\/www.biopap.com\/vantaggi-per-il-consumatore\/"},"modified":"2017-05-12T10:59:59","modified_gmt":"2017-05-12T10:59:59","slug":"avantages-pour-le-consommateur","status":"publish","type":"page","link":"https:\/\/www.biopap.com\/fr\/avantages\/avantages-pour-le-consommateur\/","title":{"rendered":"Avantages pour le consommateur"},"content":{"rendered":"<p>[vc_row][vc_column][vc_column_text]Les barquettes BIOPAP\u00ae sont\u00a0:<\/p>\n<ul>\n<li>Parfaitement <strong>hygi\u00e9niques<\/strong> et <strong>atoxiques<\/strong> \u00e0 usage unique<\/li>\n<li><strong>Versatiles<\/strong> et <strong>pratiques<\/strong>, elles sont incassables et peuvent \u00eatre utilis\u00e9es en tout type de four<\/li>\n<li>R\u00e9sistent \u00e0 des temp\u00e9ratures extr\u00eames pour surgeler, conserver cuisiner et r\u00e9chauffer les aliments<\/li>\n<li><strong>Les aliments restent chauds plus longtemps<\/strong> dans nos barquettes<\/li>\n<li>Les bords ne sot jamais brulants ou coupants<\/li>\n<li>On peut directement manger \u00e0 l\u2019int\u00e9rieur des barquettes sans fuites de sauces\u2026et sans faire la vaisselle<\/li>\n<li>Une foi utilis\u00e9es elles peuvent \u00eatre <strong>jet\u00e9es<\/strong> avec le reste des <strong>ordure compostables<\/strong> ou avec le <strong>papier<\/strong><\/li>\n<\/ul>\n<p>[\/vc_column_text][\/vc_column][\/vc_row]<\/p>\n","protected":false},"excerpt":{"rendered":"<p>[vc_row][vc_column][vc_column_text]Les barquettes BIOPAP\u00ae sont\u00a0: Parfaitement hygi\u00e9niques et atoxiques \u00e0 usage unique Versatiles et pratiques, elles sont incassables et peuvent \u00eatre&#8230;<\/p>\n","protected":false},"author":3,"featured_media":0,"parent":157,"menu_order":0,"comment_status":"closed","ping_status":"open","template":"","meta":[],"_links":{"self":[{"href":"https:\/\/www.biopap.com\/fr\/wp-json\/wp\/v2\/pages\/3859"}],"collection":[{"href":"https:\/\/www.biopap.com\/fr\/wp-json\/wp\/v2\/pages"}],"about":[{"href":"https:\/\/www.biopap.com\/fr\/wp-json\/wp\/v2\/types\/page"}],"author":[{"embeddable":true,"href":"https:\/\/www.biopap.com\/fr\/wp-json\/wp\/v2\/users\/3"}],"replies":[{"embeddable":true,"href":"https:\/\/www.biopap.com\/fr\/wp-json\/wp\/v2\/comments?post=3859"}],"version-history":[{"count":1,"href":"https:\/\/www.biopap.com\/fr\/wp-json\/wp\/v2\/pages\/3859\/revisions"}],"predecessor-version":[{"id":3860,"href":"https:\/\/www.biopap.com\/fr\/wp-json\/wp\/v2\/pages\/3859\/revisions\/3860"}],"up":[{"embeddable":true,"href":"https:\/\/www.biopap.com\/fr\/wp-json\/wp\/v2\/pages\/157"}],"wp:attachment":[{"href":"https:\/\/www.biopap.com\/fr\/wp-json\/wp\/v2\/media?parent=3859"}],"curies":[{"name":"wp","href":"https:\/\/api.w.org\/{rel}","templated":true}]}}