{"id":3861,"date":"2017-05-11T11:57:30","date_gmt":"2017-05-11T11:57:30","guid":{"rendered":"http:\/\/www.biopap.com\/vantaggi-per-lambiente\/"},"modified":"2017-05-12T11:02:26","modified_gmt":"2017-05-12T11:02:26","slug":"avantages-pour-lenvironnement","status":"publish","type":"page","link":"https:\/\/www.biopap.com\/fr\/avantages\/avantages-pour-lenvironnement\/","title":{"rendered":"Avantages pour l\u2019environnement"},"content":{"rendered":"<p>[vc_row][vc_column][vc_column_text]Avantages pour l\u2019environnement<\/p>\n<ul>\n<li>Les mati\u00e8res premi\u00e8res utilis\u00e9es pour nos barquettes sont durables. Nos principales sources sont les for\u00eats de l\u2019Europe du Nord, les milieux les plus incontamin\u00e9s de la plan\u00e8te. Les for\u00eats y sont g\u00e9r\u00e9es durablement en pr\u00e9servant la biodiversit\u00e9.<\/li>\n<li>La croissance de ces for\u00eats n\u2019utlise pas d\u2019irrigation artificielle ni de pesticides et de fertilisants.<\/li>\n<li>Les barquettes BIOPAP\u00ae ne sont pas issues de l\u2019agriculture intensive et n\u2019utilisent pas de mati\u00e8re premi\u00e8res alimentaires: elle ne g\u00e9n\u00e8rent pas de pollution ni d\u2019inflation sur les prix des aliments.<\/li>\n<\/ul>\n<p>[\/vc_column_text][\/vc_column][\/vc_row][vc_row css=\u00a0\u00bb.vc_custom_1494505176457{margin-right: 0px !important;margin-left: 0px !important;background-color: #f5f5f5 !important;}\u00a0\u00bb][vc_column][vc_separator][vc_column_text]<\/p>\n<p style=\"text-align: center;\"><strong>BILAN FORESTAL<\/strong><br \/>\n<strong>(Finlande 1879-2013)<\/strong><\/p>\n<p>[\/vc_column_text][vc_single_image image=\u00a0\u00bb579&Prime; img_size=\u00a0\u00bbfull\u00a0\u00bb alignment=\u00a0\u00bbcenter\u00a0\u00bb][vc_column_text css=\u00a0\u00bb.vc_custom_1494586913440{padding-right: 30px !important;padding-left: 30px !important;}\u00a0\u00bb]<\/p>\n<p style=\"text-align: center; color: #999;\"><em>Le graphique montre que la croissance du patrimoine forestal est toujours assur\u00e9 et les r\u00e9serves s\u2019accroissent.<\/em><\/p>\n<p>[\/vc_column_text][\/vc_column][\/vc_row][vc_row][vc_column][vc_empty_space][vc_row_inner][vc_column_inner width=\u00a0\u00bb1\/2&Prime;][vc_single_image image=\u00a0\u00bb3194&Prime; img_size=\u00a0\u00bbfull\u00a0\u00bb alignment=\u00a0\u00bbcenter\u00a0\u00bb onclick=\u00a0\u00bblink_image\u00a0\u00bb][\/vc_column_inner][vc_column_inner width=\u00a0\u00bb1\/2&Prime;][vc_column_text]Les barquettes BIOPAP\u00ae bouclent id\u00e9alement le cycle du carbone\u00a0: une foi utilis\u00e9es, le compost qui en r\u00e9sulte est achemin\u00e9 en agriculture ou dans les jardins pour am\u00e9liorer les conditions des sols ou remplacer des engrais chimiques en devenant la base de la croissance de nouvelle plantes\u00a0: le cycle se compl\u00e8te.[\/vc_column_text][\/vc_column_inner][\/vc_row_inner][\/vc_column][\/vc_row]<\/p>\n","protected":false},"excerpt":{"rendered":"<p>[vc_row][vc_column][vc_column_text]Avantages pour l\u2019environnement Les mati\u00e8res premi\u00e8res utilis\u00e9es pour nos barquettes sont durables. Nos principales sources sont les for\u00eats de l\u2019Europe&#8230;<\/p>\n","protected":false},"author":3,"featured_media":0,"parent":157,"menu_order":0,"comment_status":"closed","ping_status":"open","template":"","meta":[],"_links":{"self":[{"href":"https:\/\/www.biopap.com\/fr\/wp-json\/wp\/v2\/pages\/3861"}],"collection":[{"href":"https:\/\/www.biopap.com\/fr\/wp-json\/wp\/v2\/pages"}],"about":[{"href":"https:\/\/www.biopap.com\/fr\/wp-json\/wp\/v2\/types\/page"}],"author":[{"embeddable":true,"href":"https:\/\/www.biopap.com\/fr\/wp-json\/wp\/v2\/users\/3"}],"replies":[{"embeddable":true,"href":"https:\/\/www.biopap.com\/fr\/wp-json\/wp\/v2\/comments?post=3861"}],"version-history":[{"count":2,"href":"https:\/\/www.biopap.com\/fr\/wp-json\/wp\/v2\/pages\/3861\/revisions"}],"predecessor-version":[{"id":3863,"href":"https:\/\/www.biopap.com\/fr\/wp-json\/wp\/v2\/pages\/3861\/revisions\/3863"}],"up":[{"embeddable":true,"href":"https:\/\/www.biopap.com\/fr\/wp-json\/wp\/v2\/pages\/157"}],"wp:attachment":[{"href":"https:\/\/www.biopap.com\/fr\/wp-json\/wp\/v2\/media?parent=3861"}],"curies":[{"name":"wp","href":"https:\/\/api.w.org\/{rel}","templated":true}]}}