{"id":3866,"date":"2017-05-11T11:59:06","date_gmt":"2017-05-11T11:59:06","guid":{"rendered":"http:\/\/www.biopap.com\/vantaggi-per-le-amministrazioni-pubbliche\/"},"modified":"2017-05-12T11:04:04","modified_gmt":"2017-05-12T11:04:04","slug":"avantages-pour-les-administrations-publiques","status":"publish","type":"page","link":"https:\/\/www.biopap.com\/fr\/avantages\/avantages-pour-les-administrations-publiques\/","title":{"rendered":"Avantages pour les administrations publiques"},"content":{"rendered":"<p>[vc_row][vc_column][vc_column_text]Avantages pour les administrations publiques<\/p>\n<ul>\n<li>Les Barquettes BIOPAP\u00ae sont un <strong>atout en plus pour promouvoir la r\u00e9duction des d\u00e9chet et une conscience plus \u00e9cologique<\/strong><\/li>\n<li>L\u2019utilisation des barquettes dans les services de restauration scolaire offre une solution test\u00e9e, durable et \u00e9cologique pour <strong>r\u00e9duire le co\u00fbt<\/strong> total du service en tenant compte aussi de la <strong>gestion des d\u00e9chets<\/strong> et leur valorisation comme compost ou comme biogaz<\/li>\n<li>Les objectifs de la directive UE 94\/62 seront plus faciles \u00e0 atteindre gr\u00e2ce \u00e0 l\u2019utilisation de barquettes alimentaire compostables<\/li>\n<\/ul>\n<p>[\/vc_column_text][\/vc_column][\/vc_row]<\/p>\n","protected":false},"excerpt":{"rendered":"<p>[vc_row][vc_column][vc_column_text]Avantages pour les administrations publiques Les Barquettes BIOPAP\u00ae sont un atout en plus pour promouvoir la r\u00e9duction des d\u00e9chet et&#8230;<\/p>\n","protected":false},"author":3,"featured_media":0,"parent":157,"menu_order":0,"comment_status":"closed","ping_status":"open","template":"","meta":[],"_links":{"self":[{"href":"https:\/\/www.biopap.com\/fr\/wp-json\/wp\/v2\/pages\/3866"}],"collection":[{"href":"https:\/\/www.biopap.com\/fr\/wp-json\/wp\/v2\/pages"}],"about":[{"href":"https:\/\/www.biopap.com\/fr\/wp-json\/wp\/v2\/types\/page"}],"author":[{"embeddable":true,"href":"https:\/\/www.biopap.com\/fr\/wp-json\/wp\/v2\/users\/3"}],"replies":[{"embeddable":true,"href":"https:\/\/www.biopap.com\/fr\/wp-json\/wp\/v2\/comments?post=3866"}],"version-history":[{"count":1,"href":"https:\/\/www.biopap.com\/fr\/wp-json\/wp\/v2\/pages\/3866\/revisions"}],"predecessor-version":[{"id":3867,"href":"https:\/\/www.biopap.com\/fr\/wp-json\/wp\/v2\/pages\/3866\/revisions\/3867"}],"up":[{"embeddable":true,"href":"https:\/\/www.biopap.com\/fr\/wp-json\/wp\/v2\/pages\/157"}],"wp:attachment":[{"href":"https:\/\/www.biopap.com\/fr\/wp-json\/wp\/v2\/media?parent=3866"}],"curies":[{"name":"wp","href":"https:\/\/api.w.org\/{rel}","templated":true}]}}