{"id":4844,"date":"2017-06-08T13:12:02","date_gmt":"2017-06-08T13:12:02","guid":{"rendered":"http:\/\/www.biopap.com\/lenterprise\/bilancio-sociale\/"},"modified":"2022-04-27T10:46:55","modified_gmt":"2022-04-27T10:46:55","slug":"rapport-sur-la-responsabilite-sociale","status":"publish","type":"page","link":"https:\/\/www.biopap.com\/fr\/lenterprise\/rapport-sur-la-responsabilite-sociale\/","title":{"rendered":"Responsabilit\u00e9 sociale"},"content":{"rendered":"<p class=\"entry-title post-header-title\">Cr\u00e9er une entreprise et la diriger en tant qu&rsquo;entrepreneurs est en soi une responsabilit\u00e9 sociale avant d\u2019\u00eatre une responsabilit\u00e9 \u00e9conomique, il s&rsquo;agit de concr\u00e9tiser des valeurs et des id\u00e9es.<\/p>\n<p>Chez BIOPAP\u00ae, nous \u00e9co-concevons enti\u00e8rement nos produits, en prenant soin de notre environnement en utilisant de mani\u00e8re responsable des ressources renouvelables et des \u00e9nergies renouvelables, en surveillant et en r\u00e9duisant la consommation \u00e0 chaque \u00e9tape de nos processus.<\/p>\n<p>Nous prenons soin de nos collaborateurs en donnant un sens \u00e0 ce que nous faisons ensemble et en rendant le travail s\u00fbr et motivant. Nous valorisons l&rsquo;innovation, la responsabilit\u00e9 et l&rsquo;engagement.<\/p>\n<p>Nous prenons soin de nos clients et fournisseurs en s\u00e9lectionnant et en travaillant avec des partenaires qui partagent nos m\u00eames valeurs et visions. Nous croyons en la transparence, l&rsquo;honn\u00eatet\u00e9 et l&rsquo;\u00e9quit\u00e9.<\/p>\n<p>Nous prenons soin de notre communaut\u00e9 en investissant localement, en embauchant localement, en promouvant l&rsquo;\u00e9ducation et les visites d&rsquo;\u00e9coles pour montrer et valoriser les activit\u00e9s d\u2019entreprises innovantes, \u00e9thiques et durables.<\/p>\n<p>Nous nous engageons pour la circularit\u00e9 e contre le gaspillage. Le compostage est le choix pr\u00e9f\u00e9rable pour les emballages alimentaires usag\u00e9s et contamin\u00e9s avec les d\u00e9chets organiques alimentaires. Ensemble ils sont une opportunit\u00e9 de transformer les d\u00e9chets en une ressource locale pr\u00e9cieuse aidant l&rsquo;agriculture \u00e0 devenir ind\u00e9pendante des engrais chimiques.<\/p>\n<h1 class=\"entry-title post-header-title\">\u00a0BIOPAP\u00ae PRIM\u00c9E POUR SES BONNES PRATIQUES DE RESPONSABILIT\u00c9 SOCIALE D\u2019ENTREPRISE<\/h1>\n<p><a href=\"https:\/\/www.biopap.com\/wp-content\/uploads\/2017\/06\/att-imprese-responsabili-per-sito.png\" data-rel=\"lightbox-image-0\" data-rl_title=\"\" data-rl_caption=\"\" title=\"\"><img decoding=\"async\" loading=\"lazy\" class=\"wp-image-6708 aligncenter\" src=\"https:\/\/www.biopap.com\/wp-content\/uploads\/2017\/06\/att-imprese-responsabili-per-sito-300x211.png\" alt=\"\" width=\"609\" height=\"428\" srcset=\"https:\/\/www.biopap.com\/wp-content\/uploads\/2017\/06\/att-imprese-responsabili-per-sito-300x211.png 300w, https:\/\/www.biopap.com\/wp-content\/uploads\/2017\/06\/att-imprese-responsabili-per-sito-768x540.png 768w, https:\/\/www.biopap.com\/wp-content\/uploads\/2017\/06\/att-imprese-responsabili-per-sito-1024x720.png 1024w\" sizes=\"(max-width: 609px) 100vw, 609px\" \/><\/a><\/p>\n<p>&nbsp;<\/p>\n<p>Le 5 D\u00e9cembre ont \u00e9t\u00e9 d\u00e9cern\u00e9s les prix Entreprises Responsables 2019. Dans le cadre extraordinaire du 39\u00b0 \u00e9tage du Palais Lombardie, La Vice Pr\u00e9sidente et co-fondatrice de Cartonspecialist BIOPAP\u00ae\u00a0a re\u00e7u le prix d\u00e9cern\u00e9 par la R\u00e9gion Lombardie et L\u2019Union des Chambres de Commerce pour qualifier et soutenir le parcours vertueux des entreprises qui s\u2019engagent pour une culture entrepreneuriale innovante, attentive et coh\u00e9rente aux valeurs du d\u00e9veloppement durable et \u00e0 la diffusion des bonnes pratiques de responsabilit\u00e9 sociale (<a href=\"http:\/\/www.csr.unioncamerelombardia.it\/\">www.csr.unioncamerelombardia.it<\/a>).\u00a0 Maria Teresa Brassiolo a rappel\u00e9 le r\u00f4le d\u00e9terminant de l\u2019entreprise de promouvoir et t\u00e9moigner la Responsabilit\u00e9 Sociale chacun dans sa propre communaut\u00e9 et d\u2019agir collectivement pour un mod\u00e8le plus durable de production et de consommation.<\/p>\n","protected":false},"excerpt":{"rendered":"<p>Cr\u00e9er une entreprise et la diriger en tant qu&rsquo;entrepreneurs est en soi une responsabilit\u00e9 sociale avant d\u2019\u00eatre une responsabilit\u00e9 \u00e9conomique,&#8230;<\/p>\n","protected":false},"author":3,"featured_media":0,"parent":104,"menu_order":0,"comment_status":"closed","ping_status":"closed","template":"","meta":[],"_links":{"self":[{"href":"https:\/\/www.biopap.com\/fr\/wp-json\/wp\/v2\/pages\/4844"}],"collection":[{"href":"https:\/\/www.biopap.com\/fr\/wp-json\/wp\/v2\/pages"}],"about":[{"href":"https:\/\/www.biopap.com\/fr\/wp-json\/wp\/v2\/types\/page"}],"author":[{"embeddable":true,"href":"https:\/\/www.biopap.com\/fr\/wp-json\/wp\/v2\/users\/3"}],"replies":[{"embeddable":true,"href":"https:\/\/www.biopap.com\/fr\/wp-json\/wp\/v2\/comments?post=4844"}],"version-history":[{"count":8,"href":"https:\/\/www.biopap.com\/fr\/wp-json\/wp\/v2\/pages\/4844\/revisions"}],"predecessor-version":[{"id":9179,"href":"https:\/\/www.biopap.com\/fr\/wp-json\/wp\/v2\/pages\/4844\/revisions\/9179"}],"up":[{"embeddable":true,"href":"https:\/\/www.biopap.com\/fr\/wp-json\/wp\/v2\/pages\/104"}],"wp:attachment":[{"href":"https:\/\/www.biopap.com\/fr\/wp-json\/wp\/v2\/media?parent=4844"}],"curies":[{"name":"wp","href":"https:\/\/api.w.org\/{rel}","templated":true}]}}