{"id":5972,"date":"2019-06-16T10:10:29","date_gmt":"2019-06-16T10:10:29","guid":{"rendered":"https:\/\/www.biopap.com\/?page_id=5972\/"},"modified":"2025-06-20T13:15:00","modified_gmt":"2025-06-20T13:15:00","slug":"catalogues","status":"publish","type":"page","link":"https:\/\/www.biopap.com\/fr\/lenterprise\/catalogues\/","title":{"rendered":"\u00c9thique d\u2019entreprise"},"content":{"rendered":"<p>L&rsquo;\u00e9thique ne peut s&rsquo;appr\u00e9cier uniquement en se conformant \u00e0 la loi. Elle doit se fonder sur l&rsquo;adh\u00e9sion convaincue aux normes de comportement les plus \u00e9lev\u00e9es dans les diverses situations.<\/p>\n<p>Face \u00e0 l&rsquo;affirmation toujours plus large dans la soci\u00e9t\u00e9 des valeurs de la libre entreprise et de la fonction sociale reconnue du libre march\u00e9 et de la propri\u00e9t\u00e9 priv\u00e9e, cette entreprise se fixe, avec un sens de responsabilit\u00e9 et d&rsquo;int\u00e9grit\u00e9 morale, l&rsquo;objectif de continuer \u00e0 contribuer au processus de d\u00e9veloppement de L&rsquo;\u00e9conomie italienne et la croissance civile du pays. Dans ce contexte, cette entreprise consid\u00e8re comme une obligation de\u00a0:<\/p>\n<ul>\n<li>pr\u00e9server et renforcer la r\u00e9putation de l&rsquo;entrepreneuriat en tant que force sociale autonome, responsable et \u00e9thiquement correcte ;<\/li>\n<li>contribuer concr\u00e8tement par son propre comportement \u00e0 l&rsquo;am\u00e9lioration de la soci\u00e9t\u00e9 civile et du syst\u00e8me national.<\/li>\n<\/ul>\n<p>L&rsquo;entreprise s\u2019engage :<\/p>\n<ul>\n<li>appliquer pleinement les lois et les contrats de travail ;<\/li>\n<li>se comporter \u00e9quitablement vis-\u00e0-vis de ses collaborateurs, en favorisant leur d\u00e9veloppement professionnel et en pr\u00e9servant la s\u00e9curit\u00e9 sur le lieu du travail ;<\/li>\n<li>adopter une attitude juste et correcte envers les clients, les fournisseurs et les concurrents ;<\/li>\n<li>maintenir des relations inspir\u00e9es par l&rsquo;\u00e9quit\u00e9 et l&rsquo;int\u00e9grit\u00e9 avec l&rsquo;administration publique et les partis politiques ;<\/li>\n<li>consid\u00e9rer la protection de l&rsquo;environnement et la pr\u00e9vention de toutes les formes de pollution, un engagement constant.<\/li>\n<\/ul>\n<p>Cette entreprise partage et soutient les principes promus par Transparency International Italie et adh\u00e8re au PMI Integrity kit cr\u00e9\u00e9 dans le cadre du Business Integrity Forum.<\/p>\n<p><strong>Pour les rapports, veuillez utiliser le format ci-joint et l&rsquo;envoyer \u00e0 wbreporting@biopap.com<\/strong><\/p>\n<p>&nbsp;<\/p>\n<p><strong>Charte des principes \u00e9thiques g\u00e9n\u00e9raux<\/strong><\/p>\n<p><a href=\"https:\/\/www.biopap.com\/wp-content\/uploads\/2020\/09\/fra-1.1.png\" data-rel=\"lightbox-image-0\" data-rl_title=\"\" data-rl_caption=\"\" title=\"\"><img decoding=\"async\" loading=\"lazy\" class=\"alignnone wp-image-7666\" src=\"https:\/\/www.biopap.com\/wp-content\/uploads\/2020\/09\/fra-1.1-212x300.png\" alt=\"\" width=\"385\" height=\"545\" srcset=\"https:\/\/www.biopap.com\/wp-content\/uploads\/2020\/09\/fra-1.1-212x300.png 212w, https:\/\/www.biopap.com\/wp-content\/uploads\/2020\/09\/fra-1.1-768x1086.png 768w, https:\/\/www.biopap.com\/wp-content\/uploads\/2020\/09\/fra-1.1-724x1024.png 724w, https:\/\/www.biopap.com\/wp-content\/uploads\/2020\/09\/fra-1.1.png 1568w\" sizes=\"(max-width: 385px) 100vw, 385px\" \/><\/a><\/p>\n<p><a href=\"https:\/\/www.biopap.com\/wp-content\/uploads\/2020\/09\/fra-1.2.png\" data-rel=\"lightbox-image-1\" data-rl_title=\"\" data-rl_caption=\"\" title=\"\"><img decoding=\"async\" loading=\"lazy\" class=\"alignnone wp-image-7670\" src=\"https:\/\/www.biopap.com\/wp-content\/uploads\/2020\/09\/fra-1.2-212x300.png\" alt=\"\" width=\"385\" height=\"545\" srcset=\"https:\/\/www.biopap.com\/wp-content\/uploads\/2020\/09\/fra-1.2-212x300.png 212w, https:\/\/www.biopap.com\/wp-content\/uploads\/2020\/09\/fra-1.2-768x1087.png 768w, https:\/\/www.biopap.com\/wp-content\/uploads\/2020\/09\/fra-1.2-723x1024.png 723w, https:\/\/www.biopap.com\/wp-content\/uploads\/2020\/09\/fra-1.2.png 1568w\" sizes=\"(max-width: 385px) 100vw, 385px\" \/><\/a><\/p>\n<p><strong>Syst\u00e8mes de signalement et politiques<\/strong><\/p>\n<p><a href=\"https:\/\/www.biopap.com\/wp-content\/uploads\/2019\/06\/fra-2.1.png\" data-rel=\"lightbox-image-2\" data-rl_title=\"\" data-rl_caption=\"\" title=\"\"><img decoding=\"async\" loading=\"lazy\" class=\"alignnone wp-image-7675\" src=\"https:\/\/www.biopap.com\/wp-content\/uploads\/2019\/06\/fra-2.1-211x300.png\" alt=\"\" width=\"385\" height=\"548\" srcset=\"https:\/\/www.biopap.com\/wp-content\/uploads\/2019\/06\/fra-2.1-211x300.png 211w, https:\/\/www.biopap.com\/wp-content\/uploads\/2019\/06\/fra-2.1-768x1094.png 768w, https:\/\/www.biopap.com\/wp-content\/uploads\/2019\/06\/fra-2.1-719x1024.png 719w, https:\/\/www.biopap.com\/wp-content\/uploads\/2019\/06\/fra-2.1.png 1556w\" sizes=\"(max-width: 385px) 100vw, 385px\" \/><\/a><\/p>\n<p><a href=\"https:\/\/www.biopap.com\/wp-content\/uploads\/2019\/06\/fra-2.2.png\" data-rel=\"lightbox-image-3\" data-rl_title=\"\" data-rl_caption=\"\" title=\"\"><img decoding=\"async\" loading=\"lazy\" class=\"alignnone wp-image-7679\" src=\"https:\/\/www.biopap.com\/wp-content\/uploads\/2019\/06\/fra-2.2-300x212.png\" alt=\"\" width=\"679\" height=\"480\" srcset=\"https:\/\/www.biopap.com\/wp-content\/uploads\/2019\/06\/fra-2.2-300x212.png 300w, https:\/\/www.biopap.com\/wp-content\/uploads\/2019\/06\/fra-2.2-768x544.png 768w, https:\/\/www.biopap.com\/wp-content\/uploads\/2019\/06\/fra-2.2-1024x725.png 1024w\" sizes=\"(max-width: 679px) 100vw, 679px\" \/><\/a><\/p>\n<p><strong>Formulaire proc\u00e9dure de signalement<\/strong><\/p>\n<p><a href=\"https:\/\/www.biopap.com\/wp-content\/uploads\/2019\/06\/fra-3.1.png\" data-rel=\"lightbox-image-4\" data-rl_title=\"\" data-rl_caption=\"\" title=\"\"><img decoding=\"async\" loading=\"lazy\" class=\"alignnone wp-image-7683\" src=\"https:\/\/www.biopap.com\/wp-content\/uploads\/2019\/06\/fra-3.1-212x300.png\" alt=\"\" width=\"385\" height=\"545\" srcset=\"https:\/\/www.biopap.com\/wp-content\/uploads\/2019\/06\/fra-3.1-212x300.png 212w, https:\/\/www.biopap.com\/wp-content\/uploads\/2019\/06\/fra-3.1-768x1086.png 768w, https:\/\/www.biopap.com\/wp-content\/uploads\/2019\/06\/fra-3.1-724x1024.png 724w, https:\/\/www.biopap.com\/wp-content\/uploads\/2019\/06\/fra-3.1.png 1564w\" sizes=\"(max-width: 385px) 100vw, 385px\" \/><\/a><\/p>\n<p><a href=\"https:\/\/www.biopap.com\/wp-content\/uploads\/2019\/06\/fra-3.2.png\" data-rel=\"lightbox-image-5\" data-rl_title=\"\" data-rl_caption=\"\" title=\"\"><img decoding=\"async\" loading=\"lazy\" class=\"alignnone wp-image-7687\" src=\"https:\/\/www.biopap.com\/wp-content\/uploads\/2019\/06\/fra-3.2-300x212.png\" alt=\"\" width=\"679\" height=\"480\" srcset=\"https:\/\/www.biopap.com\/wp-content\/uploads\/2019\/06\/fra-3.2-300x212.png 300w, https:\/\/www.biopap.com\/wp-content\/uploads\/2019\/06\/fra-3.2-768x543.png 768w, https:\/\/www.biopap.com\/wp-content\/uploads\/2019\/06\/fra-3.2-1024x723.png 1024w\" sizes=\"(max-width: 679px) 100vw, 679px\" \/><\/a><\/p>\n<p><strong>Pacte d&rsquo;int\u00e9grit\u00e9<\/strong><\/p>\n<p><a href=\"https:\/\/www.biopap.com\/wp-content\/uploads\/2019\/06\/fra-4.1.png\" data-rel=\"lightbox-image-6\" data-rl_title=\"\" data-rl_caption=\"\" title=\"\"><img decoding=\"async\" loading=\"lazy\" class=\"alignnone wp-image-7691\" src=\"https:\/\/www.biopap.com\/wp-content\/uploads\/2019\/06\/fra-4.1-212x300.png\" alt=\"\" width=\"385\" height=\"546\" srcset=\"https:\/\/www.biopap.com\/wp-content\/uploads\/2019\/06\/fra-4.1-212x300.png 212w, https:\/\/www.biopap.com\/wp-content\/uploads\/2019\/06\/fra-4.1-768x1089.png 768w, https:\/\/www.biopap.com\/wp-content\/uploads\/2019\/06\/fra-4.1-722x1024.png 722w, https:\/\/www.biopap.com\/wp-content\/uploads\/2019\/06\/fra-4.1.png 1570w\" sizes=\"(max-width: 385px) 100vw, 385px\" \/><\/a><\/p>\n<p><a href=\"https:\/\/www.biopap.com\/wp-content\/uploads\/2019\/06\/fra-4.2.png\" data-rel=\"lightbox-image-7\" data-rl_title=\"\" data-rl_caption=\"\" title=\"\"><img decoding=\"async\" loading=\"lazy\" class=\"alignnone wp-image-7695\" src=\"https:\/\/www.biopap.com\/wp-content\/uploads\/2019\/06\/fra-4.2-300x212.png\" alt=\"\" width=\"679\" height=\"480\" srcset=\"https:\/\/www.biopap.com\/wp-content\/uploads\/2019\/06\/fra-4.2-300x212.png 300w, https:\/\/www.biopap.com\/wp-content\/uploads\/2019\/06\/fra-4.2-768x543.png 768w, https:\/\/www.biopap.com\/wp-content\/uploads\/2019\/06\/fra-4.2-1024x724.png 1024w\" sizes=\"(max-width: 679px) 100vw, 679px\" \/><\/a><\/p>\n<p>&nbsp;<\/p>\n<p><strong>Charte des principes \u00e9thiques g\u00e9n\u00e9raux<\/strong><\/p>\n<p><strong><a href=\"https:\/\/www.biopap.com\/wp-content\/uploads\/2020\/09\/Kit_1_fr.pdf\"><img decoding=\"async\" loading=\"lazy\" class=\"alignnone wp-image-7653\" src=\"https:\/\/www.biopap.com\/wp-content\/uploads\/2020\/09\/Download-PDF-300x86.png\" alt=\"\" width=\"137\" height=\"39\" srcset=\"https:\/\/www.biopap.com\/wp-content\/uploads\/2020\/09\/Download-PDF-300x86.png 300w, https:\/\/www.biopap.com\/wp-content\/uploads\/2020\/09\/Download-PDF.png 308w\" sizes=\"(max-width: 137px) 100vw, 137px\" \/><\/a><\/strong><\/p>\n<p><strong>Syst\u00e8mes de signalement et politiques<\/strong><\/p>\n<p><strong><a href=\"https:\/\/www.biopap.com\/wp-content\/uploads\/2020\/09\/Kit_2_fr.pdf\"><img decoding=\"async\" loading=\"lazy\" class=\"alignnone wp-image-7653\" src=\"https:\/\/www.biopap.com\/wp-content\/uploads\/2020\/09\/Download-PDF-300x86.png\" alt=\"\" width=\"137\" height=\"39\" srcset=\"https:\/\/www.biopap.com\/wp-content\/uploads\/2020\/09\/Download-PDF-300x86.png 300w, https:\/\/www.biopap.com\/wp-content\/uploads\/2020\/09\/Download-PDF.png 308w\" sizes=\"(max-width: 137px) 100vw, 137px\" \/><\/a><\/strong><\/p>\n<p><strong>Formulaire proc\u00e9dure de signalement<\/strong><\/p>\n<p><strong><a href=\"https:\/\/www.biopap.com\/wp-content\/uploads\/2020\/09\/Kit_2A_fr.pdf\"><img decoding=\"async\" loading=\"lazy\" class=\"alignnone wp-image-7653\" src=\"https:\/\/www.biopap.com\/wp-content\/uploads\/2020\/09\/Download-PDF-300x86.png\" alt=\"\" width=\"137\" height=\"39\" srcset=\"https:\/\/www.biopap.com\/wp-content\/uploads\/2020\/09\/Download-PDF-300x86.png 300w, https:\/\/www.biopap.com\/wp-content\/uploads\/2020\/09\/Download-PDF.png 308w\" sizes=\"(max-width: 137px) 100vw, 137px\" \/><\/a><\/strong><\/p>\n<p><strong>Pacte d&rsquo;int\u00e9grit\u00e9<\/strong><\/p>\n<p><strong><a href=\"https:\/\/www.biopap.com\/wp-content\/uploads\/2020\/09\/Kit_3_fr.pdf\"><img decoding=\"async\" loading=\"lazy\" class=\"alignnone wp-image-7653\" src=\"https:\/\/www.biopap.com\/wp-content\/uploads\/2020\/09\/Download-PDF-300x86.png\" alt=\"\" width=\"137\" height=\"39\" srcset=\"https:\/\/www.biopap.com\/wp-content\/uploads\/2020\/09\/Download-PDF-300x86.png 300w, https:\/\/www.biopap.com\/wp-content\/uploads\/2020\/09\/Download-PDF.png 308w\" sizes=\"(max-width: 137px) 100vw, 137px\" \/><\/a><\/strong><\/p>\n","protected":false},"excerpt":{"rendered":"<p>L&rsquo;\u00e9thique ne peut s&rsquo;appr\u00e9cier uniquement en se conformant \u00e0 la loi. Elle doit se fonder sur l&rsquo;adh\u00e9sion convaincue aux normes&#8230;<\/p>\n","protected":false},"author":4,"featured_media":0,"parent":104,"menu_order":0,"comment_status":"closed","ping_status":"open","template":"","meta":[],"_links":{"self":[{"href":"https:\/\/www.biopap.com\/fr\/wp-json\/wp\/v2\/pages\/5972"}],"collection":[{"href":"https:\/\/www.biopap.com\/fr\/wp-json\/wp\/v2\/pages"}],"about":[{"href":"https:\/\/www.biopap.com\/fr\/wp-json\/wp\/v2\/types\/page"}],"author":[{"embeddable":true,"href":"https:\/\/www.biopap.com\/fr\/wp-json\/wp\/v2\/users\/4"}],"replies":[{"embeddable":true,"href":"https:\/\/www.biopap.com\/fr\/wp-json\/wp\/v2\/comments?post=5972"}],"version-history":[{"count":9,"href":"https:\/\/www.biopap.com\/fr\/wp-json\/wp\/v2\/pages\/5972\/revisions"}],"predecessor-version":[{"id":15789,"href":"https:\/\/www.biopap.com\/fr\/wp-json\/wp\/v2\/pages\/5972\/revisions\/15789"}],"up":[{"embeddable":true,"href":"https:\/\/www.biopap.com\/fr\/wp-json\/wp\/v2\/pages\/104"}],"wp:attachment":[{"href":"https:\/\/www.biopap.com\/fr\/wp-json\/wp\/v2\/media?parent=5972"}],"curies":[{"name":"wp","href":"https:\/\/api.w.org\/{rel}","templated":true}]}}