{"id":6577,"date":"2020-01-13T13:25:56","date_gmt":"2020-01-13T13:25:56","guid":{"rendered":"https:\/\/www.biopap.com\/?page_id=6577\/"},"modified":"2024-11-27T14:27:15","modified_gmt":"2024-11-27T14:27:15","slug":"certifications-produits-2","status":"publish","type":"page","link":"https:\/\/www.biopap.com\/fr\/certifications-produits-2\/","title":{"rendered":"Certifications produits"},"content":{"rendered":"<p>[vc_row][vc_column][vc_empty_space][vc_separator 0=\u00a0\u00bb\u00a0\u00bb][vc_column_text]<\/p>\n<h1>Certificat de compostabilit\u00e9 OK Compost HOME,<br \/>\n\u00e9dition D (2012.03.02)<\/h1>\n<p>[\/vc_column_text][vc_single_image image=\u00a0\u00bb8742&Prime;][vc_column_text]<\/p>\n<h3><a href=\"https:\/\/www.biopap.com\/wp-content\/uploads\/2020\/01\/Certificato-OK-COMPOST-HOME-ENGITA.pdf\">Certificat d&rsquo;OK Compost Home sur la compostabilit\u00e9 des barquettes BIOPAP\u00ae LC<\/a><\/h3>\n<p>[\/vc_column_text][vc_separator][\/vc_column][\/vc_row][vc_row][vc_column][vc_column_text]<\/p>\n<h1>Certificat de compostabilit\u00e9 OK Compost HOME barquettes Biopap\u00ae LP (2023.02.14)<\/h1>\n<p>[\/vc_column_text][vc_single_image image=\u00a0\u00bb10222&Prime;][vc_column_text]<\/p>\n<h3><a href=\"https:\/\/www.biopap.com\/wp-content\/uploads\/2023\/02\/Certificato-OK-Compost-HOME-LP-ING-1.pdf\">Certificat d&rsquo;OK Compost Home sur la compostabilit\u00e9 des barquettes BIOPAP\u00ae LP<\/a><\/h3>\n<p>[\/vc_column_text][vc_empty_space][vc_separator][vc_column_text]<\/p>\n<h1>Certificat de compostabilit\u00e9\u00a0 EN 13432.2002 Compostable CIC<\/h1>\n<p>[\/vc_column_text][vc_single_image image=\u00a0\u00bb12751&Prime;][vc_column_text 0=\u00a0\u00bb\u00a0\u00bb]<\/p>\n<h3><a href=\"https:\/\/www.biopap.com\/wp-content\/uploads\/2024\/08\/Certificat-CIC-FRA.jpg\" data-rel=\"lightbox-image-0\" data-rl_title=\"\" data-rl_caption=\"\" title=\"\">Certificat de compostabilit\u00e9 barquettes\u00a0Biopap\u00ae LP,\u00a0Biopap\u00aeLC,\u00a0Biopap\u00aeMAP et opercules\u00a0Biopap\u00ae LP<\/a><\/h3>\n<p>[\/vc_column_text][\/vc_column][\/vc_row][vc_row][vc_column][vc_separator][vc_column_text]<\/p>\n<h1>Compostabilit\u00e9 int\u00e9grale de BIOPAP\u00ae dans les sites AMSA de Milan<\/h1>\n<h3>Exemple d&rsquo;excellence dans le traitement des biod\u00e9chets \u00e0 grande \u00e9chelle qui transforme un d\u00e9chet en ressource.<\/h3>\n<p>[\/vc_column_text][vc_video link=\u00a0\u00bbhttps:\/\/youtu.be\/s7zG3IxRru0&Prime; align=\u00a0\u00bbcenter\u00a0\u00bb][vc_empty_space][vc_separator][\/vc_column][\/vc_row][vc_row 0=\u00a0\u00bb\u00a0\u00bb][vc_column 0=\u00a0\u00bb\u00a0\u00bb][vc_separator 0=\u00a0\u00bb\u00a0\u00bb][vc_column_text 0=\u00a0\u00bb\u00a0\u00bb]<\/p>\n<h1>Certificat PEFC<\/h1>\n<p>[\/vc_column_text][\/vc_column][\/vc_row][vc_row 0=\u00a0\u00bb\u00a0\u00bb][vc_column width=\u00a0\u00bb1\/6&Prime;][vc_single_image image=\u00a0\u00bb10666&Prime; img_size=\u00a0\u00bbfull\u00a0\u00bb][\/vc_column][vc_column width=\u00a0\u00bb5\/6&Prime;][vc_column_text 0=\u00a0\u00bb\u00a0\u00bb][\/vc_column_text][vc_column_text 0=\u00a0\u00bb\u00a0\u00bb]<\/p>\n<h3><a href=\"https:\/\/www.biopap.com\/wp-content\/uploads\/2024\/04\/CERTIFICATO-BIOPAP-srl-SOCIETA-BENEFIT.pdf\">Certificat PEFC<\/a><\/h3>\n<p>[\/vc_column_text][\/vc_column][\/vc_row][vc_row][vc_column][vc_separator 0=\u00a0\u00bb\u00a0\u00bb][vc_column_text]<\/p>\n<h1>Tests de recyclage Aticelca MC501-2017<\/h1>\n<p>[\/vc_column_text][\/vc_column][\/vc_row][vc_row][vc_column width=\u00a0\u00bb1\/6&Prime;][vc_single_image image=\u00a0\u00bb6612&Prime;][\/vc_column][vc_column width=\u00a0\u00bb5\/6&Prime;][vc_column_text]<\/p>\n<h3><\/h3>\n<h3><a href=\"https:\/\/www.biopap.com\/wp-content\/uploads\/2019\/05\/Riciclabilit%C3%A0-BIOPAP%C2%AE-LP-Aticelca-501%EF%80%A22017-04-2018-EN.pdf\">Test de recyclage barquette alimentaire Biopap\u00ae LP<\/a><\/h3>\n<p>[\/vc_column_text][\/vc_column][\/vc_row][vc_row][vc_column width=\u00a0\u00bb1\/6&Prime;][vc_single_image image=\u00a0\u00bb6616&Prime;][\/vc_column][vc_column width=\u00a0\u00bb5\/6&Prime;][vc_column_text]<\/p>\n<h3><\/h3>\n<h3><a href=\"https:\/\/www.biopap.com\/wp-content\/uploads\/2019\/05\/Riciclabilit%C3%A0-BIOPAP%C2%AE-LC-Aticelca-501%EF%80%A22017-04-2018-EN.pdf\">Test de recyclage barquette alimentaire Biopap\u00ae LC<\/a><\/h3>\n<p>[\/vc_column_text][\/vc_column][\/vc_row][vc_row 0=\u00a0\u00bb\u00a0\u00bb][vc_column width=\u00a0\u00bb1\/6&Prime;][vc_single_image image=\u00a0\u00bb10040&Prime; img_size=\u00a0\u00bbfull\u00a0\u00bb][\/vc_column][vc_column width=\u00a0\u00bb5\/6&Prime;][vc_column_text 0=\u00a0\u00bb\u00a0\u00bb]<\/p>\n<h3><a href=\"https:\/\/www.biopap.com\/wp-content\/uploads\/2020\/01\/Riciclabilit\u00e0-BIOPAP\u00ae-MAP-Aticelca.pdf\">Test de recyclage barquette alimentaire Biopap\u00ae MAP<\/a><\/h3>\n<p>[\/vc_column_text][\/vc_column][\/vc_row][vc_row][vc_column width=\u00a0\u00bb1\/6&Prime;][vc_single_image image=\u00a0\u00bb6562&Prime; img_size=\u00a0\u00bbfull\u00a0\u00bb][\/vc_column][vc_column width=\u00a0\u00bb5\/6&Prime;][vc_column_text]<\/p>\n<h3><a href=\"https:\/\/www.biopap.com\/wp-content\/uploads\/2019\/12\/Aticelca-BIOPAP-LP-doc-2019.pdf\">Label recyclable comme papier Aticelca\u00ae 501 &#8211; UNI 11743:219 &#8211; Niveau A+ pour les barquettes alimentaires Biopap\u00ae LP<\/a><\/h3>\n<p>[\/vc_column_text][\/vc_column][\/vc_row][vc_row][vc_column width=\u00a0\u00bb1\/6&Prime;][vc_single_image image=\u00a0\u00bb6567&Prime; img_size=\u00a0\u00bbfull\u00a0\u00bb][\/vc_column][vc_column width=\u00a0\u00bb5\/6&Prime;][vc_column_text]<\/p>\n<h3><a href=\"https:\/\/www.biopap.com\/wp-content\/uploads\/2019\/12\/Aticelca-BIOPAP-LC-doc-2019.pdf\">Label recyclable comme papier Aticelca\u00ae 501 &#8211; UNI 11743:2019 &#8211; Niveau A pour les barquettes alimentaires Biopap\u00ae LC<\/a><\/h3>\n<p>[\/vc_column_text][\/vc_column][\/vc_row][vc_row 0=\u00a0\u00bb\u00a0\u00bb][vc_column width=\u00a0\u00bb1\/6&Prime;][vc_single_image image=\u00a0\u00bb10059&Prime; img_size=\u00a0\u00bbfull\u00a0\u00bb][\/vc_column][vc_column width=\u00a0\u00bb5\/6&Prime;][vc_column_text 0=\u00a0\u00bb\u00a0\u00bb]<\/p>\n<h3>Label recyclable avec papier Aticelca\u00ae 501 &#8211; UNI 11743:2019 &#8211; Niveau B pour les barquettes alimentaires Biopap\u00ae MAP<\/h3>\n<p>[\/vc_column_text][\/vc_column][\/vc_row][vc_row][vc_column][vc_separator 0=\u00a0\u00bb\u00a0\u00bb][vc_video link=\u00a0\u00bbhttps:\/\/tube.whiteready.com\/w\/fDZF4rhTtGJgVC1eSZ7L7m\u00a0\u00bb][vc_separator][\/vc_column][\/vc_row][vc_row 0=\u00a0\u00bb\u00a0\u00bb][vc_column 0=\u00a0\u00bb\u00a0\u00bb][vc_separator 0=\u00a0\u00bb\u00a0\u00bb][\/vc_column][\/vc_row][vc_row 0=\u00a0\u00bb\u00a0\u00bb][vc_column 0=\u00a0\u00bb\u00a0\u00bb][vc_empty_space 0=\u00a0\u00bb\u00a0\u00bb][vc_column_text 0=\u00a0\u00bb\u00a0\u00bb]<\/p>\n<h1>Certificat\u00a0ISO 9001:2015<\/h1>\n<p>[\/vc_column_text][vc_single_image image=\u00a0\u00bb13731&Prime;][vc_column_text 0=\u00a0\u00bb\u00a0\u00bb]<\/p>\n<h3><a href=\"https:\/\/www.biopap.com\/wp-content\/uploads\/2021\/11\/Certificato-ISO-9001-BIOPAP\u00ae-52738_161121.pdf\">BIOPAP\u00ae certifi\u00e9e UNI EN ISO 9001:2015<\/a><\/h3>\n<p>[\/vc_column_text][\/vc_column][\/vc_row][vc_row 0=\u00a0\u00bb\u00a0\u00bb][vc_column 0=\u00a0\u00bb\u00a0\u00bb][vc_separator 0=\u00a0\u00bb\u00a0\u00bb][vc_empty_space 0=\u00a0\u00bb\u00a0\u00bb][vc_column_text 0=\u00a0\u00bb\u00a0\u00bb]<\/p>\n<h1>Programme USDA BioPreferred\u00ae<\/h1>\n<p>[\/vc_column_text][\/vc_column][\/vc_row][vc_row 0=\u00a0\u00bb\u00a0\u00bb][vc_column width=\u00a0\u00bb1\/6&Prime;][vc_single_image image=\u00a0\u00bb10068&Prime; img_size=\u00a0\u00bbfull\u00a0\u00bb][\/vc_column][vc_column width=\u00a0\u00bb5\/6&Prime;][vc_column_text 0=\u00a0\u00bb\u00a0\u00bb]<\/p>\n<h3><a href=\"https:\/\/www.biopap.com\/wp-content\/uploads\/2022\/12\/Notice-of-Certification-for-BIOPAP\u00ae-LP.pdf\">USDA CERTIFIED BIOBASED PRODUCT pour barquettes BIOPAP\u00ae LP<\/a><\/h3>\n<p>[\/vc_column_text][\/vc_column][\/vc_row][vc_row 0=\u00a0\u00bb\u00a0\u00bb][vc_column width=\u00a0\u00bb1\/6&Prime;][vc_single_image image=\u00a0\u00bb10072&Prime; img_size=\u00a0\u00bbfull\u00a0\u00bb][\/vc_column][vc_column width=\u00a0\u00bb5\/6&Prime;][vc_column_text 0=\u00a0\u00bb\u00a0\u00bb]<\/p>\n<h3><a href=\"https:\/\/www.biopap.com\/wp-content\/uploads\/2022\/12\/Notice-of-Certification-for-BIOPAP\u00ae-LC.pdf\">USDA CERTIFIED BIOBASED PRODUCT pour barquettes BIOPAP\u00ae LC<\/a><\/h3>\n<p>[\/vc_column_text][\/vc_column][\/vc_row][vc_row 0=\u00a0\u00bb\u00a0\u00bb][vc_column width=\u00a0\u00bb1\/6&Prime;][vc_single_image image=\u00a0\u00bb10076&Prime; img_size=\u00a0\u00bbfull\u00a0\u00bb][\/vc_column][vc_column width=\u00a0\u00bb5\/6&Prime;][vc_column_text 0=\u00a0\u00bb\u00a0\u00bb]<\/p>\n<h3><a href=\"https:\/\/www.biopap.com\/wp-content\/uploads\/2022\/12\/Notice-of-Certification-for-BIOPAP\u00ae-MAP.pdf\">USDA CERTIFIED BIOBASED PRODUCT pour barquettes BIOPAP\u00ae MAP<\/a><\/h3>\n<p>[\/vc_column_text][\/vc_column][\/vc_row][vc_row][vc_column][vc_separator 0=\u00a0\u00bb\u00a0\u00bb][vc_empty_space 0=\u00a0\u00bb\u00a0\u00bb][vc_column_text]<\/p>\n<h1>Systeme d\u2019inspection visuel \u00e0 100% des barquettes BIOPAP\u00ae<\/h1>\n<p>[\/vc_column_text][\/vc_column][\/vc_row][vc_row][vc_column][vc_column_text]Les barquettes alimentaires compostables BIOPAP\u00ae sont inspect\u00e9s visuellement \u00e0 100% gr\u00e2ce \u00e0 notre innovant syst\u00e8me d&rsquo;inspection automatique par cam\u00e9ra \u00e0 haute d\u00e9finition. Une s\u00e9curit\u00e9 suppl\u00e9mentaire pour le produit, un confort suppl\u00e9mentaire pour les op\u00e9rateurs de production.[\/vc_column_text][vc_video link=\u00a0\u00bbhttps:\/\/tube.whiteready.com\/w\/cTL2HVy8QJJJ4rmB9vpwiA\u00a0\u00bb][\/vc_column][\/vc_row][vc_row][vc_column][vc_column_text]<\/p>\n<h1>Certificat V-LABEL VEGETARIAN<\/h1>\n<p>[\/vc_column_text][\/vc_column][\/vc_row][vc_row 0=\u00a0\u00bb\u00a0\u00bb][vc_column width=\u00a0\u00bb1\/6&Prime;][vc_single_image image=\u00a0\u00bb12772&Prime; img_size=\u00a0\u00bbfull\u00a0\u00bb][\/vc_column][vc_column width=\u00a0\u00bb5\/6&Prime;][vc_column_text 0=\u00a0\u00bb\u00a0\u00bb]<\/p>\n<h3><a href=\"https:\/\/www.biopap.com\/wp-content\/uploads\/2024\/08\/Attestato-di-idoneita-LC.jpg\" data-rel=\"lightbox-image-1\" data-rl_title=\"\" data-rl_caption=\"\" title=\"\">Licence V-LABEL VEGETARIAN pour BIOPAP\u00ae LC<\/a><\/h3>\n<p>[\/vc_column_text][\/vc_column][\/vc_row][vc_row 0=\u00a0\u00bb\u00a0\u00bb][vc_column width=\u00a0\u00bb1\/6&Prime;][vc_single_image image=\u00a0\u00bb12776&Prime; img_size=\u00a0\u00bbfull\u00a0\u00bb][\/vc_column][vc_column width=\u00a0\u00bb5\/6&Prime;][vc_column_text 0=\u00a0\u00bb\u00a0\u00bb]<\/p>\n<h3><a href=\"https:\/\/www.biopap.com\/wp-content\/uploads\/2024\/08\/Attestato-di-idoneita-LP.jpg\" data-rel=\"lightbox-image-2\" data-rl_title=\"\" data-rl_caption=\"\" title=\"\">Licence V-LABEL VEGETARIAN pour BIOPAP\u00ae LP<\/a><\/h3>\n<p>[\/vc_column_text][\/vc_column][\/vc_row][vc_row 0=\u00a0\u00bb\u00a0\u00bb][vc_column width=\u00a0\u00bb1\/6&Prime;][vc_single_image image=\u00a0\u00bb12780&Prime; img_size=\u00a0\u00bbfull\u00a0\u00bb][\/vc_column][vc_column width=\u00a0\u00bb5\/6&Prime;][vc_column_text 0=\u00a0\u00bb\u00a0\u00bb]<\/p>\n<h3><a href=\"https:\/\/www.biopap.com\/wp-content\/uploads\/2024\/08\/Attestato-di-idoneita-MAP.jpg\" data-rel=\"lightbox-image-3\" data-rl_title=\"\" data-rl_caption=\"\" title=\"\">Licence V-LABEL VEGETARIAN pour BIOPAP\u00ae MAP<\/a><\/h3>\n<p>[\/vc_column_text][\/vc_column][\/vc_row][vc_row][vc_column][vc_separator][\/vc_column][\/vc_row][vc_row][vc_column][vc_column_text]<\/p>\n<h1>Certificat de compostabilit\u00e9 BPI<\/h1>\n<p>[\/vc_column_text][vc_single_image image=\u00a0\u00bb12844&Prime;][vc_column_text]<\/p>\n<h3><a href=\"https:\/\/www.biopap.com\/wp-content\/uploads\/2024\/08\/BPI_Certificate-BIOPAP-Srl-10529418-1_07_29_2024-1.pdf\">Certificat de compostabilit\u00e9 BPI<\/a><\/h3>\n<p>[\/vc_column_text][\/vc_column][\/vc_row]<\/p>\n","protected":false},"excerpt":{"rendered":"<p>[vc_row][vc_column][vc_empty_space][vc_separator 0=\u00a0\u00bb\u00a0\u00bb][vc_column_text] Certificat de compostabilit\u00e9 OK Compost HOME, \u00e9dition D (2012.03.02) [\/vc_column_text][vc_single_image image=\u00a0\u00bb8742&Prime;][vc_column_text] Certificat d&rsquo;OK Compost Home sur la compostabilit\u00e9&#8230;<\/p>\n","protected":false},"author":4,"featured_media":0,"parent":0,"menu_order":0,"comment_status":"closed","ping_status":"open","template":"","meta":[],"_links":{"self":[{"href":"https:\/\/www.biopap.com\/fr\/wp-json\/wp\/v2\/pages\/6577"}],"collection":[{"href":"https:\/\/www.biopap.com\/fr\/wp-json\/wp\/v2\/pages"}],"about":[{"href":"https:\/\/www.biopap.com\/fr\/wp-json\/wp\/v2\/types\/page"}],"author":[{"embeddable":true,"href":"https:\/\/www.biopap.com\/fr\/wp-json\/wp\/v2\/users\/4"}],"replies":[{"embeddable":true,"href":"https:\/\/www.biopap.com\/fr\/wp-json\/wp\/v2\/comments?post=6577"}],"version-history":[{"count":82,"href":"https:\/\/www.biopap.com\/fr\/wp-json\/wp\/v2\/pages\/6577\/revisions"}],"predecessor-version":[{"id":13735,"href":"https:\/\/www.biopap.com\/fr\/wp-json\/wp\/v2\/pages\/6577\/revisions\/13735"}],"wp:attachment":[{"href":"https:\/\/www.biopap.com\/fr\/wp-json\/wp\/v2\/media?parent=6577"}],"curies":[{"name":"wp","href":"https:\/\/api.w.org\/{rel}","templated":true}]}}