{"id":7718,"date":"2020-09-15T15:25:59","date_gmt":"2020-09-15T15:25:59","guid":{"rendered":"https:\/\/www.biopap.com\/?page_id=7718\/"},"modified":"2023-03-24T18:26:21","modified_gmt":"2023-03-24T18:26:21","slug":"barquettes-biopap-pour-plats-cuisines-surgeles","status":"publish","type":"page","link":"https:\/\/www.biopap.com\/fr\/applicazioni\/barquettes-biopap-pour-plats-cuisines-surgeles\/","title":{"rendered":"Barquettes Biopap\u00ae pour plats cuisines surgel\u00e9s"},"content":{"rendered":"<p>[vc_row 0=\u00a0\u00bb\u00a0\u00bb][vc_column][vc_column_text 0=\u00a0\u00bb\u00a0\u00bb]Les barquettes BIOPAP\u00ae sont \u00e9galement tr\u00e8s appr\u00e9ci\u00e9s dans le secteur des plats cuisin\u00e9s surgel\u00e9s, apportant valeur et diff\u00e9renciation aux produits naturels et gr\u00e2ce \u00e0 des emballages \u00e9cologiques offrant une valeur fonctionnelle et environnementale aux consommateurs.<\/p>\n<p>Les raviers peuvent \u00eatre utilis\u00e9s du petit laboratoire artisanal \u00e0 l&rsquo;industrie alimentaire sur les lignes de conditionnement automatiques.<\/p>\n<p>les barquettes peuvent \u00eatre plac\u00e9es dans des flow-packs ou scell\u00e9es en top-seal avec un film compostable ou avec des opercules rigides compostables BIOPAP\u00ae qui peuvent \u00eatre personnalis\u00e9s avec la marque du client pour augmenter encore la fid\u00e9lit\u00e9 des consommateurs.<\/p>\n<p>&nbsp;<\/p>\n<p>&nbsp;<\/p>\n<div style=\"width: 810px;\" class=\"wp-video\"><!--[if lt IE 9]><script>document.createElement('video');<\/script><![endif]-->\n<video class=\"wp-video-shortcode\" id=\"video-7718-1\" width=\"810\" height=\"456\" preload=\"metadata\" controls=\"controls\"><source type=\"video\/mp4\" src=\"https:\/\/www.biopap.com\/wp-content\/uploads\/2023\/03\/BIOPAP\u00ae-Food-industry-Frozen-ready-made-meals-1080p.mp4?_=1\" \/><a href=\"https:\/\/www.biopap.com\/wp-content\/uploads\/2023\/03\/BIOPAP\u00ae-Food-industry-Frozen-ready-made-meals-1080p.mp4\">https:\/\/www.biopap.com\/wp-content\/uploads\/2023\/03\/BIOPAP\u00ae-Food-industry-Frozen-ready-made-meals-1080p.mp4<\/a><\/video><\/div>\n<p><a href=\"https:\/\/www.biopap.com\/wp-content\/uploads\/2016\/03\/Contenitori-BIOPAP-preparazione-piatti-pronti-surgelati-3-1.jpg\" data-rel=\"lightbox-image-0\" data-rl_title=\"\" data-rl_caption=\"\" title=\"\"><img decoding=\"async\" loading=\"lazy\" class=\"alignnone wp-image-7552\" src=\"https:\/\/www.biopap.com\/wp-content\/uploads\/2016\/03\/Contenitori-BIOPAP-preparazione-piatti-pronti-surgelati-3-1-300x225.jpg\" alt=\"\" width=\"304\" height=\"228\" srcset=\"https:\/\/www.biopap.com\/wp-content\/uploads\/2016\/03\/Contenitori-BIOPAP-preparazione-piatti-pronti-surgelati-3-1-300x225.jpg 300w, https:\/\/www.biopap.com\/wp-content\/uploads\/2016\/03\/Contenitori-BIOPAP-preparazione-piatti-pronti-surgelati-3-1-768x576.jpg 768w, https:\/\/www.biopap.com\/wp-content\/uploads\/2016\/03\/Contenitori-BIOPAP-preparazione-piatti-pronti-surgelati-3-1-1024x768.jpg 1024w\" sizes=\"(max-width: 304px) 100vw, 304px\" \/><\/a>\u00a0\u00a0<a href=\"https:\/\/www.biopap.com\/wp-content\/uploads\/2016\/03\/Contenitori-BIOPAP-preparazione-piatti-pronti-surgelati-1.jpg\" data-rel=\"lightbox-image-1\" data-rl_title=\"\" data-rl_caption=\"\" title=\"\"><img decoding=\"async\" loading=\"lazy\" class=\"alignnone wp-image-7556\" src=\"https:\/\/www.biopap.com\/wp-content\/uploads\/2016\/03\/Contenitori-BIOPAP-preparazione-piatti-pronti-surgelati-1-225x300.jpg\" alt=\"\" width=\"170\" height=\"227\" srcset=\"https:\/\/www.biopap.com\/wp-content\/uploads\/2016\/03\/Contenitori-BIOPAP-preparazione-piatti-pronti-surgelati-1-225x300.jpg 225w, https:\/\/www.biopap.com\/wp-content\/uploads\/2016\/03\/Contenitori-BIOPAP-preparazione-piatti-pronti-surgelati-1-768x1024.jpg 768w\" sizes=\"(max-width: 170px) 100vw, 170px\" \/><\/a>\u00a0\u00a0<a href=\"https:\/\/www.biopap.com\/wp-content\/uploads\/2016\/03\/Contenitori-BIOPAP-preparazione-piatti-pronti-surgelati-5-1.jpg\" data-rel=\"lightbox-image-2\" data-rl_title=\"\" data-rl_caption=\"\" title=\"\"><img decoding=\"async\" loading=\"lazy\" class=\"alignnone wp-image-7560\" src=\"https:\/\/www.biopap.com\/wp-content\/uploads\/2016\/03\/Contenitori-BIOPAP-preparazione-piatti-pronti-surgelati-5-1-300x225.jpg\" alt=\"\" width=\"300\" height=\"225\" srcset=\"https:\/\/www.biopap.com\/wp-content\/uploads\/2016\/03\/Contenitori-BIOPAP-preparazione-piatti-pronti-surgelati-5-1-300x225.jpg 300w, https:\/\/www.biopap.com\/wp-content\/uploads\/2016\/03\/Contenitori-BIOPAP-preparazione-piatti-pronti-surgelati-5-1-768x576.jpg 768w, https:\/\/www.biopap.com\/wp-content\/uploads\/2016\/03\/Contenitori-BIOPAP-preparazione-piatti-pronti-surgelati-5-1-1024x768.jpg 1024w\" sizes=\"(max-width: 300px) 100vw, 300px\" \/><\/a><\/p>\n<p>Les avantages:<\/p>\n<ul>\n<li>Facilit\u00e9 d&rsquo;utilisation: il est possible de d\u00e9congeler et de cuire dans tous les types de four;<\/li>\n<li>Impact environnemental r\u00e9duit et jetable avec la nourriture reste directement dans les d\u00e9chets compostables;<\/li>\n<li>Utilisation de mati\u00e8res premi\u00e8res renouvelables issues de for\u00eats europ\u00e9ennes certifi\u00e9es respectueuses de la biodiversit\u00e9 sans l&rsquo;utilisation d&rsquo;engrais chimiques ou de pesticides;<\/li>\n<li>Sensibilisation du consommateur final aux enjeux environnementaux et \u00e0 la collecte s\u00e9lective des d\u00e9chets.<\/li>\n<\/ul>\n<p>[\/vc_column_text][\/vc_column][\/vc_row]<\/p>\n","protected":false},"excerpt":{"rendered":"<p>[vc_row 0=\u00a0\u00bb\u00a0\u00bb][vc_column][vc_column_text 0=\u00a0\u00bb\u00a0\u00bb]Les barquettes BIOPAP\u00ae sont \u00e9galement tr\u00e8s appr\u00e9ci\u00e9s dans le secteur des plats cuisin\u00e9s surgel\u00e9s, apportant valeur et diff\u00e9renciation&#8230;<\/p>\n","protected":false},"author":4,"featured_media":0,"parent":7722,"menu_order":0,"comment_status":"closed","ping_status":"closed","template":"","meta":[],"_links":{"self":[{"href":"https:\/\/www.biopap.com\/fr\/wp-json\/wp\/v2\/pages\/7718"}],"collection":[{"href":"https:\/\/www.biopap.com\/fr\/wp-json\/wp\/v2\/pages"}],"about":[{"href":"https:\/\/www.biopap.com\/fr\/wp-json\/wp\/v2\/types\/page"}],"author":[{"embeddable":true,"href":"https:\/\/www.biopap.com\/fr\/wp-json\/wp\/v2\/users\/4"}],"replies":[{"embeddable":true,"href":"https:\/\/www.biopap.com\/fr\/wp-json\/wp\/v2\/comments?post=7718"}],"version-history":[{"count":3,"href":"https:\/\/www.biopap.com\/fr\/wp-json\/wp\/v2\/pages\/7718\/revisions"}],"predecessor-version":[{"id":10495,"href":"https:\/\/www.biopap.com\/fr\/wp-json\/wp\/v2\/pages\/7718\/revisions\/10495"}],"up":[{"embeddable":true,"href":"https:\/\/www.biopap.com\/fr\/wp-json\/wp\/v2\/pages\/7722"}],"wp:attachment":[{"href":"https:\/\/www.biopap.com\/fr\/wp-json\/wp\/v2\/media?parent=7718"}],"curies":[{"name":"wp","href":"https:\/\/api.w.org\/{rel}","templated":true}]}}