{"id":7975,"date":"2015-08-05T07:55:50","date_gmt":"2015-08-05T07:55:50","guid":{"rendered":"https:\/\/www.biopap.com\/applicazioni\/contenitori-biopap-sistema-per-la-ristorazione-collettiva\/"},"modified":"2023-03-24T18:16:12","modified_gmt":"2023-03-24T18:16:12","slug":"contenitori-biopap-sistema-per-la-ristorazione-collettiva","status":"publish","type":"page","link":"https:\/\/www.biopap.com\/fr\/applicazioni\/contenitori-biopap-sistema-per-la-ristorazione-collettiva\/","title":{"rendered":"Barquettes BIOPAP\u00ae pour la restauration collective en liaison chaude et pour le portage a domicile"},"content":{"rendered":"<p>[vc_row][vc_column 0=\u00a0\u00bb\u00a0\u00bb][vc_column_text]La gamme de Barquettes compostables BIOPAP\u00ae LC permet de satisfaire les demandes de la restauration collective en Liaison Chaude pour acheminer les repas des cuisines centrales aux lieux de consommation: repas scolaires, hospitaliers, cantines d&rsquo;entreprise et portage \u00e0 domicile en forte croissance.<\/p>\n<div style=\"width: 810px;\" class=\"wp-video\"><!--[if lt IE 9]><script>document.createElement('video');<\/script><![endif]-->\n<video class=\"wp-video-shortcode\" id=\"video-7975-1\" width=\"810\" height=\"456\" preload=\"metadata\" controls=\"controls\"><source type=\"video\/mp4\" src=\"https:\/\/www.biopap.com\/wp-content\/uploads\/2023\/03\/Video-barquettes-compostables-BIOPAP\u00ae-pour-la-restauration-collective-720p.mp4?_=1\" \/><a href=\"https:\/\/www.biopap.com\/wp-content\/uploads\/2023\/03\/Video-barquettes-compostables-BIOPAP\u00ae-pour-la-restauration-collective-720p.mp4\">https:\/\/www.biopap.com\/wp-content\/uploads\/2023\/03\/Video-barquettes-compostables-BIOPAP\u00ae-pour-la-restauration-collective-720p.mp4<\/a><\/video><\/div>\n<p>&nbsp;<\/p>\n<p>En alternative \u00e0 l\u2019operculage avec film compostable ou traditionnel, les barquettes BIOPAP\u00ae LC peuvent \u00e9galement \u00eatre scell\u00e9es, pour la liaison chaude, avec des opercules rigides avec ouverture facilit\u00e9e Easy-Open (TS-MT).<\/p>\n<p>Ce syst\u00e8me avec des machines semi-automatiques permet \u00e9galement d&rsquo;op\u00e9rer \u00e0 plus petite \u00e9chelle mais avec une grande possibilit\u00e9 d&#8217;empilage et un tr\u00e8s grand confort d\u2019ouverture pour l&rsquo;utilisateur final.<\/p>\n<div style=\"width: 810px;\" class=\"wp-video\"><video class=\"wp-video-shortcode\" id=\"video-7975-2\" width=\"810\" height=\"456\" preload=\"metadata\" controls=\"controls\"><source type=\"video\/mp4\" src=\"https:\/\/www.biopap.com\/wp-content\/uploads\/2023\/03\/BIOPAP\u00ae-compostable-trays-for-warm-deliveries-with-hard-lid-and-Easy-Open-System-1080p.mp4?_=2\" \/><a href=\"https:\/\/www.biopap.com\/wp-content\/uploads\/2023\/03\/BIOPAP\u00ae-compostable-trays-for-warm-deliveries-with-hard-lid-and-Easy-Open-System-1080p.mp4\">https:\/\/www.biopap.com\/wp-content\/uploads\/2023\/03\/BIOPAP\u00ae-compostable-trays-for-warm-deliveries-with-hard-lid-and-Easy-Open-System-1080p.mp4<\/a><\/video><\/div>\n<p>&nbsp;<\/p>\n<p><strong>Les avantages de BIOPAP\u00ae:<\/strong><\/p>\n<ul>\n<li>Forte diff\u00e9rentiation par l\u2019emballage<\/li>\n<li>Possibilit\u00e9 de participer \u00e0 des appels d&rsquo;offres impliquant l&rsquo;utilisation de barquettes biod\u00e9gradables et compostables EN 13432:2002;<\/li>\n<li>Simplification de la gestion des d\u00e9chets : les r\u00e9sidus alimentaires et barquettes ensembles achemin\u00e9s au compostage avec am\u00e9lioration du compost;<\/li>\n<li>R\u00e9duction du co\u00fbt total de gestion (co\u00fbt des barquettes et co\u00fbts de gestion et de traitement des d\u00e9chets)<\/li>\n<li>Utilisation de mati\u00e8res premi\u00e8res renouvelables issues de for\u00eats europ\u00e9ennes certifi\u00e9es respectueuses de la biodiversit\u00e9 et non intensives (sans engrais chimiques ou pesticides), ce qui entra\u00eene une diminution de la d\u00e9pendance vis-\u00e0-vis de sources non renouvelables (par exemple le p\u00e9trole);<\/li>\n<li>Moins de fluctuation des prix des mati\u00e8res premi\u00e8res;<\/li>\n<li>Fili\u00e8re et fabrication europ\u00e9enne<\/li>\n<li>Sensibilisation et participation des utilisateurs aux th\u00e8mes de la durabilit\u00e9 et de l\u2019environnement<\/li>\n<li>Facilit\u00e9 pour les consommateurs dans le traitement des d\u00e9chets\u00a0: les barquettes propres peuvent \u00eatre recycl\u00e9es comme papier (circularit\u00e9). Les barquettes souill\u00e9es peuvent \u00eatre jet\u00e9es avec les ordures humides pour le compostage (circularit\u00e9 biologique).<\/li>\n<li>Utilisables avec machines de scellage automatiques et semi-automatiques;<\/li>\n<\/ul>\n<p>[\/vc_column_text][\/vc_column][\/vc_row]<\/p>\n","protected":false},"excerpt":{"rendered":"<p>[vc_row][vc_column 0=\u00a0\u00bb\u00a0\u00bb][vc_column_text]La gamme de Barquettes compostables BIOPAP\u00ae LC permet de satisfaire les demandes de la restauration collective en Liaison Chaude&#8230;<\/p>\n","protected":false},"author":1,"featured_media":0,"parent":7722,"menu_order":0,"comment_status":"closed","ping_status":"open","template":"","meta":[],"_links":{"self":[{"href":"https:\/\/www.biopap.com\/fr\/wp-json\/wp\/v2\/pages\/7975"}],"collection":[{"href":"https:\/\/www.biopap.com\/fr\/wp-json\/wp\/v2\/pages"}],"about":[{"href":"https:\/\/www.biopap.com\/fr\/wp-json\/wp\/v2\/types\/page"}],"author":[{"embeddable":true,"href":"https:\/\/www.biopap.com\/fr\/wp-json\/wp\/v2\/users\/1"}],"replies":[{"embeddable":true,"href":"https:\/\/www.biopap.com\/fr\/wp-json\/wp\/v2\/comments?post=7975"}],"version-history":[{"count":4,"href":"https:\/\/www.biopap.com\/fr\/wp-json\/wp\/v2\/pages\/7975\/revisions"}],"predecessor-version":[{"id":10485,"href":"https:\/\/www.biopap.com\/fr\/wp-json\/wp\/v2\/pages\/7975\/revisions\/10485"}],"up":[{"embeddable":true,"href":"https:\/\/www.biopap.com\/fr\/wp-json\/wp\/v2\/pages\/7722"}],"wp:attachment":[{"href":"https:\/\/www.biopap.com\/fr\/wp-json\/wp\/v2\/media?parent=7975"}],"curies":[{"name":"wp","href":"https:\/\/api.w.org\/{rel}","templated":true}]}}