{"id":7979,"date":"2016-03-31T15:25:48","date_gmt":"2016-03-31T15:25:48","guid":{"rendered":"https:\/\/www.biopap.com\/applicazioni\/contenitori-biopap-per-la-veicolazione-dei-pasti-freddi-nella-ristorazione-collettiva\/"},"modified":"2023-03-24T18:25:23","modified_gmt":"2023-03-24T18:25:23","slug":"contenitori-biopap-per-la-veicolazione-dei-pasti-freddi-nella-ristorazione-collettiva","status":"publish","type":"page","link":"https:\/\/www.biopap.com\/fr\/applicazioni\/contenitori-biopap-per-la-veicolazione-dei-pasti-freddi-nella-ristorazione-collettiva\/","title":{"rendered":"BARQUETTES BIOPAP\u00ae POUR LA RESTUARATION COLLECTIVE EN LIAISON FROIDE ET POUR LES PLATS TRAITEUR FRAIS"},"content":{"rendered":"<p>[vc_row 0=\u00a0\u00bb\u00a0\u00bb][vc_column][vc_column_text 0=\u00a0\u00bb\u00a0\u00bb]<a href=\"https:\/\/www.biopap.com\/wp-content\/uploads\/2019\/06\/Cook-Chill-1.jpg\" data-rel=\"lightbox-image-0\" data-rl_title=\"\" data-rl_caption=\"\" title=\"\"><img decoding=\"async\" loading=\"lazy\" class=\"size-medium wp-image-5906 alignleft\" src=\"https:\/\/www.biopap.com\/wp-content\/uploads\/2019\/06\/Cook-Chill-1-300x225.jpg\" alt=\"\" width=\"300\" height=\"225\" srcset=\"https:\/\/www.biopap.com\/wp-content\/uploads\/2019\/06\/Cook-Chill-1-300x225.jpg 300w, https:\/\/www.biopap.com\/wp-content\/uploads\/2019\/06\/Cook-Chill-1-768x576.jpg 768w, https:\/\/www.biopap.com\/wp-content\/uploads\/2019\/06\/Cook-Chill-1-1024x768.jpg 1024w, https:\/\/www.biopap.com\/wp-content\/uploads\/2019\/06\/Cook-Chill-1.jpg 1280w\" sizes=\"(max-width: 300px) 100vw, 300px\" \/><\/a><\/p>\n<p>Les barquettes compostables BIOPAP\u00ae LC sont \u00e9galement utilis\u00e9es en restauration collective en Liaison Froide ou Cook &amp; Chill. La m\u00e9thode la plus r\u00e9pandue pour acheminer les repas des cuisines centrales aux lieux de consommation : repas scolaires, hospitaliers, cantines d&rsquo;entreprise, etc.<\/p>\n<p>&nbsp;<\/p>\n<p>&nbsp;<\/p>\n<p>&nbsp;<\/p>\n<p>&nbsp;<\/p>\n<p><a href=\"https:\/\/www.biopap.com\/wp-content\/uploads\/2019\/06\/Cook-Chill-2.jpg\" data-rel=\"lightbox-image-1\" data-rl_title=\"\" data-rl_caption=\"\" title=\"\"><img decoding=\"async\" loading=\"lazy\" class=\"alignleft wp-image-5910 size-medium\" src=\"https:\/\/www.biopap.com\/wp-content\/uploads\/2019\/06\/Cook-Chill-2-300x169.jpg\" alt=\"\" width=\"300\" height=\"169\" srcset=\"https:\/\/www.biopap.com\/wp-content\/uploads\/2019\/06\/Cook-Chill-2-300x169.jpg 300w, https:\/\/www.biopap.com\/wp-content\/uploads\/2019\/06\/Cook-Chill-2-768x432.jpg 768w, https:\/\/www.biopap.com\/wp-content\/uploads\/2019\/06\/Cook-Chill-2-1024x576.jpg 1024w, https:\/\/www.biopap.com\/wp-content\/uploads\/2019\/06\/Cook-Chill-2-1170x660.jpg 1170w, https:\/\/www.biopap.com\/wp-content\/uploads\/2019\/06\/Cook-Chill-2-270x152.jpg 270w, https:\/\/www.biopap.com\/wp-content\/uploads\/2019\/06\/Cook-Chill-2.jpg 1280w\" sizes=\"(max-width: 300px) 100vw, 300px\" \/><\/a><br \/>\nLes barquettes BIOPAP\u00ae LC sont parfaitement adapt\u00e9es pour le remplissage \u00e0 chaud ou \u00e0 froid, la cellule de refroidissement, le stockage en chambre froide \u00e0 +3\/5 \u00b0 C et la remise en temp\u00e9rature de 100 \u00b0 C \u00e0 130 \u00b0 C<\/p>\n<p>&nbsp;<\/p>\n<p>&nbsp;<\/p>\n<p>&nbsp;<\/p>\n<p><strong>Les avantages de BIOPAP\u00ae:<\/strong><\/p>\n<ul>\n<li>Forte diff\u00e9rentiation par l\u2019emballage<\/li>\n<li>Possibilit\u00e9 de participer \u00e0 des appels d&rsquo;offres impliquant l&rsquo;utilisation de barquettes biod\u00e9gradables et compostables EN 13432:2002;<\/li>\n<li>Simplification de la gestion des d\u00e9chets: les r\u00e9sidus alimentaires et barquettes ensembles achemin\u00e9s au compostage avec am\u00e9lioration du compost;<\/li>\n<li>R\u00e9duction du co\u00fbt total de gestion (co\u00fbt des barquettes et co\u00fbts de gestion et de traitement des d\u00e9chets)<\/li>\n<li>Utilisation de mati\u00e8res premi\u00e8res renouvelables issues de for\u00eats europ\u00e9ennes certifi\u00e9es respectueuses de la biodiversit\u00e9 et non intensives (sans engrais chimiques ou pesticides), ce qui entra\u00eene une diminution de la d\u00e9pendance vis-\u00e0-vis de sources non renouvelables (par exemple le p\u00e9trole);<\/li>\n<li>Moins de fluctuation des prix des mati\u00e8res premi\u00e8res;<\/li>\n<li>Fili\u00e8re et fabrication europ\u00e9enne<\/li>\n<li>Sensibilisation et participation des utilisateurs aux th\u00e8mes de la durabilit\u00e9 et de l\u2019environnement<\/li>\n<li>Utilisables avec machines de scellage automatiques et semi-automatiques<\/li>\n<\/ul>\n<p>&nbsp;<\/p>\n<div style=\"width: 810px;\" class=\"wp-video\"><!--[if lt IE 9]><script>document.createElement('video');<\/script><![endif]-->\n<video class=\"wp-video-shortcode\" id=\"video-7979-1\" width=\"810\" height=\"456\" preload=\"metadata\" controls=\"controls\"><source type=\"video\/mp4\" src=\"https:\/\/www.biopap.com\/wp-content\/uploads\/2023\/03\/Daily-fresh-Cook-Chill-catering-with-delivery-1080p.mp4?_=1\" \/><a href=\"https:\/\/www.biopap.com\/wp-content\/uploads\/2023\/03\/Daily-fresh-Cook-Chill-catering-with-delivery-1080p.mp4\">https:\/\/www.biopap.com\/wp-content\/uploads\/2023\/03\/Daily-fresh-Cook-Chill-catering-with-delivery-1080p.mp4<\/a><\/video><\/div>[\/vc_column_text][\/vc_column][\/vc_row]<\/p>\n","protected":false},"excerpt":{"rendered":"<p>[vc_row 0=\u00a0\u00bb\u00a0\u00bb][vc_column][vc_column_text 0=\u00a0\u00bb\u00a0\u00bb] Les barquettes compostables BIOPAP\u00ae LC sont \u00e9galement utilis\u00e9es en restauration collective en Liaison Froide ou Cook &amp;&#8230;<\/p>\n","protected":false},"author":1,"featured_media":0,"parent":7722,"menu_order":0,"comment_status":"closed","ping_status":"closed","template":"","meta":[],"_links":{"self":[{"href":"https:\/\/www.biopap.com\/fr\/wp-json\/wp\/v2\/pages\/7979"}],"collection":[{"href":"https:\/\/www.biopap.com\/fr\/wp-json\/wp\/v2\/pages"}],"about":[{"href":"https:\/\/www.biopap.com\/fr\/wp-json\/wp\/v2\/types\/page"}],"author":[{"embeddable":true,"href":"https:\/\/www.biopap.com\/fr\/wp-json\/wp\/v2\/users\/1"}],"replies":[{"embeddable":true,"href":"https:\/\/www.biopap.com\/fr\/wp-json\/wp\/v2\/comments?post=7979"}],"version-history":[{"count":2,"href":"https:\/\/www.biopap.com\/fr\/wp-json\/wp\/v2\/pages\/7979\/revisions"}],"predecessor-version":[{"id":10494,"href":"https:\/\/www.biopap.com\/fr\/wp-json\/wp\/v2\/pages\/7979\/revisions\/10494"}],"up":[{"embeddable":true,"href":"https:\/\/www.biopap.com\/fr\/wp-json\/wp\/v2\/pages\/7722"}],"wp:attachment":[{"href":"https:\/\/www.biopap.com\/fr\/wp-json\/wp\/v2\/media?parent=7979"}],"curies":[{"name":"wp","href":"https:\/\/api.w.org\/{rel}","templated":true}]}}