{"id":7985,"date":"2015-08-05T07:54:25","date_gmt":"2015-08-05T07:54:25","guid":{"rendered":"https:\/\/www.biopap.com\/applicazioni\/contenitori-biopap-per-la-veicolazione-dei-pasti-surgelati-cook-chill-nella-ristorazione-collettiva\/"},"modified":"2023-03-24T18:24:33","modified_gmt":"2023-03-24T18:24:33","slug":"contenitori-biopap-per-la-veicolazione-dei-pasti-surgelati-cook-chill-nella-ristorazione-collettiva","status":"publish","type":"page","link":"https:\/\/www.biopap.com\/fr\/applicazioni\/contenitori-biopap-per-la-veicolazione-dei-pasti-surgelati-cook-chill-nella-ristorazione-collettiva\/","title":{"rendered":"BARQUETTES BIOPAP\u00ae POUR LA RESTAURATION COLLECTIVE EN LIAISON SUGELEE (COOK &#038; FREEZE)"},"content":{"rendered":"<p>[vc_row][vc_column 0=\u00a0\u00bb\u00a0\u00bb][vc_column_text][vc_row][vc_column width=\u00a0\u00bb1\/1&Prime;][vc_column_text]<a href=\"https:\/\/www.biopap.com\/wp-content\/uploads\/2019\/06\/Cook-Freeze-1.jpg\" data-rel=\"lightbox-image-0\" data-rl_title=\"\" data-rl_caption=\"\" title=\"\"><img decoding=\"async\" loading=\"lazy\" class=\"size-medium wp-image-5914 alignleft\" src=\"https:\/\/www.biopap.com\/wp-content\/uploads\/2019\/06\/Cook-Freeze-1-300x225.jpg\" alt=\"\" width=\"300\" height=\"225\" srcset=\"https:\/\/www.biopap.com\/wp-content\/uploads\/2019\/06\/Cook-Freeze-1-300x225.jpg 300w, https:\/\/www.biopap.com\/wp-content\/uploads\/2019\/06\/Cook-Freeze-1-768x576.jpg 768w, https:\/\/www.biopap.com\/wp-content\/uploads\/2019\/06\/Cook-Freeze-1-1024x768.jpg 1024w, https:\/\/www.biopap.com\/wp-content\/uploads\/2019\/06\/Cook-Freeze-1.jpg 1280w\" sizes=\"(max-width: 300px) 100vw, 300px\" \/><\/a><\/p>\n<p><span lang=\"FR\">Les barquettes compostables BIOPAP\u00ae LC trouvent \u00e9galement une application id\u00e9ale dans les syst\u00e8me de liaison surgel\u00e9e ou dans l\u2019agroalimentaire pour les plats cuisin\u00e9s et dans le catering a\u00e9rien.\u00a0 Ce syst\u00e8me de production et acheminement est \u00e9galement appel\u00e9 Cook &amp; Freeze, largement utilis\u00e9 par la restauration collective en Europe du Nord, pour le catering a\u00e9rien long courrier. <\/span><\/p>\n<p>&nbsp;<\/p>\n<p>&nbsp;<\/p>\n<p>&nbsp;<\/p>\n<p>&nbsp;<\/p>\n<p><a href=\"https:\/\/www.biopap.com\/wp-content\/uploads\/2019\/06\/Cook-Freeze-2.jpg\" data-rel=\"lightbox-image-1\" data-rl_title=\"\" data-rl_caption=\"\" title=\"\"><img decoding=\"async\" loading=\"lazy\" class=\" wp-image-5918 alignright\" src=\"https:\/\/www.biopap.com\/wp-content\/uploads\/2019\/06\/Cook-Freeze-2-300x225.jpg\" alt=\"\" width=\"286\" height=\"215\" srcset=\"https:\/\/www.biopap.com\/wp-content\/uploads\/2019\/06\/Cook-Freeze-2-300x225.jpg 300w, https:\/\/www.biopap.com\/wp-content\/uploads\/2019\/06\/Cook-Freeze-2-768x576.jpg 768w, https:\/\/www.biopap.com\/wp-content\/uploads\/2019\/06\/Cook-Freeze-2-1024x768.jpg 1024w, https:\/\/www.biopap.com\/wp-content\/uploads\/2019\/06\/Cook-Freeze-2.jpg 1280w\" sizes=\"(max-width: 286px) 100vw, 286px\" \/><\/a><\/p>\n<p><span lang=\"FR\">Les barquettes BIOPAP\u00ae LC sont parfaitement adapt\u00e9es au remplissage \u00e0 chaud ou \u00e0 froid, au refroidissement rapide et \u00e0 la cong\u00e9lation aussi bien dans les tunnels cryog\u00e9niques \u00e0 -72 \u00b0 C. La r\u00e9sistance thermique des barquettes BIOPAP\u00ae en fait le choix privil\u00e9gi\u00e9 pour la manipulation automatique (elles ne se fragilisent pas m\u00eame \u00e0 tr\u00e8s basses temp\u00e9ratures) et permettent la remise en temp\u00e9rature et la cuisson des repas \u00e0 des temp\u00e9ratures de 145 \u00b0 \u00e0 185 \u00b0 C selon les applications<\/span><\/p>\n<p>&nbsp;<\/p>\n<p>&nbsp;<\/p>\n<p>&nbsp;<\/p>\n<p><strong>Les avantages de BIOPAP\u00ae:<\/strong><\/p>\n<ul>\n<li>Forte diff\u00e9rentiation par l\u2019emballage\u00a0;<\/li>\n<li>Possibilit\u00e9 de participer \u00e0 des appels d&rsquo;offres impliquant l&rsquo;utilisation de barquettes biod\u00e9gradables et compostables EN 13432:2002;<\/li>\n<li>Simplification de la gestion des d\u00e9chets: les r\u00e9sidus alimentaires et barquettes ensembles achemin\u00e9s au compostage avec am\u00e9lioration du compost;<\/li>\n<li>R\u00e9duction du co\u00fbt total de gestion (co\u00fbt des barquettes et co\u00fbts de gestion et de traitement des d\u00e9chets)<\/li>\n<li>Utilisation de mati\u00e8res premi\u00e8res renouvelables issues de for\u00eats europ\u00e9ennes certifi\u00e9es respectueuses de la biodiversit\u00e9 et non intensives (sans engrais chimiques ou pesticides), ce qui entra\u00eene une diminution de la d\u00e9pendance vis-\u00e0-vis de sources non renouvelables (par exemple le p\u00e9trole);<\/li>\n<li>Moins de fluctuation des prix des mati\u00e8res premi\u00e8res;<\/li>\n<li>Fili\u00e8re et fabrication europ\u00e9enne<\/li>\n<li>Sensibilisation et participation des utilisateurs aux th\u00e8mes de la durabilit\u00e9 et de l\u2019environnement<\/li>\n<li>D\u00e9cong\u00e9lation et remise en temp\u00e9rature dans tout type de four micro-onde et traditionnel<\/li>\n<li>Utilisables avec machines de scellage automatiques et semi-automatiques;<\/li>\n<\/ul>\n<p>&nbsp;<\/p>\n<div style=\"width: 810px;\" class=\"wp-video\"><!--[if lt IE 9]><script>document.createElement('video');<\/script><![endif]-->\n<video class=\"wp-video-shortcode\" id=\"video-7985-1\" width=\"810\" height=\"456\" preload=\"metadata\" controls=\"controls\"><source type=\"video\/mp4\" src=\"https:\/\/www.biopap.com\/wp-content\/uploads\/2023\/03\/BIOPAP\u00ae-Cook-and-Freeze-Professional-catering-1080p.mp4?_=1\" \/><a href=\"https:\/\/www.biopap.com\/wp-content\/uploads\/2023\/03\/BIOPAP\u00ae-Cook-and-Freeze-Professional-catering-1080p.mp4\">https:\/\/www.biopap.com\/wp-content\/uploads\/2023\/03\/BIOPAP\u00ae-Cook-and-Freeze-Professional-catering-1080p.mp4<\/a><\/video><\/div>[\/vc_column_text][\/vc_column][\/vc_row]<\/p>\n","protected":false},"excerpt":{"rendered":"<p>[vc_row][vc_column 0=\u00a0\u00bb\u00a0\u00bb][vc_column_text][vc_row][vc_column width=\u00a0\u00bb1\/1&Prime;][vc_column_text] Les barquettes compostables BIOPAP\u00ae LC trouvent \u00e9galement une application id\u00e9ale dans les syst\u00e8me de liaison surgel\u00e9e ou&#8230;<\/p>\n","protected":false},"author":1,"featured_media":0,"parent":7722,"menu_order":0,"comment_status":"closed","ping_status":"open","template":"","meta":[],"_links":{"self":[{"href":"https:\/\/www.biopap.com\/fr\/wp-json\/wp\/v2\/pages\/7985"}],"collection":[{"href":"https:\/\/www.biopap.com\/fr\/wp-json\/wp\/v2\/pages"}],"about":[{"href":"https:\/\/www.biopap.com\/fr\/wp-json\/wp\/v2\/types\/page"}],"author":[{"embeddable":true,"href":"https:\/\/www.biopap.com\/fr\/wp-json\/wp\/v2\/users\/1"}],"replies":[{"embeddable":true,"href":"https:\/\/www.biopap.com\/fr\/wp-json\/wp\/v2\/comments?post=7985"}],"version-history":[{"count":3,"href":"https:\/\/www.biopap.com\/fr\/wp-json\/wp\/v2\/pages\/7985\/revisions"}],"predecessor-version":[{"id":10493,"href":"https:\/\/www.biopap.com\/fr\/wp-json\/wp\/v2\/pages\/7985\/revisions\/10493"}],"up":[{"embeddable":true,"href":"https:\/\/www.biopap.com\/fr\/wp-json\/wp\/v2\/pages\/7722"}],"wp:attachment":[{"href":"https:\/\/www.biopap.com\/fr\/wp-json\/wp\/v2\/media?parent=7985"}],"curies":[{"name":"wp","href":"https:\/\/api.w.org\/{rel}","templated":true}]}}