{"id":7991,"date":"2016-03-11T16:28:28","date_gmt":"2016-03-11T16:28:28","guid":{"rendered":"https:\/\/www.biopap.com\/applicazioni\/contenitori-biopap-per-la-preparazione-di-piatti-pronti-freschi-in-atm\/"},"modified":"2020-12-22T16:18:27","modified_gmt":"2020-12-22T16:18:27","slug":"contenitori-biopap-per-la-preparazione-di-piatti-pronti-freschi-in-atm","status":"publish","type":"page","link":"https:\/\/www.biopap.com\/fr\/applicazioni\/contenitori-biopap-per-la-preparazione-di-piatti-pronti-freschi-in-atm\/","title":{"rendered":"BARQUETTES BIOPAP\u00ae POUR LA PREPARATION DE PLATS CUISINES SOUS ATMOSPHERE MODIFIEE EN VIDE ET GAZ"},"content":{"rendered":"<p>[vc_row][vc_column][vc_column_text]Les barquettes compostables BIOPAP\u00ae peuvent \u00e9galement \u00eatre utilis\u00e9s pour conditionner des plats cuisin\u00e9s sous atmosph\u00e8re modifi\u00e9e via des flow pack barri\u00e8re. Ce type d&#8217;emballage est souvent utilis\u00e9 dans le comptoir frais en libre-service. Ce syst\u00e8me combin\u00e9 Barquette BIOPAP\u00ae plus poche, permet une dur\u00e9e de vie prolong\u00e9e et une visibilit\u00e9 sur la conservation du produit tout en minimisant la part d\u2019emballage non durable.[\/vc_column_text][\/vc_column][\/vc_row][vc_row][vc_column width=\u00a0\u00bb1\/2&Prime; css=\u00a0\u00bb.vc_custom_1494399899024{margin-right: 0px !important;padding-right: 4px !important;}\u00a0\u00bb][vc_single_image image=\u00a0\u00bb3220&Prime; img_size=\u00a0\u00bbfull\u00a0\u00bb onclick=\u00a0\u00bblink_image\u00a0\u00bb][\/vc_column][vc_column width=\u00a0\u00bb1\/2&Prime; css=\u00a0\u00bb.vc_custom_1494399873126{margin-left: 0px !important;padding-left: 4px !important;}\u00a0\u00bb][vc_single_image image=\u00a0\u00bb3224&Prime; img_size=\u00a0\u00bbfull\u00a0\u00bb onclick=\u00a0\u00bblink_image\u00a0\u00bb][\/vc_column][\/vc_row][vc_row][vc_column][vc_column_text]Une fois le flow pack ouvert, le consommateur peut chauffer ou cuire les aliments directement dans le four, directement dans les barquettes BIOPAP\u00ae sans r\u00e9cipients ou casseroles suppl\u00e9mentaires.[\/vc_column_text][\/vc_column][\/vc_row][vc_row][vc_column width=\u00a0\u00bb1\/3&Prime; css=\u00a0\u00bb.vc_custom_1494399712741{margin-right: 0px !important;padding-right: 0px !important;}\u00a0\u00bb][vc_single_image image=\u00a0\u00bb3228&Prime; img_size=\u00a0\u00bbfull\u00a0\u00bb onclick=\u00a0\u00bblink_image\u00a0\u00bb][\/vc_column][vc_column width=\u00a0\u00bb1\/3&Prime; css=\u00a0\u00bb.vc_custom_1494399826955{margin-right: 0px !important;margin-left: 0px !important;padding-right: 7px !important;padding-left: 7px !important;}\u00a0\u00bb][vc_single_image image=\u00a0\u00bb3232&Prime; img_size=\u00a0\u00bbfull\u00a0\u00bb onclick=\u00a0\u00bblink_image\u00a0\u00bb][\/vc_column][vc_column width=\u00a0\u00bb1\/3&Prime; css=\u00a0\u00bb.vc_custom_1494399807187{margin-left: 0px !important;padding-left: 0px !important;}\u00a0\u00bb][vc_single_image image=\u00a0\u00bb3236&Prime; img_size=\u00a0\u00bbfull\u00a0\u00bb onclick=\u00a0\u00bblink_image\u00a0\u00bb][\/vc_column][\/vc_row][vc_row][vc_column][vc_column_text]<strong>Les avantages de BIOPAP\u00ae:<\/strong><\/p>\n<ul>\n<li>Forte diff\u00e9rentiation par l\u2019emballage\u00a0;<\/li>\n<li>Coh\u00e9rence contenu-contenant;<\/li>\n<li>Valorisation des fili\u00e8res agricoles Bio et certifi\u00e9es<\/li>\n<li>Utilisation de mati\u00e8res premi\u00e8res renouvelables issues de for\u00eats europ\u00e9ennes certifi\u00e9es respectueuses de la biodiversit\u00e9 et non intensives (sans engrais chimiques ou pesticides), ce qui entra\u00eene une diminution de la d\u00e9pendance vis-\u00e0-vis de sources non renouvelables (par exemple le p\u00e9trole)<\/li>\n<li>Fili\u00e8re et fabrication europ\u00e9enne<\/li>\n<li>Sensibilisation et participation des utilisateurs aux th\u00e8mes de la durabilit\u00e9 et de l\u2019environnement<\/li>\n<li>Facilit\u00e9 pour les consommateurs dans le traitement des d\u00e9chets\u00a0: les barquettes propres peuvent \u00eatre recycl\u00e9es comme papier (circularit\u00e9). Les barquettes souill\u00e9es peuvent \u00eatre jet\u00e9es avec les ordures humides pour le compostage (circularit\u00e9 biologique).<\/li>\n<li>Grande surface de communication imprimable<\/li>\n<li>D\u00e9cong\u00e9lation et remise en temp\u00e9rature dans tout type de four micro-onde et traditionnel<\/li>\n<li>Utilisables avec les m\u00eames machines de vide et gaz que pour les barquettes traditionnelles;<\/li>\n<\/ul>\n<p>[\/vc_column_text][\/vc_column][\/vc_row]<\/p>\n","protected":false},"excerpt":{"rendered":"<p>[vc_row][vc_column][vc_column_text]Les barquettes compostables BIOPAP\u00ae peuvent \u00e9galement \u00eatre utilis\u00e9s pour conditionner des plats cuisin\u00e9s sous atmosph\u00e8re modifi\u00e9e via des flow pack&#8230;<\/p>\n","protected":false},"author":1,"featured_media":0,"parent":7722,"menu_order":0,"comment_status":"closed","ping_status":"closed","template":"","meta":[],"_links":{"self":[{"href":"https:\/\/www.biopap.com\/fr\/wp-json\/wp\/v2\/pages\/7991"}],"collection":[{"href":"https:\/\/www.biopap.com\/fr\/wp-json\/wp\/v2\/pages"}],"about":[{"href":"https:\/\/www.biopap.com\/fr\/wp-json\/wp\/v2\/types\/page"}],"author":[{"embeddable":true,"href":"https:\/\/www.biopap.com\/fr\/wp-json\/wp\/v2\/users\/1"}],"replies":[{"embeddable":true,"href":"https:\/\/www.biopap.com\/fr\/wp-json\/wp\/v2\/comments?post=7991"}],"version-history":[{"count":2,"href":"https:\/\/www.biopap.com\/fr\/wp-json\/wp\/v2\/pages\/7991\/revisions"}],"predecessor-version":[{"id":7993,"href":"https:\/\/www.biopap.com\/fr\/wp-json\/wp\/v2\/pages\/7991\/revisions\/7993"}],"up":[{"embeddable":true,"href":"https:\/\/www.biopap.com\/fr\/wp-json\/wp\/v2\/pages\/7722"}],"wp:attachment":[{"href":"https:\/\/www.biopap.com\/fr\/wp-json\/wp\/v2\/media?parent=7991"}],"curies":[{"name":"wp","href":"https:\/\/api.w.org\/{rel}","templated":true}]}}