{"id":8228,"date":"2021-03-30T14:22:38","date_gmt":"2021-03-30T14:22:38","guid":{"rendered":"https:\/\/www.biopap.com\/biopap-easy-catering\/"},"modified":"2024-11-19T16:17:41","modified_gmt":"2024-11-19T16:17:41","slug":"biopap-easy-catering","status":"publish","type":"page","link":"https:\/\/www.biopap.com\/fr\/biopap-easy-catering\/","title":{"rendered":"BIOPAP\u00ae Easy-Catering, un pour tous, tous pour un"},"content":{"rendered":"<p>[vc_row 0=\u00a0\u00bb\u00a0\u00bb][vc_column 0=\u00a0\u00bb\u00a0\u00bb][vc_column_text 0=\u00a0\u00bb\u00a0\u00bb]<a href=\"https:\/\/www.biopap.com\/wp-content\/uploads\/2021\/03\/img-Folder-Russo_Tavola-disegno-1.png\" data-rel=\"lightbox-image-0\" data-rl_title=\"\" data-rl_caption=\"\" title=\"\"><img decoding=\"async\" loading=\"lazy\" class=\"alignleft wp-image-8212\" src=\"https:\/\/www.biopap.com\/wp-content\/uploads\/2021\/03\/img-Folder-Russo_Tavola-disegno-1-212x300.png\" alt=\"\" width=\"452\" height=\"640\" srcset=\"https:\/\/www.biopap.com\/wp-content\/uploads\/2021\/03\/img-Folder-Russo_Tavola-disegno-1-212x300.png 212w, https:\/\/www.biopap.com\/wp-content\/uploads\/2021\/03\/img-Folder-Russo_Tavola-disegno-1-768x1086.png 768w, https:\/\/www.biopap.com\/wp-content\/uploads\/2021\/03\/img-Folder-Russo_Tavola-disegno-1-724x1024.png 724w\" sizes=\"(max-width: 452px) 100vw, 452px\" \/><\/a><\/p>\n<p><strong>Les composants du syst\u00e8me sont\u00a0:<\/strong><\/p>\n<p><span lang=\"FR\">1 gabarit de thermoscellage, 5 barquettes BIOPAP\u00ae, une solution compl\u00e8te pour toutes les recettes et compositions de repas en mode durable.<\/span><\/p>\n<p><b><span lang=\"FR\">Le syst\u00e8me BEC\u00a0:<\/span><\/b><\/p>\n<p><span lang=\"FR\">BIOPAP Easy-Catering propose 5 barquettes avec 1 et 2 compartiments, 441 + 654 ml \u00e0 1545 ml, qui peuvent \u00eatre scell\u00e9s avec un film ou un opercule rigide avec un seul moule de thermoscellage. Aucun changement de moule sur la scelleuse ou la ligne de production, c&rsquo;est BIOPAP\u00ae Easy Catering. Vous changez de recette? Changez uniquement la barquette Easy-Catering et poursuivez le scellage. Fini les changements d\u2019outils, tout le temps peut \u00eatre consacr\u00e9 \u00e0 la pr\u00e9paration des repas.<\/span><\/p>\n<p><span style=\"text-decoration: underline;\"><span lang=\"FR\">5 barquettes BIOPAP\u00ae biod\u00e9gradables, compostables et recyclables avec les m\u00eames dimensions ext\u00e9rieures 190 x 247 mm avec 5 options de remplissage \/ contenence:<\/span><\/span><\/p>\n<ul>\n<li>SI 27\u00a0 \u00a0 825 ml<\/li>\n<li>SI 14 \u00a0\u00a0 1240 ml<\/li>\n<li>SI 16\u00a0\u00a0\u00a0 654+441 ml<\/li>\n<li>SI 21\u00a0\u00a0\u00a0 545+545 ml<\/li>\n<li>SI 20 \u00a0\u00a0 1545 ml<\/li>\n<\/ul>\n<p>&nbsp;<\/p>\n<p><strong>\u00a0<\/strong><\/p>\n<p><span lang=\"FR\"><strong>BIOPAP\u00ae Easy Catering est biod\u00e9gradable, compostable, recyclable.<\/strong> Le syst\u00e8me r\u00e9pond aux plus hauts standards en mati\u00e8re d&rsquo;\u00e9conomie circulaire, avec des mati\u00e8res premi\u00e8res issues de for\u00eats europ\u00e9ennes certifi\u00e9es, avec un processus de production \u00e0 faible impact environnemental et la meilleure gestion des d\u00e9chets en fin de vie:<\/span><\/p>\n<ul>\n<li><span lang=\"FR\">Compostable avec des d\u00e9chets alimentaires en compostage industriel selon EN 13432 certifi\u00e9 CIC<\/span><\/li>\n<li><span lang=\"FR\">Compostable en compostage domestique avec d&rsquo;autres d\u00e9chets de cuisine certifi\u00e9 OK COMPOST Home.<\/span><\/li>\n<li><span lang=\"FR\">Convient \u00e0 la digestion ana\u00e9robie pour la production de bio-m\u00e9thane<\/span><\/li>\n<li><span lang=\"FR\">Recyclable avec du papier de classification A selon Aticelca MC 501-2017 UNI.<\/span><\/li>\n<\/ul>\n<p><strong>\u00a0<\/strong><\/p>\n<p><strong>BIOPAP\u00ae Easy Catering peut \u00eatre thermoscell\u00e9 avec des machines frontales \u00e9lectriques<\/strong> ou pneumatiques ou avec des lignes de thermoscellage professionnelles pneumatiques, hydrauliques ou servo-assist\u00e9es \u00e0 la fois avec film et couvercles rigides.\u00a0Les barquettes BIOPAP\u00ae Easy Catering peuvent \u00eatre congel\u00e9es jusqu&rsquo;\u00e0 -80 \u00b0 C dans des tunnels d&rsquo;azote liquide sans devenir cassantes, stock\u00e9es de -35 \u00b0 C \u00e0 + 5 \u00b0 C et chauff\u00e9es ou cuites jusqu&rsquo;\u00e0 175 \u00b0 C dans des fours traditionnels ou des fours \u00e0 micro-ondes.\u00a0BIOPAP\u00ae Easy Catering peut \u00eatre thermoscell\u00e9 avec l\u2019opercule rigide Easy-Open MT pour offrir une r\u00e9sistance in\u00e9gal\u00e9e pendant le transport et la manipulation dans le restaurant, il dispose \u00e9galement de:<\/p>\n<ul>\n<li>Vannes de d\u00e9gagement de la vapeur automatiques pour la remise en temp\u00e9rature (pour am\u00e9liorer l\u2019hygi\u00e8ne et \u00e9viter les temps suppl\u00e9mentaires et la manipulation par le personnel de service)<\/li>\n<li>Ouvertures diff\u00e9renci\u00e9es pour permettre une remise en temp\u00e9rature humide ou croquante- fonction d&rsquo;ouverture facile pour l&rsquo;utilisateur final-rigidit\u00e9 exceptionnelle dans l&rsquo;utilisation de la barquette pour la s\u00e9curit\u00e9 des op\u00e9rateurs de cuisine et pour le confort du consommateur.<\/li>\n<\/ul>\n<p>[\/vc_column_text][vc_separator 0=\u00a0\u00bb\u00a0\u00bb][vc_row_inner 0=\u00a0\u00bb\u00a0\u00bb][vc_column_inner 0=\u00a0\u00bb\u00a0\u00bb][\/vc_column_inner][\/vc_row_inner][vc_gallery type=\u00a0\u00bbimage_grid\u00a0\u00bb images=\u00a0\u00bb9678,9674,9682&Prime; onclick=\u00a0\u00bbimg_link_large\u00a0\u00bb][vc_separator 0=\u00a0\u00bb\u00a0\u00bb][\/vc_column][\/vc_row][vc_row 0=\u00a0\u00bb\u00a0\u00bb][vc_column width=\u00a0\u00bb1\/2&Prime;][vc_single_image image=\u00a0\u00bb8317&Prime;][vc_btn title=\u00a0\u00bbT\u00e9l\u00e9charger la pr\u00e9sentation du syst\u00e8me Easy-Catering\u00a0\u00bb color=\u00a0\u00bbsuccess\u00a0\u00bb link=\u00a0\u00bburl:https%3A%2F%2Fwww.biopap.com%2Fwp-content%2Fuploads%2F2021%2F05%2FPres.-BIOPAP-%C2%AE-Easy-Catering-INGLESE.pdf|||\u00a0\u00bb][\/vc_column][vc_column width=\u00a0\u00bb1\/2&Prime;][\/vc_column][\/vc_row][vc_row 0=\u00a0\u00bb\u00a0\u00bb][vc_column 0=\u00a0\u00bb\u00a0\u00bb][vc_separator 0=\u00a0\u00bb\u00a0\u00bb][vc_video link=\u00a0\u00bbhttps:\/\/tube.whiteready.com\/w\/4NY9qUa8YJ11bVByhrKdY5&Prime;][\/vc_column][\/vc_row]<\/p>\n","protected":false},"excerpt":{"rendered":"<p>[vc_row 0=\u00a0\u00bb\u00a0\u00bb][vc_column 0=\u00a0\u00bb\u00a0\u00bb][vc_column_text 0=\u00a0\u00bb\u00a0\u00bb] Les composants du syst\u00e8me sont\u00a0: 1 gabarit de thermoscellage, 5 barquettes BIOPAP\u00ae, une solution compl\u00e8te pour&#8230;<\/p>\n","protected":false},"author":4,"featured_media":0,"parent":0,"menu_order":0,"comment_status":"closed","ping_status":"closed","template":"","meta":[],"_links":{"self":[{"href":"https:\/\/www.biopap.com\/fr\/wp-json\/wp\/v2\/pages\/8228"}],"collection":[{"href":"https:\/\/www.biopap.com\/fr\/wp-json\/wp\/v2\/pages"}],"about":[{"href":"https:\/\/www.biopap.com\/fr\/wp-json\/wp\/v2\/types\/page"}],"author":[{"embeddable":true,"href":"https:\/\/www.biopap.com\/fr\/wp-json\/wp\/v2\/users\/4"}],"replies":[{"embeddable":true,"href":"https:\/\/www.biopap.com\/fr\/wp-json\/wp\/v2\/comments?post=8228"}],"version-history":[{"count":12,"href":"https:\/\/www.biopap.com\/fr\/wp-json\/wp\/v2\/pages\/8228\/revisions"}],"predecessor-version":[{"id":13454,"href":"https:\/\/www.biopap.com\/fr\/wp-json\/wp\/v2\/pages\/8228\/revisions\/13454"}],"wp:attachment":[{"href":"https:\/\/www.biopap.com\/fr\/wp-json\/wp\/v2\/media?parent=8228"}],"curies":[{"name":"wp","href":"https:\/\/api.w.org\/{rel}","templated":true}]}}