{"id":8910,"date":"2021-09-09T13:31:46","date_gmt":"2021-09-09T13:31:46","guid":{"rendered":"https:\/\/www.biopap.com\/le-ricette-nelle-ciotole-biodegradabili-compostabili-e-riciclabili-biopap-lb-04-lc\/"},"modified":"2021-10-15T15:41:14","modified_gmt":"2021-10-15T15:41:14","slug":"le-ricette-nelle-ciotole-biodegradabili-compostabili-e-riciclabili-biopap-lb-04-lc","status":"publish","type":"page","link":"https:\/\/www.biopap.com\/fr\/le-ricette-nelle-ciotole-biodegradabili-compostabili-e-riciclabili-biopap-lb-04-lc\/","title":{"rendered":"BOLS BIOPAP\u00ae: LA SOLUTION COMPOSTABLE POUR CREER DE NOUVELLES RECETTES"},"content":{"rendered":"<p>Non seulement des saldes. Les bols BIOPAP\u00ae\u00a0LB-04 sont pratiques pour toutes le Nouvelles tendences, les poke des hawai, les recettes gourmets jusqu\u2019aux c\u00e9ations du chef Valerio Braschi.<br \/>\n<a href=\"https:\/\/www.biopap.com\/wp-content\/uploads\/2021\/09\/vaschette-biopap-lb-04-compostabili-ciotole-cibo-gourmet.jpg\" data-rel=\"lightbox-image-0\" data-rl_title=\"\" data-rl_caption=\"\" title=\"\"><img decoding=\"async\" loading=\"lazy\" class=\"alignleft wp-image-8803\" src=\"https:\/\/www.biopap.com\/wp-content\/uploads\/2021\/09\/vaschette-biopap-lb-04-compostabili-ciotole-cibo-gourmet-300x200.jpg\" alt=\"\" width=\"1043\" height=\"695\" srcset=\"https:\/\/www.biopap.com\/wp-content\/uploads\/2021\/09\/vaschette-biopap-lb-04-compostabili-ciotole-cibo-gourmet-300x200.jpg 300w, https:\/\/www.biopap.com\/wp-content\/uploads\/2021\/09\/vaschette-biopap-lb-04-compostabili-ciotole-cibo-gourmet-768x513.jpg 768w\" sizes=\"(max-width: 1043px) 100vw, 1043px\" \/><\/a><\/p>\n<p><a href=\"https:\/\/www.biopap.com\/wp-content\/uploads\/2021\/09\/vaschetta-biopap-LB-04-compostabile-ciotola-cibo-gourmet.jpg\" data-rel=\"lightbox-image-1\" data-rl_title=\"\" data-rl_caption=\"\" title=\"\"><img decoding=\"async\" loading=\"lazy\" class=\"alignnone wp-image-8807\" src=\"https:\/\/www.biopap.com\/wp-content\/uploads\/2021\/09\/vaschetta-biopap-LB-04-compostabile-ciotola-cibo-gourmet-300x200.jpg\" alt=\"\" width=\"1044\" height=\"696\" srcset=\"https:\/\/www.biopap.com\/wp-content\/uploads\/2021\/09\/vaschetta-biopap-LB-04-compostabile-ciotola-cibo-gourmet-300x200.jpg 300w, https:\/\/www.biopap.com\/wp-content\/uploads\/2021\/09\/vaschetta-biopap-LB-04-compostabile-ciotola-cibo-gourmet-768x512.jpg 768w, https:\/\/www.biopap.com\/wp-content\/uploads\/2021\/09\/vaschetta-biopap-LB-04-compostabile-ciotola-cibo-gourmet-1024x683.jpg 1024w, https:\/\/www.biopap.com\/wp-content\/uploads\/2021\/09\/vaschetta-biopap-LB-04-compostabile-ciotola-cibo-gourmet.jpg 2048w\" sizes=\"(max-width: 1044px) 100vw, 1044px\" \/><\/a><\/p>\n<p>Les bols biod\u00e9gradables, compostables, recyclables BIOPAP\u00ae sont thermscellables et donc parfaitement hygi\u00e9niques pour le consommateur.<\/p>\n<p>Les bols alimentaires LB-04 font partie de la gamme BIOPAP\u00ae LC, ils sont polyvalents et pratiques et peuvent \u00e9galement utiliser les m\u00eames syst\u00e8mes d\u2019operculages du syst\u00e8me EASY CATERING. Les principaux secteurs d&rsquo;utilisation sont les suivants : la livraison de plats chauds et froids, l&rsquo;industrie agroalimentaire des plats cuisin\u00e9s, la vente \u00e0 emporter, les plat cuisin\u00e9s surgel\u00e9s et la restauration collective.<\/p>\n<p>Les bols BIOPAP\u00ae LB-04 LC sont issus de mati\u00e8res premi\u00e8res renouvelables, non agricoles et non intensives. Ils sont certifi\u00e9s selon la norme UNI EN 13432:2002 comme biod\u00e9gradables et compostables en compost industriel. Ils sont \u00e9galement certifi\u00e9s OK Compost Home, ce qui garantit le compostage dans le composteur domestique.<\/p>\n<p>Apr\u00e8s utilisation, ils peuvent \u00eatre recycl\u00e9s dans la fili\u00e8re du papier (Recyclable en Classe A), si correctement nettoy\u00e9s des r\u00e9sidus alimentaires, soit jet\u00e9s avec les r\u00e9sidus alimentaires humides pour \u00eatre envoy\u00e9s en compostage et revenir en agriculture.<\/p>\n<p>Choisir les produits BIOPAP\u00ae n&rsquo;est pas seulement un outil de forte diff\u00e9renciation et de service pour les consommateurs mais aussi un choix en faveur du d\u00e9veloppement durable.<\/p>\n<p><a href=\"https:\/\/www.biopap.com\/wp-content\/uploads\/2021\/04\/Senza-titolo.png\" data-rel=\"lightbox-image-2\" data-rl_title=\"\" data-rl_caption=\"\" title=\"\"><img decoding=\"async\" loading=\"lazy\" class=\"alignnone wp-image-8376\" src=\"https:\/\/www.biopap.com\/wp-content\/uploads\/2021\/04\/Senza-titolo-300x300.png\" alt=\"\" width=\"1011\" height=\"1011\" srcset=\"https:\/\/www.biopap.com\/wp-content\/uploads\/2021\/04\/Senza-titolo-300x300.png 300w, https:\/\/www.biopap.com\/wp-content\/uploads\/2021\/04\/Senza-titolo-150x150.png 150w, https:\/\/www.biopap.com\/wp-content\/uploads\/2021\/04\/Senza-titolo-768x768.png 768w, https:\/\/www.biopap.com\/wp-content\/uploads\/2021\/04\/Senza-titolo-100x100.png 100w, https:\/\/www.biopap.com\/wp-content\/uploads\/2021\/04\/Senza-titolo-40x40.png 40w, https:\/\/www.biopap.com\/wp-content\/uploads\/2021\/04\/Senza-titolo.png 1004w\" sizes=\"(max-width: 1011px) 100vw, 1011px\" \/><\/a><\/p>\n","protected":false},"excerpt":{"rendered":"<p>Non seulement des saldes. Les bols BIOPAP\u00ae\u00a0LB-04 sont pratiques pour toutes le Nouvelles tendences, les poke des hawai, les recettes&#8230;<\/p>\n","protected":false},"author":4,"featured_media":0,"parent":0,"menu_order":0,"comment_status":"closed","ping_status":"closed","template":"","meta":[],"_links":{"self":[{"href":"https:\/\/www.biopap.com\/fr\/wp-json\/wp\/v2\/pages\/8910"}],"collection":[{"href":"https:\/\/www.biopap.com\/fr\/wp-json\/wp\/v2\/pages"}],"about":[{"href":"https:\/\/www.biopap.com\/fr\/wp-json\/wp\/v2\/types\/page"}],"author":[{"embeddable":true,"href":"https:\/\/www.biopap.com\/fr\/wp-json\/wp\/v2\/users\/4"}],"replies":[{"embeddable":true,"href":"https:\/\/www.biopap.com\/fr\/wp-json\/wp\/v2\/comments?post=8910"}],"version-history":[{"count":2,"href":"https:\/\/www.biopap.com\/fr\/wp-json\/wp\/v2\/pages\/8910\/revisions"}],"predecessor-version":[{"id":8912,"href":"https:\/\/www.biopap.com\/fr\/wp-json\/wp\/v2\/pages\/8910\/revisions\/8912"}],"wp:attachment":[{"href":"https:\/\/www.biopap.com\/fr\/wp-json\/wp\/v2\/media?parent=8910"}],"curies":[{"name":"wp","href":"https:\/\/api.w.org\/{rel}","templated":true}]}}