{"id":9954,"date":"2022-11-13T21:10:31","date_gmt":"2022-11-13T21:10:31","guid":{"rendered":"https:\/\/www.biopap.com\/?page_id=9954\/"},"modified":"2024-09-24T12:10:47","modified_gmt":"2024-09-24T12:10:47","slug":"biopap-map","status":"publish","type":"page","link":"https:\/\/www.biopap.com\/fr\/biopap-map\/","title":{"rendered":"BIOPAP\u00ae MAP"},"content":{"rendered":"<p>[vc_row 0=\u00a0\u00bb\u00a0\u00bb][vc_column][vc_column_text 0=\u00a0\u00bb\u00a0\u00bb]<\/p>\n<h1 style=\"text-align: left;\"><strong>Innovation mondiale<\/strong><\/h1>\n<h2 style=\"text-align: left;\">Le premier r\u00e9cipient compostable, \u00e0 base de papier, convient pour<br \/>\nconditionnement des aliments dans une atmosph\u00e8re protectrice et r\u00e9sistante de la cong\u00e9lation au<br \/>\nfour traditionnel.<\/h2>\n<p>BIOPAP\u00ae vise toujours \u00e0 \u00eatre \u00e0 l&rsquo;avant-garde du d\u00e9veloppement de solutions durables, des solutions compostables et recyclables pour les emballages alimentaires. Fid\u00e8les \u00e0 notre strat\u00e9gie qui nous positionne en tant que leader international dans l&rsquo;innovation et la production de produits thermoscellables et durables.<br \/>\nNous sommes fiers de vous pr\u00e9senter BIOPAP\u00ae MAP, un r\u00e9cipient alimentaire durable et thermoscellable. Apr\u00e8s 4 ans de recherche et de d\u00e9veloppement intensifs, BIOPAP\u00ae MAP est un v\u00e9ritable \u00e9v\u00e9nement, une nouvelle famille de barquettes alimentaires \u00e0 base de cellulose pour le conditionnement sous atmosph\u00e8re modifi\u00e9e. Une \u00e9tude tenant compte de l&rsquo;ensemble du cycle de vie de l&#8217;emballage a donn\u00e9 lieu \u00e0 un nouveau brevet international\u00a0couvrant le mat\u00e9riau et les r\u00e9cipients qui en sont d\u00e9riv\u00e9s gr\u00e2ce \u00e0 une technologie sp\u00e9ciale.<br \/>\nIl s&rsquo;agit d&rsquo;une innovation mondiale : le premier conteneur \u00e0 base de papier qui peut \u00eatre \u00e9limin\u00e9 avec les d\u00e9chets de l&rsquo;entreprise\u00a0dans le cycle de compostage ou recyclable dans la cha\u00eene du papier si elle n&rsquo;est pas contamin\u00e9e par des aliments, con\u00e7u pour r\u00e9sister \u00e0 des temp\u00e9ratures extr\u00eames de<strong> -80\u00b0C<\/strong> sans se fragiliser et jusqu&rsquo;\u00e0 <strong>+145\u00b0C<\/strong> sans perdre ses propri\u00e9t\u00e9s m\u00e9caniques. Id\u00e9al pour le conditionnement des pr\u00e9parations alimentaires qui peuvent ensuite \u00eatre facilement chauff\u00e9s au four \u00e0 micro-ondes ou au four traditionnel. BIOPAP\u00ae MAP peut \u00eatre mis en contact avec tous les types d&rsquo;aliments, sans restriction pour les aliments acides, mod\u00e9r\u00e9ment acides ou non acides,\u00a0alcoolis\u00e9s ou riches en produits laitiers. Parfaitement thermosoudable avec Films barri\u00e8re compostables innovants \u00e0 base de cellulose, les barquettes alimentaires BIOPAP\u00ae MAP\u00a0offrent des dur\u00e9es de conservation sup\u00e9rieures \u00e0 celles de nombreux conteneurs en plastique mono-mat\u00e9riau et des dur\u00e9es de conservation similaires \u00e0 celles des conteneurs en aluminium ou\u00a0des conteneurs en plastique multicouches qui les emp\u00eachent d&rsquo;\u00eatre recycl\u00e9s. Les propri\u00e9t\u00e9s de barri\u00e8re \u00e9lev\u00e9e de\u00a0BIOPAP\u00ae MAP garantissent des concentrations r\u00e9siduelles d&rsquo;O2 apr\u00e8s 30 jours inf\u00e9rieures \u00e0 1 %, en fonction de l&rsquo;utilisation de l&rsquo;appareil et m\u00eame moins de 0,5%.\u00a0La structure brevet\u00e9e garantit des valeurs de barri\u00e8re \u00e9lev\u00e9es \u00e0 de faibles \u00e9paisseurs, ce qui permet de limiter\u00a0la consommation de pr\u00e9cieuses ressources renouvelables.<\/p>\n<p>La gamme BIOPAP\u00ae MAP permet \u00e9galement l&rsquo;adoption des proc\u00e9d\u00e9s de conservation combin\u00e9s extr\u00eames tels que l&rsquo;IQF et le MAP, qui combinent une cong\u00e9lation rapide et \u00e0 basse temperature afin de conserver le plus possible la structure et les caract\u00e9ristiques organoleptiques des aliments aussi intactes que possible, et atmosph\u00e8re modifi\u00e9e qui r\u00e9duit les processus oxydatifs et des changements de couleurs et d&rsquo;ar\u00f4mes.<\/p>\n<p style=\"text-align: left;\">La combinaison de l&rsquo;IQF et du MAP permettra \u00e0 l&rsquo;Italie et \u00e0 la France d&rsquo;offrir des produits de qualit\u00e9 et de les transporter sur les routes maritimes dans un \u00e9tat de surgelation et une fois d\u00e9congel\u00e9s sur place pour \u00eatre vendus frais avec une r\u00e9serve de dur\u00e9e de vie suppl\u00e9mentaire.<br \/>\nTout cela sans avoir \u00e0 recourir au transport a\u00e9rien, avec une r\u00e9duction consid\u00e9rable des \u00e9missions de CO2. La recherche en BIOPAP\u00ae MAP a voulu donner un coup de pouce suppl\u00e9mentaire \u00e0 l&rsquo;approche de la durabilit\u00e9 de l&rsquo;ensemble de la cha\u00eene alimentaire. Nous offrons \u00e0 l&rsquo;industrie de la pr\u00e9paration des aliments une dur\u00e9e de vie prolong\u00e9e des produits, r\u00e9duisant ainsi le risque d&rsquo;obsolescence et de gaspillage alimentaire, combin\u00e9e \u00e0 des emballages fabriqu\u00e9s \u00e0 partir de mati\u00e8res premi\u00e8res renouvelables, non agricoles et non intensives. Nous int\u00e9grons \u00e9galement dans BIOPAP\u00ae MAP une fin de vie pratique pour les consommateurs et vertueuse pour la communaut\u00e9 en renvoyant des ressources renouvelables \u00e0 l&rsquo;agriculture gr\u00e2ce au cycle de compostage contribuant ainsi \u00e0 une plus grande circularit\u00e9 et \u00e0 une meilleure fertilit\u00e9 des sols.<\/p>\n<p style=\"text-align: left;\">Nous avons initialement d\u00e9clin\u00e9 BIOPAP\u00ae MAP pour<strong> 3 segments principaux<\/strong> :<\/p>\n<p style=\"text-align: left;\">a) Restauration collective avec <strong>BIOPAP\u00ae<\/strong> <strong>MAP 01 <\/strong>\u2013 176 x 180 x H32mm \u2013 602 ml<\/p>\n<p><a href=\"https:\/\/www.biopap.com\/wp-content\/uploads\/2022\/11\/Screenshot_20221109_094824.png\" data-rel=\"lightbox-image-0\" data-rl_title=\"\" data-rl_caption=\"\" title=\"\"><img decoding=\"async\" loading=\"lazy\" class=\"size-medium wp-image-9903 alignnone\" src=\"https:\/\/www.biopap.com\/wp-content\/uploads\/2022\/11\/Screenshot_20221109_094824-300x225.png\" alt=\"\" width=\"300\" height=\"225\" srcset=\"https:\/\/www.biopap.com\/wp-content\/uploads\/2022\/11\/Screenshot_20221109_094824-300x225.png 300w, https:\/\/www.biopap.com\/wp-content\/uploads\/2022\/11\/Screenshot_20221109_094824-768x575.png 768w, https:\/\/www.biopap.com\/wp-content\/uploads\/2022\/11\/Screenshot_20221109_094824.png 803w\" sizes=\"(max-width: 300px) 100vw, 300px\" \/><\/a><\/p>\n<p>&nbsp;<\/p>\n<p style=\"text-align: left;\">b) Le secteur de la charcuterie haut de gamme avec <strong>BIOPAP\u00ae MAP 02 <\/strong>\u2013 227 x 264 x H 18,5mm<\/p>\n<p><a href=\"https:\/\/www.biopap.com\/wp-content\/uploads\/2024\/09\/IMG_4471.jpeg\" data-rel=\"lightbox-image-1\" data-rl_title=\"\" data-rl_caption=\"\" title=\"\"><img decoding=\"async\" loading=\"lazy\" class=\"alignnone wp-image-13169 size-medium\" src=\"https:\/\/www.biopap.com\/wp-content\/uploads\/2024\/09\/IMG_4471-300x225.jpeg\" alt=\"\" width=\"300\" height=\"225\" srcset=\"https:\/\/www.biopap.com\/wp-content\/uploads\/2024\/09\/IMG_4471-300x225.jpeg 300w, https:\/\/www.biopap.com\/wp-content\/uploads\/2024\/09\/IMG_4471-1024x768.jpeg 1024w, https:\/\/www.biopap.com\/wp-content\/uploads\/2024\/09\/IMG_4471-768x576.jpeg 768w, https:\/\/www.biopap.com\/wp-content\/uploads\/2024\/09\/IMG_4471-1536x1152.jpeg 1536w, https:\/\/www.biopap.com\/wp-content\/uploads\/2024\/09\/IMG_4471-2048x1536.jpeg 2048w\" sizes=\"(max-width: 300px) 100vw, 300px\" \/><\/a><\/p>\n<p>&nbsp;<\/p>\n<p style=\"text-align: left;\">c) Le secteur des plats cuisin\u00e9s \u00e0 base de gaz frais avec <strong>BIOPAP\u00ae<\/strong> <strong>MAP 03 <\/strong>\u2013 171 x 225 x H35 \u2013 795 ml<\/p>\n<p><a href=\"https:\/\/www.biopap.com\/wp-content\/uploads\/2022\/11\/Screenshot_20221109_095152.png\" data-rel=\"lightbox-image-2\" data-rl_title=\"\" data-rl_caption=\"\" title=\"\"><img decoding=\"async\" loading=\"lazy\" class=\"alignnone wp-image-9911 size-medium\" src=\"https:\/\/www.biopap.com\/wp-content\/uploads\/2022\/11\/Screenshot_20221109_095152-300x224.png\" alt=\"\" width=\"300\" height=\"224\" srcset=\"https:\/\/www.biopap.com\/wp-content\/uploads\/2022\/11\/Screenshot_20221109_095152-300x224.png 300w, https:\/\/www.biopap.com\/wp-content\/uploads\/2022\/11\/Screenshot_20221109_095152-768x574.png 768w, https:\/\/www.biopap.com\/wp-content\/uploads\/2022\/11\/Screenshot_20221109_095152.png 802w\" sizes=\"(max-width: 300px) 100vw, 300px\" \/><\/a><\/p>\n<p>&nbsp;<\/p>\n<p>Nous nous concentrons en particulier sur le secteur de la restauration scolaire, o\u00f9 les possibilit\u00e9 d&rsquo;am\u00e9liorer la planification de la pr\u00e9paration des aliments, r\u00e9alisable gr\u00e2ce \u00e0 L&rsquo;atmosph\u00e8re modifi\u00e9e peut permettre une r\u00e9duction significative des d\u00e9chets alimentaires et donc une incidence positive sur l&rsquo;impact environnemental et \u00e9galement sur les co\u00fbts de production avec un b\u00e9n\u00e9fice direct pour les communaut\u00e9s locales. En outre, le compostage des r\u00e9sidus alimentaires \u00e0 la fin du service avec les conteneurs enrichit la qualit\u00e9 du compost et permet de le r\u00e9utiliser comme engrais Km0 pour l&rsquo;agriculture p\u00e9riurbaine. Une belle opportunit\u00e9 de circularit\u00e9 pour toutes les villes vertueuses qui souhaitent r\u00e9duire l&rsquo;utilisation des engrais chimiques dans l&rsquo;agriculture p\u00e9riurbaine et contribuer \u00e9galement \u00e0 l&rsquo;att\u00e9nuation du changement climatique.<\/p>\n<h3 style=\"text-align: center;\"><\/h3>\n<h3 style=\"text-align: left;\"><strong>BIOPAP\u00ae MAP,<br \/>\nl&rsquo;alternative renouvelable \u00e0 base de cellulose pour l&#8217;emballage alimentaire en atmosph\u00e8re modifi\u00e9e avec une barri\u00e8re \u00e0 l&rsquo;oxyg\u00e8ne tr\u00e8s \u00e9lev\u00e9e et parfaitement compostable.<\/strong><\/h3>\n<p><a href=\"https:\/\/www.biopap.com\/wp-content\/uploads\/2023\/05\/SCHEMA-PAGINA-11-FR_2023-vaschetta-new_Tavola-disegno-1.jpeg\" data-rel=\"lightbox-image-3\" data-rl_title=\"\" data-rl_caption=\"\" title=\"\"><img decoding=\"async\" loading=\"lazy\" class=\"alignnone wp-image-10605 size-large\" src=\"https:\/\/www.biopap.com\/wp-content\/uploads\/2023\/05\/SCHEMA-PAGINA-11-FR_2023-vaschetta-new_Tavola-disegno-1-1024x688.jpeg\" alt=\"\" width=\"1024\" height=\"688\" srcset=\"https:\/\/www.biopap.com\/wp-content\/uploads\/2023\/05\/SCHEMA-PAGINA-11-FR_2023-vaschetta-new_Tavola-disegno-1-1024x688.jpeg 1024w, https:\/\/www.biopap.com\/wp-content\/uploads\/2023\/05\/SCHEMA-PAGINA-11-FR_2023-vaschetta-new_Tavola-disegno-1-300x202.jpeg 300w, https:\/\/www.biopap.com\/wp-content\/uploads\/2023\/05\/SCHEMA-PAGINA-11-FR_2023-vaschetta-new_Tavola-disegno-1-768x516.jpeg 768w, https:\/\/www.biopap.com\/wp-content\/uploads\/2023\/05\/SCHEMA-PAGINA-11-FR_2023-vaschetta-new_Tavola-disegno-1.jpeg 1280w\" sizes=\"(max-width: 1024px) 100vw, 1024px\" \/><\/a><\/p>\n<p>&nbsp;<\/p>\n<ul>\n<li><strong>Unique et brevet\u00e9<\/strong><\/li>\n<li><strong>Mati\u00e8res premi\u00e8res continentales renouvelables<\/strong><\/li>\n<li><strong>L\u00e9ger, il r\u00e9duit la consommation de ressources<\/strong><\/li>\n<li><strong>Prolonge la dur\u00e9e de conservation des produits et r\u00e9duit les d\u00e9chets alimentaire<\/strong><\/li>\n<li><strong>Barri\u00e8re \u00e0 l&rsquo;oxyg\u00e8ne tr\u00e8s \u00e9lev\u00e9e<\/strong><\/li>\n<li><strong>R\u00e9sistant de -80\u00b0C \u00e0 +145\u00b0C<\/strong><\/li>\n<li style=\"text-align: left;\"><strong>Utilisable au four \u00e0 micro-ondes et au four traditionnel<\/strong><\/li>\n<li><strong>Biod\u00e9gradable et compostable EN 13432<\/strong><\/li>\n<li><strong>Recyclable en papier Aticelca Classe B<\/strong><\/li>\n<li><strong>Parfaitement imprimable \u00e0 l&rsquo;ext\u00e9rieur pour une excellente communication et loyaut\u00e9<\/strong><\/li>\n<li><strong>Tr\u00e8s agr\u00e9able au touche<\/strong><\/li>\n<li><strong>Fonctionnel et facile \u00e0 \u00e9liminer<\/strong><\/li>\n<\/ul>\n<p>[\/vc_column_text][\/vc_column][\/vc_row][vc_row][vc_column][vc_separator][\/vc_column][\/vc_row][vc_row][vc_column][vc_gallery type=\u00a0\u00bbimage_grid\u00a0\u00bb images=\u00a0\u00bb10024,10020,10016,9929,9925,9921,10164,10168,10173&Prime;][\/vc_column][\/vc_row]<\/p>\n","protected":false},"excerpt":{"rendered":"<p>[vc_row 0=\u00a0\u00bb\u00a0\u00bb][vc_column][vc_column_text 0=\u00a0\u00bb\u00a0\u00bb] Innovation mondiale Le premier r\u00e9cipient compostable, \u00e0 base de papier, convient pour conditionnement des aliments dans une&#8230;<\/p>\n","protected":false},"author":4,"featured_media":0,"parent":0,"menu_order":0,"comment_status":"closed","ping_status":"closed","template":"","meta":[],"_links":{"self":[{"href":"https:\/\/www.biopap.com\/fr\/wp-json\/wp\/v2\/pages\/9954"}],"collection":[{"href":"https:\/\/www.biopap.com\/fr\/wp-json\/wp\/v2\/pages"}],"about":[{"href":"https:\/\/www.biopap.com\/fr\/wp-json\/wp\/v2\/types\/page"}],"author":[{"embeddable":true,"href":"https:\/\/www.biopap.com\/fr\/wp-json\/wp\/v2\/users\/4"}],"replies":[{"embeddable":true,"href":"https:\/\/www.biopap.com\/fr\/wp-json\/wp\/v2\/comments?post=9954"}],"version-history":[{"count":18,"href":"https:\/\/www.biopap.com\/fr\/wp-json\/wp\/v2\/pages\/9954\/revisions"}],"predecessor-version":[{"id":13173,"href":"https:\/\/www.biopap.com\/fr\/wp-json\/wp\/v2\/pages\/9954\/revisions\/13173"}],"wp:attachment":[{"href":"https:\/\/www.biopap.com\/fr\/wp-json\/wp\/v2\/media?parent=9954"}],"curies":[{"name":"wp","href":"https:\/\/api.w.org\/{rel}","templated":true}]}}